{"id":56966,"date":"2024-06-30T18:38:56","date_gmt":"2024-06-30T17:38:56","guid":{"rendered":"https:\/\/urbex.direct\/?post_type=product&#038;p=56966"},"modified":"2025-05-22T18:03:12","modified_gmt":"2025-05-22T17:03:12","slug":"urbex-karte-italien-veneto-trentino-sudtirol-und-friuli-venezia-giulia-1-jahr-zugang","status":"publish","type":"product","link":"https:\/\/urbex.direct\/de\/product\/urbex-map-italy-veneto-trentino-south-tyrol-and-friuli-venezia-giulia-1-year-access\/","title":{"rendered":"Urbex Karte Italien: Venetien, Trentino-S\u00fcdtirol und Friaul-Julisch Venetien (1 oder 2 Jahre Zugang)"},"content":{"rendered":"<p>Diese Karte enth\u00e4lt die folgenden Orte: <ul><li>Antenne der F1<\/li><li>Ristorante dell'aereo<\/li><li>Villa Miari<\/li><li>Isola del Veneto<\/li><li>Discoteca Miro<\/li><li>Villa della Contessa Impazzita<\/li><li>Alter Lancia<\/li><li>Discoteca Madruga<\/li><li>Villa Cabia<\/li><li>Chiessetta Nobiliare<\/li><li>Kurhotel<\/li><li>Chiesa O<\/li><li>Haus Alice \/ Haus Diane<\/li><li>Centro commerciale Esso<\/li><li>Villa Alfred Ogwang<\/li><li>Teatro Evoluzione<\/li><li>Palazzo a Sorpresa<\/li><li>Albergo Simpson<\/li><li>Hippie-Camp<\/li><li>Asyl-Granzette<\/li><li>Forti-Fabrik<\/li><li>Stoccaggio Alibaba<\/li><li>Fabbrica-citt\u00e0<\/li><li>Basis missilistica<\/li><li>Il grande albergo ricco<\/li><li>Hotel Cristallo<\/li><li>Villa Astronomica<\/li><li>Casa con balcone<\/li><li>Il Monastero Solare (Das Sonnenkloster)<\/li><li>Auto-Kuppel<\/li><li>Vita di un monaco<\/li><li>Maison De L'Impagliatore<\/li><li>Base del ladro<\/li><li>Die Fabrikation von Zinnen<\/li><li>Fabbrica s<\/li><li>Villa Nebbiosa<\/li><li>Antica Chiesa Di San Marziala<\/li><li>Casa Malcazine<\/li><li>Villa Reliquia<\/li><li>Cappella nella foresta \/ Cappella Bianchi<\/li><li>Fabrik Branco<\/li><li>Ospedale Al Mare<\/li><li>Die K\u00f6nigin des Meeres<\/li><li>Il campo proibito<\/li><li>Fall Nosedo<\/li><li>Villa Castelnuovo<\/li><li>Soziale Kantinenfabrik<\/li><li>Verlassenes Pulvermagazin<\/li><li>Schloss Ghostories<\/li><li>Kinderheim<\/li><li>Kloster Santa Croce<\/li><li>Stabilimento Alluminio<\/li><li>Albergo Montano<\/li><li>Albergo scomunicato<\/li><li>Bagni a tre Cime<\/li><li>Der Gigant der B\u00f6cke<\/li><li>La casa divina<\/li><li>La fabbrica di salsicce<\/li><li>Casa Petrol<\/li><li>Hotel Maria Auxi<\/li><li>3 Kiste sulla roccia<\/li><li>NATO-Seilbahnstation<\/li><li>Villa Gemona<\/li><li>Cacciatori delle Alpi<\/li><li>Sorelle in Miseria<\/li><li>Haus Ikonik<\/li><li>Bellezza industriale<\/li><li>Chiesa mani di Dio<\/li><\/ul><br><\/p>","protected":false},"excerpt":{"rendered":"<p>Auf dieser urbex-Karte finden Sie alle Standorte der urbanen Erkundung (urbex) in <strong>Italien<\/strong><strong>Venetien, Trentino-S\u00fcdtirol und Friaul-Julisch-Venetien<\/strong><strong>.<\/strong> <\/p>\n<p>Diese Karte der verlorenen Orte wird f\u00fcr mindestens 365 Tage nach dem Kauf aktualisiert und zug\u00e4nglich bleiben. Diese Karte enth\u00e4lt derzeit 68 der einzigartigsten urbanen Erkundungsorte in Italien, Venetien, Trentino-S\u00fcdtirol und Friaul-Julisch Venetien und ist von \u00fcberall aus mit unserer einfach zu bedienenden Karte zug\u00e4nglich<strong>. <\/strong><strong><\/p>\n<p>Wenn Sie dieses Paket bereits besitzen, k\u00f6nnen Sie es \u00fcber <\/strong><a href=\"\/de\/mein-account\/mitgliederbereich\/43905\/inhalt-meiner-mitgliedschaft\/\"><strong>Meine Karten &gt; Ansicht.<\/strong><\/a> <\/p>\n<p><a href=\"#tab-description\">Liste aller Urbex-Standorte auf dieser Karte.<\/a><\/p>","protected":false},"featured_media":56990,"template":"","meta":[],"product_brand":[],"product_cat":[1360,243,322,1137,251,313],"product_tag":[],"class_list":{"0":"post-56966","1":"product","2":"type-product","3":"status-publish","4":"has-post-thumbnail","6":"product_cat-friuli-venezia-giulia","7":"product_cat-italy","8":"product_cat-location-packs","9":"product_cat-maps-italy","10":"product_cat-trentino-south-tyrol","11":"product_cat-veneto-2","13":"first","14":"instock","15":"taxable","16":"shipping-taxable","17":"purchasable","18":"product-type-variable"},"jetpack_sharing_enabled":true,"_links":{"self":[{"href":"https:\/\/urbex.direct\/de\/wp-json\/wp\/v2\/product\/56966","targetHints":{"allow":["GET"]}}],"collection":[{"href":"https:\/\/urbex.direct\/de\/wp-json\/wp\/v2\/product"}],"about":[{"href":"https:\/\/urbex.direct\/de\/wp-json\/wp\/v2\/types\/product"}],"wp:featuredmedia":[{"embeddable":true,"href":"https:\/\/urbex.direct\/de\/wp-json\/wp\/v2\/media\/56990"}],"wp:attachment":[{"href":"https:\/\/urbex.direct\/de\/wp-json\/wp\/v2\/media?parent=56966"}],"wp:term":[{"taxonomy":"product_brand","embeddable":true,"href":"https:\/\/urbex.direct\/de\/wp-json\/wp\/v2\/product_brand?post=56966"},{"taxonomy":"product_cat","embeddable":true,"href":"https:\/\/urbex.direct\/de\/wp-json\/wp\/v2\/product_cat?post=56966"},{"taxonomy":"product_tag","embeddable":true,"href":"https:\/\/urbex.direct\/de\/wp-json\/wp\/v2\/product_tag?post=56966"}],"curies":[{"name":"wp","href":"https:\/\/api.w.org\/{rel}","templated":true}]}}