{"id":56964,"date":"2024-06-30T18:35:05","date_gmt":"2024-06-30T17:35:05","guid":{"rendered":"https:\/\/urbex.direct\/?post_type=product&#038;p=56964"},"modified":"2025-05-22T17:55:17","modified_gmt":"2025-05-22T16:55:17","slug":"urbex-karte-italien-piemont-ligurien-und-aosta-tal-1-jahr-zugang","status":"publish","type":"product","link":"https:\/\/urbex.direct\/de\/product\/urbex-map-italy-piedmont-liguria-and-aosta-valley-1-year-access\/","title":{"rendered":"Urbex Karte Italien: Piemont, Ligurien und Aostatal (Zugang f\u00fcr 1 oder 2 Jahre)"},"content":{"rendered":"<p>Diese Karte enth\u00e4lt die folgenden Orte: <ul><li>Fabrik Xi'an<\/li><li>Dunkle Schule der Musik<\/li><li>Discoteca Divina<\/li><li>Manicomio di Racconigi<\/li><li>Ospedale Bargnetta \/ La Bertagnetta<\/li><li>Asyl V<\/li><li>Villa Trendy<\/li><li>Villa Luciano<\/li><li>Ultimo Impero<\/li><li>Istituto Giuseppini<\/li><li>Ospedale della Croce Rossa<\/li><li>Monastry MG<\/li><li>Villa Sottos<\/li><li>Schloss Novi<\/li><li>Villa Dante<\/li><li>Chiesa CM<\/li><li>Villa Margherita<\/li><li>Das Schloss von Savi<\/li><li>Villa Corinna<\/li><li>Villa Melano<\/li><li>Fabbrica Fantasia<\/li><li>Villa Martiri<\/li><li>Orfanotrofio S<\/li><li>Camillio Verlorenes Dorf<\/li><li>Castello Di V<\/li><li>Rovina Nella Foresta<\/li><li>Villa Albero delle Scimmie<\/li><li>Villa Abbettere<\/li><li>Fabbrica Grande e Vuoto<\/li><li>Haus Frazione<\/li><li>Villa Lm<\/li><li>Distributore di benzina abbandonato<\/li><li>Fabbrica T<\/li><li>Fabbrica Angolo<\/li><li>Chiesa Madrina<\/li><li>Farben Fabrik<\/li><li>Chiesa SC<\/li><li>La Furnasetta<\/li><li>Palazzo L<\/li><li>Passo Dopo Passo<\/li><li>Orientalischer Edelsteinpalast<\/li><li>Das Schloss von L<\/li><li>Ektoplasma<\/li><li>Villa Becker<\/li><li>Das Schloss von Re Claudio<\/li><li>Ospedale Pronto Scorsso<\/li><li>Villa Conchiglia<\/li><li>Kino Enal<\/li><li>Wallfahrtsort Bertha Gifford<\/li><li>Villa Donato Bilancia<\/li><li>Schloss Mirafiori \/ Schloss del Drosso<\/li><li>Villa Grazia<\/li><li>Globus Schule<\/li><li>Vorbeugende Ma\u00dfnahmen f\u00fcr Kinder<\/li><li>Disco Cesar Palast<\/li><li>Villa Artom<\/li><li>Tofana Schule<\/li><li>Chiesa Bosco<\/li><li>Villa Solita<\/li><li>Villa Flavia<\/li><li>Herrenhaus Duchessa<\/li><li>Casa Nella Foresta<\/li><li>Segreti di Cotone \/ La Filature effiloch\u00e9e \/ La filature arlequine<\/li><li>Palazzo Sciure \/ Il Sanatorio Maledetto Di Bioglio<\/li><li>Villa Ron<\/li><li>Villa Reis<\/li><li>Casa di Bambola<\/li><li>Casa Baobicala<\/li><li>Villa B<\/li><li>Albergo S<\/li><li>Villa del cacciatore<\/li><li>Haus Vara<\/li><li>Ferme Scina<\/li><li>Produtive Anwendungen<\/li><li>Chiesa Rhogama<\/li><li>Gutsbetrieb Gazzurlo<\/li><li>Der Globe Club<\/li><li>Das 8K-Gut<\/li><li>Diskothek Aphro<\/li><li>La fattoria in montagna<\/li><li>Haus Ast<\/li><li>Der Kirchturm von Pisa<\/li><li>Azienda agricola ASL<\/li><li>Das Haus des Seewolfs<\/li><li>Schloss Kippy<\/li><li>Villaggio fantasma<\/li><li>Hotel Alberghetti<\/li><li>Kapelle der Villa Durazzo<\/li><li>Chiesa Edio<\/li><li>Kolonie Antonia Devoto<\/li><li>Colonia Fara<\/li><li>Manicomio di Quarto<\/li><li>Palazzo Bordoni<\/li><li>Villa Caelum<\/li><li>Villa Sultana<\/li><li>Villa Zan<\/li><li>Hotel Pigna<\/li><li>Zentrale Stromversorgung<\/li><li>Hotel Koloniale<\/li><li>Mausoleum Crespi<\/li><li>Villa Ardesia<\/li><li>Chiesa delle origini<\/li><li>Ospedale Mediterraneo<\/li><li>Manicomio di Cogoleto<\/li><li>Lunar Exploration Zone<\/li><li>Villa Puma<\/li><li>Forte C<\/li><li>Forte T<\/li><li>Chiesa Bianca<\/li><li>Chiesa Verde<\/li><li>Fabbrica Sub<\/li><li>Villa Romano<\/li><li>Battaglione Thermes<\/li><\/ul><br><\/p>","protected":false},"excerpt":{"rendered":"<p>Auf dieser urbex-Karte finden Sie alle Standorte der urbanen Erkundung (urbex) in <strong>Italien<\/strong><strong>Piemont, Ligurien und Aostatal<\/strong><strong>.<\/strong> <\/p>\n<p>Diese Karte der verlorenen Orte wird f\u00fcr mindestens 365 Tage nach dem Kauf aktualisiert und zug\u00e4nglich bleiben. Diese Karte enth\u00e4lt derzeit 113 der einzigartigsten urbanen Erkundungsorte in Italien, Piemont, Ligurien und dem Aosta-Tal und ist von \u00fcberall aus mit unserer einfach zu bedienenden Karte zug\u00e4nglich<strong>. <\/p>\n<p><\/strong><strong>Wenn Sie dieses Paket bereits besitzen, k\u00f6nnen Sie es \u00fcber <\/strong><a href=\"\/de\/mein-account\/mitgliederbereich\/43905\/inhalt-meiner-mitgliedschaft\/\"><strong>Meine Karten &gt; Ansicht.<\/strong><\/a> <\/p>\n<p><a href=\"#tab-description\">Liste aller Urbex-Standorte auf dieser Karte.<\/a><\/p>","protected":false},"featured_media":56984,"template":"","meta":[],"product_brand":[],"product_cat":[778,243,245,322,1137,248],"product_tag":[],"class_list":{"0":"post-56964","1":"product","2":"type-product","3":"status-publish","4":"has-post-thumbnail","6":"product_cat-valle-daosta","7":"product_cat-italy","8":"product_cat-ligurie-2","9":"product_cat-location-packs","10":"product_cat-maps-italy","11":"product_cat-piedmont","13":"first","14":"instock","15":"taxable","16":"shipping-taxable","17":"purchasable","18":"product-type-variable"},"jetpack_sharing_enabled":true,"_links":{"self":[{"href":"https:\/\/urbex.direct\/de\/wp-json\/wp\/v2\/product\/56964","targetHints":{"allow":["GET"]}}],"collection":[{"href":"https:\/\/urbex.direct\/de\/wp-json\/wp\/v2\/product"}],"about":[{"href":"https:\/\/urbex.direct\/de\/wp-json\/wp\/v2\/types\/product"}],"wp:featuredmedia":[{"embeddable":true,"href":"https:\/\/urbex.direct\/de\/wp-json\/wp\/v2\/media\/56984"}],"wp:attachment":[{"href":"https:\/\/urbex.direct\/de\/wp-json\/wp\/v2\/media?parent=56964"}],"wp:term":[{"taxonomy":"product_brand","embeddable":true,"href":"https:\/\/urbex.direct\/de\/wp-json\/wp\/v2\/product_brand?post=56964"},{"taxonomy":"product_cat","embeddable":true,"href":"https:\/\/urbex.direct\/de\/wp-json\/wp\/v2\/product_cat?post=56964"},{"taxonomy":"product_tag","embeddable":true,"href":"https:\/\/urbex.direct\/de\/wp-json\/wp\/v2\/product_tag?post=56964"}],"curies":[{"name":"wp","href":"https:\/\/api.w.org\/{rel}","templated":true}]}}