{"id":56962,"date":"2024-06-30T18:31:02","date_gmt":"2024-06-30T17:31:02","guid":{"rendered":"https:\/\/urbex.direct\/?post_type=product&#038;p=56962"},"modified":"2025-05-22T17:46:04","modified_gmt":"2025-05-22T16:46:04","slug":"urbex-karte-italien-apulien-basilikata-kalabrien-kampanien-und-sizilien-1-jahr-zugang","status":"publish","type":"product","link":"https:\/\/urbex.direct\/de\/product\/urbex-map-italy-apulia-basilicata-calabria-campania-and-sicily-1-year-access\/","title":{"rendered":"Urbex Karte Italien: Apulien, Basilikata, Kalabrien, Kampanien und Sizilien (1 oder 2 Jahre Zugang)"},"content":{"rendered":"<p>Diese Karte enth\u00e4lt die folgenden Orte: <ul><li>Biologische Hochschule (Scuola di Biologica)<\/li><li>Fabbrica Olio d' Oliva<\/li><li>Villa Agora<\/li><li>Fabbrica la Biancheria Sporca<\/li><li>Fabrik CPT<\/li><li>Villa Coni<\/li><li>Villa Uva<\/li><li>Verlassene Farm<\/li><li>Destillerie Nuova<\/li><li>Tetanus<\/li><li>Griechischer Akquapark<\/li><li>Istituto Psicopedagogico<\/li><li>Villa Ferrero<\/li><li>O sole mio<\/li><li>Verlassenes l\u00e4ndliches Dorf<\/li><li>Miragica<\/li><li>Schiffskolleg<\/li><li>Villa Cerulli Bozzi Corso<\/li><li>Chiesa San Giorgio Degli Armeni<\/li><li>Sacar<\/li><li>Casa Di Molla<\/li><li>Hotel M<\/li><li>Hotel A<\/li><li>Goldenes Hotel<\/li><li>Villaggio Normanna<\/li><li>D\u00f6rfchen Iverna<\/li><li>Fischteich crollata<\/li><li>Bisch\u00f6fliches Kloster<\/li><li>Impianto Chimico<\/li><li>Hotel Piana<\/li><li>Abbandono del terreno<\/li><li>Casa senza finestre<\/li><li>L'oliveto<\/li><li>Zementfabrik C<\/li><li>Il grande sito della fabbrica<\/li><li>Gli appartamenti non finiti<\/li><li>L'albergo dei rifiuti \/ Das Abfallhotel<\/li><li>Haus Avati<\/li><li>Fabbrica Scarsa visibilit\u00e0<\/li><li>La fabbrica delle arance<\/li><li>L'appartamento vuoto<\/li><li>Villa Pazza<\/li><li>Die Fabrik zwischen den Stra\u00dfen<\/li><li>D\u00f6rfchen Tocco<\/li><li>Chiessa C<\/li><li>Guardare Attraverso<\/li><li>Fabbrica Tetto Ruggine<\/li><li>Villa Inaspettato<\/li><li>Casa Mo<\/li><li>Ruderi C<\/li><li>Fabbrica A<\/li><li>Tal der M\u00fchlen<\/li><li>Casa di Cal<\/li><li>Haus Viti<\/li><li>Villaggio Provinciale<\/li><li>H\u00f4tel de la V\u00e9suve<\/li><li>Basis Nato<\/li><li>Geisterstadt AV<\/li><li>Chiesseta Agreste<\/li><li>Chiesa Sant Antuono<\/li><li>Chiessa Madonna dil Ponte<\/li><li>Chiesa Largo Capuccini<\/li><li>La citt\u00e0 abbandonata, nella citt\u00e0 abbandonata<\/li><li>Villen gr\u00fcnes Paradies<\/li><li>Undead Asylum Campania<\/li><li>Gef\u00e4ngnisausbruch Kampanien<\/li><li>Pool des verlorenen Paradieses<\/li><li>Mittelalterlicher Konvent<\/li><li>Palazzo Ducal<\/li><li>Ancienne Fabrique NSS<\/li><li>Hotel Eremo<\/li><li>Casa Di Spinola<\/li><li>Verlorenes Dorf Pog<\/li><li>Miniera di solfiti<\/li><li>Fabrik Coso<\/li><li>Schloss Catarina<\/li><li>Der Sea Club<\/li><li>Ospedale Clearblue<\/li><li>Die G\u00e4rtnerei Dimenticata<\/li><li>Haus Kasko<\/li><li>Fabrik auf dem Bauernhof<\/li><li>Rovina della fattoria<\/li><li>Rovina della fattoria 2<\/li><li>La rovina sulla montagna<\/li><li>Ponte e tunnel di Potter abbandonati<\/li><li>Haus Lofaro<\/li><li>La spa in crescita<\/li><li>Casa dell'autostrada<\/li><li>Chiesa Baro<\/li><li>Caserma Ruine Strand<\/li><li>Grand Hotel Templi<\/li><li>Das Schloss von Somersault<\/li><\/ul><br><\/p>","protected":false},"excerpt":{"rendered":"<p>Auf dieser urbex-Karte finden Sie alle Standorte der urbanen Erkundung (urbex) in <strong>Italien<\/strong><strong>Apulien, Basilikata, Kalabrien, Kampanien und Sizilien<\/strong><strong>.<\/strong> <\/p>\n<p>Diese Karte der verlorenen Orte wird f\u00fcr mindestens 365 Tage nach dem Kauf aktualisiert und zug\u00e4nglich bleiben. Diese Karte enth\u00e4lt derzeit 92 der einzigartigsten urbanen Orte in Italien, Apulien, Basilikata, Kalabrien, Kampanien und Sizilien und ist von \u00fcberall mit unserer einfach zu bedienenden Karte zug\u00e4nglich<strong>. <\/p>\n<p><\/strong><strong>Wenn Sie dieses Paket bereits besitzen, k\u00f6nnen Sie es \u00fcber <\/strong><a href=\"\/de\/mein-account\/mitgliederbereich\/43905\/inhalt-meiner-mitgliedschaft\/\"><strong>Meine Karten &gt; Ansicht.<\/strong><\/a> <\/p>\n<p><a href=\"#tab-description\">Liste aller Urbex-Standorte auf dieser Karte.<\/a><\/p>","protected":false},"featured_media":56980,"template":"","meta":[],"product_brand":[],"product_cat":[340,332,948,315,1356,243,322,1137],"product_tag":[],"class_list":{"0":"post-56962","1":"product","2":"type-product","3":"status-publish","4":"has-post-thumbnail","6":"product_cat-basilicata","7":"product_cat-campania","8":"product_cat-sicilie","9":"product_cat-apulia","10":"product_cat-calabria","11":"product_cat-italy","12":"product_cat-location-packs","13":"product_cat-maps-italy","15":"first","16":"instock","17":"taxable","18":"shipping-taxable","19":"purchasable","20":"product-type-variable"},"jetpack_sharing_enabled":true,"_links":{"self":[{"href":"https:\/\/urbex.direct\/de\/wp-json\/wp\/v2\/product\/56962","targetHints":{"allow":["GET"]}}],"collection":[{"href":"https:\/\/urbex.direct\/de\/wp-json\/wp\/v2\/product"}],"about":[{"href":"https:\/\/urbex.direct\/de\/wp-json\/wp\/v2\/types\/product"}],"wp:featuredmedia":[{"embeddable":true,"href":"https:\/\/urbex.direct\/de\/wp-json\/wp\/v2\/media\/56980"}],"wp:attachment":[{"href":"https:\/\/urbex.direct\/de\/wp-json\/wp\/v2\/media?parent=56962"}],"wp:term":[{"taxonomy":"product_brand","embeddable":true,"href":"https:\/\/urbex.direct\/de\/wp-json\/wp\/v2\/product_brand?post=56962"},{"taxonomy":"product_cat","embeddable":true,"href":"https:\/\/urbex.direct\/de\/wp-json\/wp\/v2\/product_cat?post=56962"},{"taxonomy":"product_tag","embeddable":true,"href":"https:\/\/urbex.direct\/de\/wp-json\/wp\/v2\/product_tag?post=56962"}],"curies":[{"name":"wp","href":"https:\/\/api.w.org\/{rel}","templated":true}]}}