{"id":56959,"date":"2024-06-30T18:26:55","date_gmt":"2024-06-30T17:26:55","guid":{"rendered":"https:\/\/urbex.direct\/?post_type=product&#038;p=56959"},"modified":"2025-05-22T17:26:11","modified_gmt":"2025-05-22T16:26:11","slug":"urbex-karte-italien-abruzzen-lazio-marken-umbrien-und-molise-1-jahr-zugang","status":"publish","type":"product","link":"https:\/\/urbex.direct\/de\/product\/urbex-map-italy-abruzzo-lazio-marche-umbria-and-molise-1-year-access\/","title":{"rendered":"Urbex Karte Italien: Abruzzen, Latium, Marken, Umbrien und Molise (1 oder 2 Jahre Zugang)"},"content":{"rendered":"<p>Diese Karte enth\u00e4lt die folgenden Orte: <ul><li>Haus Mysteria<\/li><li>Convento SM<\/li><li>Krankenhaus CS \/ Ospedale CS<\/li><li>Terminal-Zentrum<\/li><li>Villa Ranalli<\/li><li>Vilaaggio Perduto Fara<\/li><li>Notte del villaggio abbandonato<\/li><li>Villa Atelier Della Scultrice<\/li><li>Palazzo del Cardinale<\/li><li>Ex Istituto Geso Devino Operaio<\/li><li>Convento B<\/li><li>Monastero Di Fara<\/li><li>Villa Ponam<\/li><li>Pista D&#039;oro<\/li><li>Orfanotrofio Marcigliana<\/li><li>Villa Mario<\/li><li>Manicomio Psichiatrico<\/li><li>Verlorenes Dorf Elixier<\/li><li>Kleiner Zoo \/ Piccolo Zoo<\/li><li>Schule der Giganten<\/li><li>Villa Status Quo<\/li><li>Ippodromo di Lafuente<\/li><li>Haus Sperimentale<\/li><li>Kino mit Statuen<\/li><li>Fabricca SIA<\/li><li>Hotel Bonifacev<\/li><li>Cimenterie Cerrano<\/li><li>Raffineria di zucchero<\/li><li>Fabbrica di abbigliamento<\/li><li>Haus Scarpa<\/li><li>Das Schloss von Ciclopi<\/li><li>In die Vegetation eingedrungener Capannone<\/li><li>Serre Aurelia 1<\/li><li>Serre Aurelia 2<\/li><li>Kolonie Pyrgi<\/li><li>Octogonus<\/li><li>Mercati Centrali con gru<\/li><li>Moulin \u00c0 Huile<\/li><li>Grand Hotel Primus<\/li><li>Central Hydro Elektrizit\u00e4t<\/li><li>Medizinische Fabrik<\/li><li>Usine Cecconi<\/li><li>Villa su Strada<\/li><li>Blauer Teich<\/li><li>Saponificio<\/li><li>Campo Interno<\/li><li>Colonia Firenza<\/li><li>Fabbrica di Teschi<\/li><li>Hotel Nico<\/li><li>Schloss im Wald<\/li><li>Fabrik Mistral<\/li><li>Ferme Aux Pigeons<\/li><li>Fabricca di Mira<\/li><li>Ex Cartiera AP<\/li><li>Alloggi dei lavoratori<\/li><li>Il monastero abbandonato sull'acqua<\/li><li>Fabbrica Vita<\/li><li>Kartause und Kongresszentrum<\/li><li>Villa La Quiete<\/li><li>Villa Pasa<\/li><li>Villa Vina<\/li><li>Villa Botticelli<\/li><li>Chiesa del Parocco<\/li><li>Kloster Corridonia<\/li><li>Aquaparc Adriatico<\/li><li>Villa Vespa<\/li><li>Villa Dei Volatili<\/li><li>Villa Milanov<\/li><li>Villa Dei Poeti<\/li><li>Chiesa degli Angeli<\/li><li>Disco Sophistica<\/li><li>Allenamento di calcio<\/li><li>Chiesa Verde \/ Chiesa del cane pazzo<\/li><li>La chiesa a casa<\/li><li>La chiesa rimane<\/li><li>Monastero nella nebbia<\/li><li>Disco Frank<\/li><li>Kloster von F<\/li><li>Ospedale Gallo<\/li><li>Ristorante Della Nave<\/li><li>L&#039;hotel con 2 torri<\/li><li>Triebwerk V<\/li><li>Elektrizit\u00e4tszentrale ENEL<\/li><li>Chiesa di A<\/li><li>Villa Palma<\/li><li>La Casa Della Nonna<\/li><li>Villa Compresso<\/li><li>Magazin stazione<\/li><li>La vecchia scuola di aviazione<\/li><li>Hotel Torre<\/li><li>Klosterkirche Verde<\/li><li>Abbaye Angelo<\/li><li>Polveri-Fabrik<\/li><li>Chiesa rosa verde<\/li><li>Festung Ginevra<\/li><li>Villaggio della doppia chiesa<\/li><li>Taubenschlachthof<\/li><li>Die verlorene Burgage<\/li><\/ul><br><\/p>\n\n\n\n<p><\/p>","protected":false},"excerpt":{"rendered":"<p>Auf dieser urbex-Karte finden Sie alle Standorte der urbanen Erkundung (urbex) in <strong>Italien<\/strong><strong>Abruzzen, Latium, Marken, Umbrien und Molise<\/strong><strong>.<\/strong> <\/p>\n<p>Diese Karte der verlorenen Orte wird f\u00fcr mindestens 365 Tage nach dem Kauf aktualisiert und zug\u00e4nglich bleiben. Diese Karte enth\u00e4lt derzeit 98 der einzigartigsten urbanen Erkundungsorte in Italien, Abruzzen, Latium, Marken, Umbrien und Molise und ist von \u00fcberall mit unserer einfach zu bedienenden Karte zug\u00e4nglich<strong>. <\/p>\n<p><\/strong><strong>Wenn Sie dieses Paket bereits besitzen, k\u00f6nnen Sie es \u00fcber <\/strong><a href=\"\/de\/mein-account\/mitgliederbereich\/43905\/inhalt-meiner-mitgliedschaft\/\"><strong>Meine Karten &gt; Ansicht.<\/strong><\/a> <\/p>\n<p><a href=\"#tab-description\">Liste aller Urbex-Standorte auf dieser Karte.<\/a><\/p>","protected":false},"featured_media":56976,"template":"","meta":[],"product_brand":[],"product_cat":[339,951,949,243,322,1137,247,1362],"product_tag":[],"class_list":{"0":"post-56959","1":"product","2":"type-product","3":"status-publish","4":"has-post-thumbnail","6":"product_cat-abruzzen","7":"product_cat-lazio","8":"product_cat-umbrie","9":"product_cat-italy","10":"product_cat-location-packs","11":"product_cat-maps-italy","12":"product_cat-marche-2","13":"product_cat-molise","15":"first","16":"instock","17":"taxable","18":"shipping-taxable","19":"purchasable","20":"product-type-variable"},"jetpack_sharing_enabled":true,"_links":{"self":[{"href":"https:\/\/urbex.direct\/de\/wp-json\/wp\/v2\/product\/56959","targetHints":{"allow":["GET"]}}],"collection":[{"href":"https:\/\/urbex.direct\/de\/wp-json\/wp\/v2\/product"}],"about":[{"href":"https:\/\/urbex.direct\/de\/wp-json\/wp\/v2\/types\/product"}],"wp:featuredmedia":[{"embeddable":true,"href":"https:\/\/urbex.direct\/de\/wp-json\/wp\/v2\/media\/56976"}],"wp:attachment":[{"href":"https:\/\/urbex.direct\/de\/wp-json\/wp\/v2\/media?parent=56959"}],"wp:term":[{"taxonomy":"product_brand","embeddable":true,"href":"https:\/\/urbex.direct\/de\/wp-json\/wp\/v2\/product_brand?post=56959"},{"taxonomy":"product_cat","embeddable":true,"href":"https:\/\/urbex.direct\/de\/wp-json\/wp\/v2\/product_cat?post=56959"},{"taxonomy":"product_tag","embeddable":true,"href":"https:\/\/urbex.direct\/de\/wp-json\/wp\/v2\/product_tag?post=56959"}],"curies":[{"name":"wp","href":"https:\/\/api.w.org\/{rel}","templated":true}]}}