{"id":55807,"date":"2024-05-08T09:06:18","date_gmt":"2024-05-08T08:06:18","guid":{"rendered":"https:\/\/urbex.direct\/?post_type=product&#038;p=55807"},"modified":"2024-05-08T19:48:18","modified_gmt":"2024-05-08T18:48:18","slug":"anfanger-urbex-karte-luttich","status":"publish","type":"product","link":"https:\/\/urbex.direct\/de\/product\/beginner-urbex-map-liege\/","title":{"rendered":"Anf\u00e4nger Urbex Karte Li\u00e8ge"},"content":{"rendered":"","protected":false},"excerpt":{"rendered":"<p>Beginnen Sie Ihr Urbex-Abenteuer in L\u00fcttich mit unserer exklusiven Beginner Urbex Map Li\u00e8ge! Diese benutzerfreundliche Karte f\u00fchrt Sie zu 12 aufregenden Orten, ideal f\u00fcr Neulinge in der Urbex-Welt. Die Orte sind nur 10 Autominuten voneinander entfernt, so dass Sie m\u00fchelos von einem geheimnisvollen Ort zum anderen gelangen k\u00f6nnen. Erhalten Sie sofort und lebenslang Zugang zu den besten urbanen Erkundungsorten f\u00fcr Anf\u00e4nger in L\u00fcttich.<\/p>\n<p>Urbexers \u00fcber die Standorte:<br \/>\n\"Perfekter Ort f\u00fcr Anf\u00e4nger, um herumzulaufen. Lange G\u00e4nge, eine Menge Verfall und einige nette Details. Einige sagen, dass es Wesenheiten gibt...\" - AnonUrbexer<\/p>\n<p>\"Ziemlich gro\u00df, und man sieht, dass die Natur hier alles zur\u00fcckgibt. Nach einer Weile wird hier nichts mehr stehen, die Wurzeln der B\u00e4ume werden irgendwann alles umsto\u00dfen.\" - Geert<\/p>","protected":false},"featured_media":55809,"template":"","meta":[],"product_brand":[],"product_cat":[197,201,322,1134],"product_tag":[],"class_list":{"0":"post-55807","1":"product","2":"type-product","3":"status-publish","4":"has-post-thumbnail","6":"product_cat-belgium","7":"product_cat-liege","8":"product_cat-location-packs","9":"product_cat-maps-belgium","11":"first","12":"instock","13":"virtual","14":"taxable","15":"purchasable","16":"product-type-simple"},"jetpack_sharing_enabled":true,"_links":{"self":[{"href":"https:\/\/urbex.direct\/de\/wp-json\/wp\/v2\/product\/55807","targetHints":{"allow":["GET"]}}],"collection":[{"href":"https:\/\/urbex.direct\/de\/wp-json\/wp\/v2\/product"}],"about":[{"href":"https:\/\/urbex.direct\/de\/wp-json\/wp\/v2\/types\/product"}],"wp:featuredmedia":[{"embeddable":true,"href":"https:\/\/urbex.direct\/de\/wp-json\/wp\/v2\/media\/55809"}],"wp:attachment":[{"href":"https:\/\/urbex.direct\/de\/wp-json\/wp\/v2\/media?parent=55807"}],"wp:term":[{"taxonomy":"product_brand","embeddable":true,"href":"https:\/\/urbex.direct\/de\/wp-json\/wp\/v2\/product_brand?post=55807"},{"taxonomy":"product_cat","embeddable":true,"href":"https:\/\/urbex.direct\/de\/wp-json\/wp\/v2\/product_cat?post=55807"},{"taxonomy":"product_tag","embeddable":true,"href":"https:\/\/urbex.direct\/de\/wp-json\/wp\/v2\/product_tag?post=55807"}],"curies":[{"name":"wp","href":"https:\/\/api.w.org\/{rel}","templated":true}]}}