{"id":54383,"date":"2024-03-12T16:41:36","date_gmt":"2024-03-12T16:41:36","guid":{"rendered":"https:\/\/urbex.direct\/?post_type=product&#038;p=54383"},"modified":"2025-05-21T21:03:32","modified_gmt":"2025-05-21T20:03:32","slug":"standortkarte-sachsen-deutschland","status":"publish","type":"product","link":"https:\/\/urbex.direct\/de\/product\/location-map-saxony-germany\/","title":{"rendered":"Urbex Map Deutschland, Sachsen (1 oder 2 Jahre Zugang)"},"content":{"rendered":"<p>Diese Karte enth\u00e4lt die folgenden Orte: <ul><li>Ballsaal Melodie<\/li><li>Berghaus<\/li><li>Bezirkskrankenhaus C<\/li><li>Blue Meth Kirche<\/li><li>Geb\u00e4ude O<\/li><li>Geb\u00e4ude Odpadki<\/li><li>Verfallsfabrik<\/li><li>Emilien Haus<\/li><li>Fabrik Z<\/li><li>FDGB Mooskombinaat<\/li><li>Gebaude Brunn<\/li><li>Gebaude Scheffel<\/li><li>Gebaude Schwarzbach<\/li><li>Haus am Fluss<\/li><li>Haus BC<\/li><li>Haus Ebersbach<\/li><li>Haus Elly<\/li><li>Haus Elyan<\/li><li>Haus Hofer<\/li><li>Haus Konz<\/li><li>Haus Ramazotti<\/li><li>Hotel Atlantis<\/li><li>Hotel Flanell<\/li><li>Hotel Jugel<\/li><li>Stricken Oma Haus<\/li><li>Kompass-Geb\u00e4ude<\/li><li>Verloren in Chemnitz<\/li><li>Muldenhaus<\/li><li>Sanatorium Kussmund<\/li><li>Schloss Thierbach<\/li><li>Website Wei\u00dfheit<\/li><li>Das unw\u00fcrdige Geb\u00e4ude<\/li><li>Theater V<\/li><li>Tonwarenfabrik Blumenpott<\/li><li>Usine Joha<\/li><li>Usine Markus<\/li><li>Villa Filzhaus<\/li><li>Villa H\u00fcttengrund<\/li><li>Villa Sylvana<\/li><li>Wohnungen A + B<\/li><li>Holzballenfabrik<\/li><li>Villa Kolbe<\/li><li>M\u00f6belhaus<\/li><li>Graffiti-Halle<\/li><li>Davy C Hotel<\/li><li>Zucher Fabrik D<\/li><li>Haus Sprem<\/li><li>Die Kaos-Fabrik<\/li><li>Das Tanzlokal<\/li><li>Strawberry School<\/li><li>Sovjet Camp \/ Sovjet Mosaik<\/li><li>Neue Welle Fabrik \/ Fabrik New Wave<\/li><li>Mondfabrik<\/li><li>Fu\u00dfballarena<\/li><li>Das Alte Herrenhaus<\/li><li>Nervenheilanstalt<\/li><\/ul><\/p>","protected":false},"excerpt":{"rendered":"<p>Auf dieser urbex-Karte finden Sie alle Standorte der urbanen Erkundung (urbex) in <strong>Deutschland<\/strong><strong>, <\/strong><strong>Sachsen<\/strong><strong>.<\/strong> <\/p>\n<p>Diese Karte der verlorenen Orte wird mindestens 365 Tage nach dem Kauf aktualisiert und zug\u00e4nglich bleiben. Diese Karte enth\u00e4lt derzeit 56 der einzigartigsten urbanen Erkundungsorte in Deutschland, Sachsen und ist von \u00fcberall mit unserer einfach zu bedienenden Karte zug\u00e4nglich<strong>. <\/p>\n<p><\/strong><strong>Wenn Sie dieses Paket bereits besitzen, k\u00f6nnen Sie es \u00fcber <a href=\"\/de\/mein-account\/mitgliederbereich\/43905\/inhalt-meiner-mitgliedschaft\/\">Meine Karten &gt; Ansicht.<\/a><\/strong> <\/p>\n<p><a href=\"#tab-description\">Liste aller Urbex-Standorte auf dieser Karte.<\/a><\/p>","protected":false},"featured_media":54929,"template":"","meta":[],"product_brand":[],"product_cat":[210,322,1229,220],"product_tag":[],"class_list":{"0":"post-54383","1":"product","2":"type-product","3":"status-publish","4":"has-post-thumbnail","6":"product_cat-germany","7":"product_cat-location-packs","8":"product_cat-maps-germany","9":"product_cat-saxony","11":"first","12":"instock","13":"taxable","14":"shipping-taxable","15":"purchasable","16":"product-type-variable"},"jetpack_sharing_enabled":true,"_links":{"self":[{"href":"https:\/\/urbex.direct\/de\/wp-json\/wp\/v2\/product\/54383","targetHints":{"allow":["GET"]}}],"collection":[{"href":"https:\/\/urbex.direct\/de\/wp-json\/wp\/v2\/product"}],"about":[{"href":"https:\/\/urbex.direct\/de\/wp-json\/wp\/v2\/types\/product"}],"wp:featuredmedia":[{"embeddable":true,"href":"https:\/\/urbex.direct\/de\/wp-json\/wp\/v2\/media\/54929"}],"wp:attachment":[{"href":"https:\/\/urbex.direct\/de\/wp-json\/wp\/v2\/media?parent=54383"}],"wp:term":[{"taxonomy":"product_brand","embeddable":true,"href":"https:\/\/urbex.direct\/de\/wp-json\/wp\/v2\/product_brand?post=54383"},{"taxonomy":"product_cat","embeddable":true,"href":"https:\/\/urbex.direct\/de\/wp-json\/wp\/v2\/product_cat?post=54383"},{"taxonomy":"product_tag","embeddable":true,"href":"https:\/\/urbex.direct\/de\/wp-json\/wp\/v2\/product_tag?post=54383"}],"curies":[{"name":"wp","href":"https:\/\/api.w.org\/{rel}","templated":true}]}}