{"id":54382,"date":"2024-03-12T16:40:36","date_gmt":"2024-03-12T16:40:36","guid":{"rendered":"https:\/\/urbex.direct\/?post_type=product&#038;p=54382"},"modified":"2025-05-21T20:57:08","modified_gmt":"2025-05-21T19:57:08","slug":"standortkarte-niedersachsen-deutschland","status":"publish","type":"product","link":"https:\/\/urbex.direct\/de\/product\/location-map-lower-saxony-germany\/","title":{"rendered":"Urbex Map Deutschland, Niedersachsen (1 oder 2 Jahre Zugang)"},"content":{"rendered":"<p>Diese Karte enth\u00e4lt die folgenden Orte: <ul><li>Hotel B\u00e4renstark<\/li><li>Kurklinik am Bomberg<\/li><li>Schloss Olderhausen<\/li><li>Sprengstofffabrik Tanne<\/li><li>Villa Kunzima<\/li><li>Zucherfabrik<\/li><li>Panzer<\/li><li>Haus der S\u00e4ngerin \/ Haus der Nachtigall \/ Haus der Blumen<\/li><li>Verlorener Speicher<\/li><li>Luftmunitionslager<\/li><li>Haus der wei\u00dfen Perle<\/li><li>Gef\u00e4ngnisaufenthalt<\/li><li>Gelber Zug<\/li><li>Das Retro G\u00e4stehaus<\/li><li>Hotel Eden R<\/li><li>Ferienwohnungen<\/li><li>Das Alte Retro Hotel<\/li><li>Alte Bergbauernh\u00f6fe<\/li><li>Gef\u00e4ngnis Nittle<\/li><li>Hotel der Lampen<\/li><li>Zug spielen<\/li><li>Gro\u00dfes Haus am Waldrand<\/li><li>Die getarnte Scheune<\/li><li>Einst\u00fcrzende Gew\u00e4chsh\u00e4user<\/li><li>Happy Meal<\/li><li>Haus Freiheit<\/li><li>Bunker Bassum<\/li><li>Stroh und Traktor \/ Stroh und Traktor<\/li><li>Schiffswrack (Drohnenstandort)<\/li><li>Flakbatterie \/ Flakbatterie<\/li><li>Sanatorium Bernhardi und Kraftwerk<\/li><li>Mausoleum des B\u00e4ren<\/li><li>Das Waldhaus<\/li><li>Klinik wintermoor<\/li><li>Geistervilla<\/li><li>Wald Bunker Eib<\/li><li>Die Alte Stra\u00dfenbahn<\/li><li>Haus Wolf<\/li><li>Altes Mahlwerk<\/li><li>Sanatorium Konigsberg<\/li><li>Das Kleine Bunkersystem<\/li><li>Katholischer Keller<\/li><li>Zoogehege<\/li><li>Verlassene Arztpraxis<\/li><li>Russische Panzer<\/li><li>Rotes Schwimmbad<\/li><li>Kinder des Nichts<\/li><li>Illuminaten-Friedhof<\/li><li>Waldkater Hotel<\/li><li>Haus Schatten<\/li><li>Pension Isolde<\/li><\/ul><\/p>","protected":false},"excerpt":{"rendered":"<p>Auf dieser urbex-Karte finden Sie alle Standorte der urbanen Erkundung (urbex) in <strong>Deutschland<\/strong><strong>Niedersachsen, Niedersachsen<\/strong><strong>.<\/strong> <\/p>\n<p>Diese Karte der verlorenen Orte wird mindestens 365 Tage nach dem Kauf aktualisiert und zug\u00e4nglich bleiben. Diese Karte enth\u00e4lt derzeit 51 der einzigartigsten urbanen Erkundungsorte in Deutschland, Niedersachsen und ist von \u00fcberall mit unserer einfach zu bedienenden Karte zug\u00e4nglich<strong>. <\/p>\n<p><\/strong><strong>Wenn Sie dieses Paket bereits besitzen, k\u00f6nnen Sie es \u00fcber <a href=\"\/de\/mein-account\/mitgliederbereich\/43905\/inhalt-meiner-mitgliedschaft\/\">Meine Karten &gt; Ansicht.<\/a><\/strong> <\/p>\n<p><a href=\"#tab-description\">Liste aller Urbex-Standorte auf dieser Karte.<\/a><\/p>","protected":false},"featured_media":54910,"template":"","meta":[],"product_brand":[],"product_cat":[210,322,217,1229],"product_tag":[],"class_list":{"0":"post-54382","1":"product","2":"type-product","3":"status-publish","4":"has-post-thumbnail","6":"product_cat-germany","7":"product_cat-location-packs","8":"product_cat-lower-saxony","9":"product_cat-maps-germany","11":"first","12":"instock","13":"taxable","14":"shipping-taxable","15":"purchasable","16":"product-type-variable"},"jetpack_sharing_enabled":true,"_links":{"self":[{"href":"https:\/\/urbex.direct\/de\/wp-json\/wp\/v2\/product\/54382","targetHints":{"allow":["GET"]}}],"collection":[{"href":"https:\/\/urbex.direct\/de\/wp-json\/wp\/v2\/product"}],"about":[{"href":"https:\/\/urbex.direct\/de\/wp-json\/wp\/v2\/types\/product"}],"wp:featuredmedia":[{"embeddable":true,"href":"https:\/\/urbex.direct\/de\/wp-json\/wp\/v2\/media\/54910"}],"wp:attachment":[{"href":"https:\/\/urbex.direct\/de\/wp-json\/wp\/v2\/media?parent=54382"}],"wp:term":[{"taxonomy":"product_brand","embeddable":true,"href":"https:\/\/urbex.direct\/de\/wp-json\/wp\/v2\/product_brand?post=54382"},{"taxonomy":"product_cat","embeddable":true,"href":"https:\/\/urbex.direct\/de\/wp-json\/wp\/v2\/product_cat?post=54382"},{"taxonomy":"product_tag","embeddable":true,"href":"https:\/\/urbex.direct\/de\/wp-json\/wp\/v2\/product_tag?post=54382"}],"curies":[{"name":"wp","href":"https:\/\/api.w.org\/{rel}","templated":true}]}}