{"id":54380,"date":"2024-03-12T16:39:21","date_gmt":"2024-03-12T16:39:21","guid":{"rendered":"https:\/\/urbex.direct\/?post_type=product&#038;p=54380"},"modified":"2025-05-21T20:55:04","modified_gmt":"2025-05-21T19:55:04","slug":"standortkarte-brandenburg-deutschland","status":"publish","type":"product","link":"https:\/\/urbex.direct\/de\/product\/location-map-brandenburg-germany\/","title":{"rendered":"Urbex Map Deutschland, Brandenburg (1 oder 2 Jahre Zugang)"},"content":{"rendered":"<p>Diese Karte enth\u00e4lt die folgenden Orte: <ul><li>Blaues Wunder<\/li><li>Elstal Wustermark<\/li><li>Schloss Dammsm\u00fchle<\/li><li>Schloss Gentzrode<\/li><li>Milit\u00e4rkrankenhaus<\/li><li>Filteranlagen<\/li><li>Verbotene Stadt<\/li><li>Koloss<\/li><li>Heilst\u00e4tte Oranien<\/li><li>Irrenanstalt T<\/li><li>See-Garage<\/li><li>Kaserne Joter<\/li><li>Veget Bar<\/li><li>Zeppelin-Flugschule<\/li><li>Zinna-Schule III<\/li><li>Experiment der Armee<\/li><li>Flugplatz Sperenberg<\/li><li>Schloss F<\/li><li>Schlacht Z\u00fcge<\/li><li>Haus Maus<\/li><li>Wilhelm Pieck<\/li><li>Haus Templ<\/li><li>Bereich Geron<\/li><li>Haus Denkmal<\/li><li>Der alte Zirkus<\/li><li>Pflegeheim Ru<\/li><li>Das Milchhaus<\/li><li>Klinikum K<\/li><li>Krafwerk P<\/li><li>T-Mobile-Friedhof<\/li><li>Schloss SH<\/li><li>Flugplatz O<\/li><li>Freiheit Brige<\/li><li>Walking Dead Road 2.0<\/li><li>Graffity Schie\u00dfstand<\/li><li>Lager der SS<\/li><li>Flugabwehr-Raketenabteilung<\/li><li>Infanterie im Dienst<\/li><li>Die Party ist vorbei<\/li><li>Camp Nick<\/li><li>Lager Bombodrom<\/li><li>Versteckter Flugplatz<\/li><li>F\u00fcrstenberg Lagerbier<\/li><li>Die verlassenen SS-H\u00e4user<\/li><li>Das Stasi Krankenhaus<\/li><\/ul><\/p>","protected":false},"excerpt":{"rendered":"<p>Auf dieser urbex-Karte finden Sie alle Standorte der urbanen Erkundung (urbex) in <strong>Deutschland<\/strong><strong>, <\/strong><strong>Brandenburg<\/strong><strong>.<\/strong> <\/p>\n<p>Diese Karte der verlorenen Orte wird mindestens 365 Tage nach dem Kauf aktualisiert und zug\u00e4nglich bleiben. Diese Karte enth\u00e4lt derzeit 45 der einzigartigsten urbanen Erkundungsorte in Deutschland, Brandenburg und ist von \u00fcberall mit unserer einfach zu bedienenden Karte zug\u00e4nglich<strong>. <\/p>\n<p><\/strong><strong>Wenn Sie dieses Paket bereits besitzen, k\u00f6nnen Sie es \u00fcber <a href=\"\/de\/mein-account\/mitgliederbereich\/43905\/inhalt-meiner-mitgliedschaft\/\">Meine Karten &gt; Ansicht.<\/a><\/strong> <\/p>\n<p><a href=\"#tab-description\">Liste aller Urbex-Standorte auf dieser Karte.<\/a><\/p>","protected":false},"featured_media":54901,"template":"","meta":[],"product_brand":[],"product_cat":[214,210,322,1229],"product_tag":[],"class_list":{"0":"post-54380","1":"product","2":"type-product","3":"status-publish","4":"has-post-thumbnail","6":"product_cat-brandenburg-2","7":"product_cat-germany","8":"product_cat-location-packs","9":"product_cat-maps-germany","11":"first","12":"instock","13":"taxable","14":"shipping-taxable","15":"purchasable","16":"product-type-variable"},"jetpack_sharing_enabled":true,"_links":{"self":[{"href":"https:\/\/urbex.direct\/de\/wp-json\/wp\/v2\/product\/54380","targetHints":{"allow":["GET"]}}],"collection":[{"href":"https:\/\/urbex.direct\/de\/wp-json\/wp\/v2\/product"}],"about":[{"href":"https:\/\/urbex.direct\/de\/wp-json\/wp\/v2\/types\/product"}],"wp:featuredmedia":[{"embeddable":true,"href":"https:\/\/urbex.direct\/de\/wp-json\/wp\/v2\/media\/54901"}],"wp:attachment":[{"href":"https:\/\/urbex.direct\/de\/wp-json\/wp\/v2\/media?parent=54380"}],"wp:term":[{"taxonomy":"product_brand","embeddable":true,"href":"https:\/\/urbex.direct\/de\/wp-json\/wp\/v2\/product_brand?post=54380"},{"taxonomy":"product_cat","embeddable":true,"href":"https:\/\/urbex.direct\/de\/wp-json\/wp\/v2\/product_cat?post=54380"},{"taxonomy":"product_tag","embeddable":true,"href":"https:\/\/urbex.direct\/de\/wp-json\/wp\/v2\/product_tag?post=54380"}],"curies":[{"name":"wp","href":"https:\/\/api.w.org\/{rel}","templated":true}]}}