{"id":52596,"date":"2024-01-21T19:29:02","date_gmt":"2024-01-21T19:29:02","guid":{"rendered":"https:\/\/urbex.direct\/?post_type=product&#038;p=52596"},"modified":"2024-06-20T08:55:50","modified_gmt":"2024-06-20T07:55:50","slug":"standort-karte-orne-61-frankreich","status":"publish","type":"product","link":"https:\/\/urbex.direct\/de\/product\/location-map-orne-61-france\/","title":{"rendered":"Urbex Karte Frankreich, Normandie: Orne (61) (1 Jahr Zugang)"},"content":{"rendered":"<p>Diese Karte enth\u00e4lt die folgenden Orte:<\/p>\n\n\n\n<ul><li>Herrenhaus Damocl\u00e8s<\/li><li>Herrenhaus Lemeunier<\/li><li>Auberge Artemis \/ Hotel Artemis<\/li><li>Maison du Chat<\/li><li>Arthur und die Minimoys<\/li><li>Orphelinat Rum\u00e4nien<\/li><li>Hotel Railere<\/li><li>Maison d&#039;angle verte<\/li><li>Ch\u00e2teau Hiboux<\/li><li>Herrenhaus Jonques \/ Herrenhaus Monarchie<\/li><li>Zigarettenpapier zum Aufrollen der Zigaretten<\/li><li>Autoschrottplatz<\/li><li>Usine Leo<\/li><li>Grande Usine Textil<\/li><li>Fours Rouge<\/li><li>Versunkene Autos<\/li><\/ul>","protected":false},"excerpt":{"rendered":"<p>Auf dieser urbex-Karte finden Sie alle Standorte der urbanen Erkundung (urbex) in<strong> Frankreich, <\/strong><strong>Normandie<\/strong><strong>: Orne (61).<\/strong> Diese Karte der verlorenen Orte wird mindestens 365 Tage nach dem Kauf aktualisiert und zug\u00e4nglich bleiben.<\/p>\n<p>Diese Karte enth\u00e4lt derzeit 16 der einzigartigsten urbanen Erkundungsorte in Frankreich, Normandie: Orne (61) und ist von \u00fcberall mit unserer einfach zu bedienenden Karte zug\u00e4nglich<strong>.<\/p>\n<p><\/strong><strong>Wenn Sie dieses Paket bereits besitzen, k\u00f6nnen Sie es \u00fcber <a href=\"\/de\/mein-account\/mitgliederbereich\/43905\/inhalt-meiner-mitgliedschaft\/\">Meine Karten &gt; Ansicht.<\/a><\/strong><strong><\/p>\n<p><\/strong><a href=\"#tab-description\">Liste aller Urbex-Standorte auf dieser Karte.<\/a><\/p>","protected":false},"featured_media":52600,"template":"","meta":[],"product_brand":[],"product_cat":[226,322,1135,1344,234,1070],"product_tag":[],"class_list":{"0":"post-52596","1":"product","2":"type-product","3":"status-publish","4":"has-post-thumbnail","6":"product_cat-france","7":"product_cat-location-packs","8":"product_cat-maps-france","9":"product_cat-maps-normandie","10":"product_cat-normandie","11":"product_cat-orne-61","13":"first","14":"instock","15":"virtual","16":"taxable","17":"purchasable","18":"product-type-simple"},"jetpack_sharing_enabled":true,"_links":{"self":[{"href":"https:\/\/urbex.direct\/de\/wp-json\/wp\/v2\/product\/52596","targetHints":{"allow":["GET"]}}],"collection":[{"href":"https:\/\/urbex.direct\/de\/wp-json\/wp\/v2\/product"}],"about":[{"href":"https:\/\/urbex.direct\/de\/wp-json\/wp\/v2\/types\/product"}],"wp:featuredmedia":[{"embeddable":true,"href":"https:\/\/urbex.direct\/de\/wp-json\/wp\/v2\/media\/52600"}],"wp:attachment":[{"href":"https:\/\/urbex.direct\/de\/wp-json\/wp\/v2\/media?parent=52596"}],"wp:term":[{"taxonomy":"product_brand","embeddable":true,"href":"https:\/\/urbex.direct\/de\/wp-json\/wp\/v2\/product_brand?post=52596"},{"taxonomy":"product_cat","embeddable":true,"href":"https:\/\/urbex.direct\/de\/wp-json\/wp\/v2\/product_cat?post=52596"},{"taxonomy":"product_tag","embeddable":true,"href":"https:\/\/urbex.direct\/de\/wp-json\/wp\/v2\/product_tag?post=52596"}],"curies":[{"name":"wp","href":"https:\/\/api.w.org\/{rel}","templated":true}]}}