{"id":52590,"date":"2024-01-21T17:38:14","date_gmt":"2024-01-21T17:38:14","guid":{"rendered":"https:\/\/urbex.direct\/?post_type=product&#038;p=52590"},"modified":"2024-06-20T08:55:24","modified_gmt":"2024-06-20T07:55:24","slug":"standortkarte-calvados-14-frankreich","status":"publish","type":"product","link":"https:\/\/urbex.direct\/de\/product\/location-map-calvados-14-france\/","title":{"rendered":"Urbex Karte Frankreich, Normandie: Calvados (14) (1 Jahr Zugang)"},"content":{"rendered":"<p>Diese Karte enth\u00e4lt die folgenden Orte:<\/p>\n\n\n\n<ul><li>Herrenhaus Dalida<\/li><li>Usine Mathis<\/li><li>Chateau Eva &amp; Co<\/li><li>Kapelle der Piloten<\/li><li>Hopitall-Platz<\/li><li>Ancien Cimeti\u00e8re<\/li><li>Schloss von Cur\u00e9<\/li><li>Herrenhaus du Nomade \/ Maison Foresti\u00e8re<\/li><li>Manoir Franc ma\u00e7on<\/li><li>Maison Cat<\/li><li>Ferme effondr\u00e9e<\/li><li>Maison Cadran \/ Haus der alten Kochkunst<\/li><li>Manoir Nazi<\/li><li>Usine Fromage Maxi<\/li><li>Herrenhaus Cardhu Herrenhaus Cardhu<\/li><li>Maison Meslin<\/li><li>Maison des Duckers<\/li><li>Haus Canop\u00e9e verte<\/li><li>Die geheime Werkstatt<\/li><li>La d\u00e9saffect\u00e9e eglise<\/li><li>Usine Ornaise<\/li><li>Chateau Trop Vert<\/li><li>Le Maison Ronces<\/li><li>Maison Brique Rouge<\/li><li>Usine \u00d6dipus<\/li><li>Usine Dynamit<\/li><li>Die sch\u00f6nen Ruinen der Kirche (Les belles ruins de l&#039;\u00e9glise)<\/li><li>Usine FP<\/li><li>Zwergenfabrik<\/li><li>Herrenhaus Coss \/ Herrenhaus Lamia<\/li><li>Eglise du Rouge Monde<\/li><li>Bergwerk von Erebor<\/li><li>Maison la Vache<\/li><li>Maison des Livres Calvados<\/li><li>Manoir Tong<\/li><li>Das Leben auf dem Bauernhof<\/li><li>Handtuch-Farm<\/li><li>Maison \u00e0 colombages<\/li><li>Ferme avec portail rouge<\/li><\/ul>","protected":false},"excerpt":{"rendered":"<p>Auf dieser urbex-Karte finden Sie alle Standorte der urbanen Erkundung (urbex) in<strong> Frankreich, <\/strong><strong>Normandie<\/strong><strong>: Calvados (14).<\/strong> Diese Karte der verlorenen Orte wird mindestens 365 Tage nach dem Kauf aktualisiert und zug\u00e4nglich bleiben.<\/p>\n<p>Diese Karte enth\u00e4lt derzeit 39 der einzigartigsten urbanen Erkundungsorte in Frankreich, Normandie: Calvados (14) und ist von \u00fcberall aus mit unserer einfach zu bedienenden Karte zug\u00e4nglich<strong>.<\/p>\n<p><\/strong><strong>Wenn Sie dieses Paket bereits besitzen, k\u00f6nnen Sie es \u00fcber <a href=\"\/de\/mein-account\/mitgliederbereich\/43905\/inhalt-meiner-mitgliedschaft\/\">Meine Karten &gt; Ansicht.<\/a><\/strong><strong><\/p>\n<p><\/strong><a href=\"#tab-description\">Liste aller Urbex-Standorte auf dieser Karte.<\/a><\/p>","protected":false},"featured_media":52607,"template":"","meta":[],"product_brand":[],"product_cat":[1068,226,322,1135,1344,234],"product_tag":[],"class_list":{"0":"post-52590","1":"product","2":"type-product","3":"status-publish","4":"has-post-thumbnail","6":"product_cat-calvados-14","7":"product_cat-france","8":"product_cat-location-packs","9":"product_cat-maps-france","10":"product_cat-maps-normandie","11":"product_cat-normandie","13":"first","14":"instock","15":"virtual","16":"taxable","17":"purchasable","18":"product-type-simple"},"jetpack_sharing_enabled":true,"_links":{"self":[{"href":"https:\/\/urbex.direct\/de\/wp-json\/wp\/v2\/product\/52590","targetHints":{"allow":["GET"]}}],"collection":[{"href":"https:\/\/urbex.direct\/de\/wp-json\/wp\/v2\/product"}],"about":[{"href":"https:\/\/urbex.direct\/de\/wp-json\/wp\/v2\/types\/product"}],"wp:featuredmedia":[{"embeddable":true,"href":"https:\/\/urbex.direct\/de\/wp-json\/wp\/v2\/media\/52607"}],"wp:attachment":[{"href":"https:\/\/urbex.direct\/de\/wp-json\/wp\/v2\/media?parent=52590"}],"wp:term":[{"taxonomy":"product_brand","embeddable":true,"href":"https:\/\/urbex.direct\/de\/wp-json\/wp\/v2\/product_brand?post=52590"},{"taxonomy":"product_cat","embeddable":true,"href":"https:\/\/urbex.direct\/de\/wp-json\/wp\/v2\/product_cat?post=52590"},{"taxonomy":"product_tag","embeddable":true,"href":"https:\/\/urbex.direct\/de\/wp-json\/wp\/v2\/product_tag?post=52590"}],"curies":[{"name":"wp","href":"https:\/\/api.w.org\/{rel}","templated":true}]}}