{"id":49318,"date":"2023-10-11T09:02:18","date_gmt":"2023-10-11T08:02:18","guid":{"rendered":"https:\/\/urbex.direct\/?post_type=product&#038;p=49318"},"modified":"2024-06-20T08:47:20","modified_gmt":"2024-06-20T07:47:20","slug":"standort-karte-bas-rhin-67-frankreich","status":"publish","type":"product","link":"https:\/\/urbex.direct\/de\/product\/location-map-bas-rhin-67-france\/","title":{"rendered":"Urbex Map Frankreich, Grand Est: Bas-Rhin (67) (1 Jahr Zugang)"},"content":{"rendered":"<p>Diese Karte enth\u00e4lt die folgenden Orte:<\/p>\n\n\n\n<ul><li>Medizinisches Zentrum H<\/li><li>Dschungel und Lianenh\u00e4user \/ Les Maisons Savane et Peluche<\/li><li>Herrenhaus Accrobranche \/ Baumkletterhaus<\/li><li>Manoir General<\/li><li>Villa Des Ours<\/li><li>Schleusenhotel \/ Hotel des Hafens<\/li><li>Die Lange Kaserne<\/li><li>Usine Coloree \/ S\u00e4gewerk W<\/li><li>Manoir des Anglais \/ Das neue englische Herrenhaus<\/li><li>La Petite Maison dans la Prairie<\/li><li>Maison Bild<\/li><li>Maison Fanatique des oiseaux<\/li><li>Der Festsaal \/ Th\u00e9atre du chien<\/li><li>Le Tram jaune \/ Die gelbe Stra\u00dfenbahn<\/li><li>Cimeti\u00e8re sur la colline \/ Friedhof auf dem H\u00fcgel \/ Cemetery on the hill<\/li><li>Maison Piscine<\/li><li>Das Haus des B\u00fcchersammlers<\/li><\/ul>","protected":false},"excerpt":{"rendered":"<p>&nbsp;<\/p>\n<p>Auf dieser urbex-Karte finden Sie alle Standorte der urbanen Erkundung (urbex) in<strong> Frankreich, <\/strong><strong>Grand Est<\/strong><strong>: Bas-Rhin (67).<\/strong> Diese Karte der verlorenen Orte wird mindestens 365 Tage nach dem Kauf aktualisiert und zug\u00e4nglich bleiben.<\/p>\n<p>Diese Karte enth\u00e4lt derzeit 17 der einzigartigsten urbanen Erkundungsorte in Frankreich, Grand Est: Bas-Rhin (67) und ist von \u00fcberall mit unserer einfach zu bedienenden Karte zug\u00e4nglich<strong>.<\/p>\n<p><\/strong><strong>Wenn Sie dieses Paket bereits besitzen, k\u00f6nnen Sie es \u00fcber <a href=\"\/de\/mein-account\/mitgliederbereich\/43905\/inhalt-meiner-mitgliedschaft\/\">Meine Karten &gt; Ansicht.<\/a><\/strong><\/p>\n<p>&nbsp;<\/p>","protected":false},"featured_media":49325,"template":"","meta":[],"product_brand":[],"product_cat":[1043,226,231,322,1135,1341],"product_tag":[],"class_list":{"0":"post-49318","1":"product","2":"type-product","3":"status-publish","4":"has-post-thumbnail","6":"product_cat-bas-rhin-67","7":"product_cat-france","8":"product_cat-grand-est","9":"product_cat-location-packs","10":"product_cat-maps-france","11":"product_cat-maps-grand-est","13":"first","14":"instock","15":"virtual","16":"taxable","17":"purchasable","18":"product-type-simple"},"jetpack_sharing_enabled":true,"_links":{"self":[{"href":"https:\/\/urbex.direct\/de\/wp-json\/wp\/v2\/product\/49318","targetHints":{"allow":["GET"]}}],"collection":[{"href":"https:\/\/urbex.direct\/de\/wp-json\/wp\/v2\/product"}],"about":[{"href":"https:\/\/urbex.direct\/de\/wp-json\/wp\/v2\/types\/product"}],"wp:featuredmedia":[{"embeddable":true,"href":"https:\/\/urbex.direct\/de\/wp-json\/wp\/v2\/media\/49325"}],"wp:attachment":[{"href":"https:\/\/urbex.direct\/de\/wp-json\/wp\/v2\/media?parent=49318"}],"wp:term":[{"taxonomy":"product_brand","embeddable":true,"href":"https:\/\/urbex.direct\/de\/wp-json\/wp\/v2\/product_brand?post=49318"},{"taxonomy":"product_cat","embeddable":true,"href":"https:\/\/urbex.direct\/de\/wp-json\/wp\/v2\/product_cat?post=49318"},{"taxonomy":"product_tag","embeddable":true,"href":"https:\/\/urbex.direct\/de\/wp-json\/wp\/v2\/product_tag?post=49318"}],"curies":[{"name":"wp","href":"https:\/\/api.w.org\/{rel}","templated":true}]}}