{"id":49316,"date":"2023-10-11T08:59:39","date_gmt":"2023-10-11T07:59:39","guid":{"rendered":"https:\/\/urbex.direct\/?post_type=product&#038;p=49316"},"modified":"2024-06-20T08:41:53","modified_gmt":"2024-06-20T07:41:53","slug":"standortkarte-cotes-darmor-22-frankreich","status":"publish","type":"product","link":"https:\/\/urbex.direct\/de\/product\/location-map-cotes-darmor-22-france\/","title":{"rendered":"Urbex Map Frankreich, Bretagne: C\u00f4tes-d'Armor (22) (1 Jahr Zugang)"},"content":{"rendered":"<p>Diese Karte enth\u00e4lt die folgenden Orte:<\/p>\n\n\n\n<ul><li>L&#039;altes Haus im Ruhestand<\/li><li>Squash Club<\/li><li>Restaurant du Relais<\/li><li>Centre Spatial Bretagne<\/li><li>Ch\u00e2teau Morgane<\/li><li>Totem-Kraftwerk<\/li><li>Schule der M\u00fchle<\/li><li>Herrenhaus Pegasus<\/li><li>Club Forestier<\/li><li>Kulturzentrum<\/li><li>Herrenhaus K Braz \/ The K Braz Manor<\/li><li>Maison Seaview \/ Maison Chalkie<\/li><li>Maison Hantee Ros<\/li><li>Les maisons de la carri\u00e8re \/ Haus Pommerit<\/li><li>Herrenhaus Raveparty \/ Herrenhaus Kermar<\/li><li>Haus Misere \/ Haus Plem<\/li><li>Bar Le Colombo<\/li><li>Hotel Bon repos<\/li><li>Mini Gare Tuber<\/li><li>Maison du Capitaine<\/li><li>Garage und Bahnhof<\/li><li>Manoir Rave Party 2<\/li><li>Zentrum Aeree plouf<\/li><li>Schloss Ilan<\/li><li>Ferme de Sable<\/li><\/ul>","protected":false},"excerpt":{"rendered":"<p>&nbsp;<\/p>\n<p>Auf dieser urbex-Karte finden Sie alle Standorte der urbanen Erkundung (urbex) in<strong> Frankreich, Bretagne: C\u00f4tes-d'Armor (22).<\/strong> Diese Karte der verlorenen Orte wird mindestens 365 Tage nach dem Kauf aktualisiert und zug\u00e4nglich bleiben.<\/p>\n<p>Diese Karte enth\u00e4lt derzeit 25 der einzigartigsten urbanen Erkundungsorte in Frankreich, Bretagne: C\u00f4tes-d'Armor (22) und ist von \u00fcberall aus mit unserer einfach zu bedienenden Karte zug\u00e4nglich<strong>.<\/p>\n<p><\/strong><strong>Wenn Sie dieses Paket bereits besitzen, k\u00f6nnen Sie es \u00fcber <a href=\"\/de\/mein-account\/mitgliederbereich\/43905\/inhalt-meiner-mitgliedschaft\/\">Meine Karten &gt; Ansicht.<\/a><\/strong><strong><\/p>\n<p><\/strong><a href=\"#tab-description\">Liste aller Urbex-Standorte auf dieser Karte.<\/a><\/p>\n<p>&nbsp;<\/p>","protected":false},"featured_media":49320,"template":"","meta":[],"product_brand":[],"product_cat":[229,1039,226,322,1339,1135],"product_tag":[],"class_list":{"0":"post-49316","1":"product","2":"type-product","3":"status-publish","4":"has-post-thumbnail","6":"product_cat-bretagne","7":"product_cat-cotes-darmor-22","8":"product_cat-france","9":"product_cat-location-packs","10":"product_cat-maps-bretagne","11":"product_cat-maps-france","13":"first","14":"instock","15":"virtual","16":"taxable","17":"purchasable","18":"product-type-simple"},"jetpack_sharing_enabled":true,"_links":{"self":[{"href":"https:\/\/urbex.direct\/de\/wp-json\/wp\/v2\/product\/49316","targetHints":{"allow":["GET"]}}],"collection":[{"href":"https:\/\/urbex.direct\/de\/wp-json\/wp\/v2\/product"}],"about":[{"href":"https:\/\/urbex.direct\/de\/wp-json\/wp\/v2\/types\/product"}],"wp:featuredmedia":[{"embeddable":true,"href":"https:\/\/urbex.direct\/de\/wp-json\/wp\/v2\/media\/49320"}],"wp:attachment":[{"href":"https:\/\/urbex.direct\/de\/wp-json\/wp\/v2\/media?parent=49316"}],"wp:term":[{"taxonomy":"product_brand","embeddable":true,"href":"https:\/\/urbex.direct\/de\/wp-json\/wp\/v2\/product_brand?post=49316"},{"taxonomy":"product_cat","embeddable":true,"href":"https:\/\/urbex.direct\/de\/wp-json\/wp\/v2\/product_cat?post=49316"},{"taxonomy":"product_tag","embeddable":true,"href":"https:\/\/urbex.direct\/de\/wp-json\/wp\/v2\/product_tag?post=49316"}],"curies":[{"name":"wp","href":"https:\/\/api.w.org\/{rel}","templated":true}]}}