{"id":49263,"date":"2023-10-09T19:23:22","date_gmt":"2023-10-09T18:23:22","guid":{"rendered":"https:\/\/urbex.direct\/?post_type=product&#038;p=49263"},"modified":"2024-06-20T08:51:40","modified_gmt":"2024-06-20T07:51:40","slug":"standortkarte-aisne-02-frankreich","status":"publish","type":"product","link":"https:\/\/urbex.direct\/de\/product\/location-map-aisne-02-france\/","title":{"rendered":"Urbex Map Frankreich, Hauts-de-France: Aisne (02) (Zugang f\u00fcr 1 Jahr)"},"content":{"rendered":"<p>Diese Karte enth\u00e4lt die folgenden Orte:<\/p>\n<ul><li>Der Champ de Voitures Abandonn\u00e9es<\/li><li>Chateau Crazy Angelais Chateau du camion bleu<\/li><li>Das Haus Renault \/ Das Haus Twingo<\/li><li>Maison Sucrerie<\/li><li>Maison Thierry<\/li><li>Imperial Boite de Nuit<\/li><li>Anis Fort<\/li><li>Hirsbex<\/li><li>La gare de man\u0153uvre ronde \/ Der runde Rangierbahnhof<\/li><li>L&#039;abbaye Incendi\u00e9e<\/li><li>Waldvilla<\/li><li>Maison du Trappeur \/ Maison Lucienne \/ Maison De La Fouine<\/li><li>Ch\u00e2teau Chasseur<\/li><li>Maison Syntropique<\/li><li>Maison Gregory<\/li><li>Bunker CS<\/li><li>Maison Outils<\/li><li>Maisons voleuse d'\u00e2me<\/li><li>Maison BB<\/li><li>Maison Seife<\/li><li>Haus der Br\u00fcderlichkeit<\/li><li>Turm von Babel<\/li><li>Maison du Boucher<\/li><li>Tomb\u00e9e dans l'oublie<\/li><li>Maison Red Oma<\/li><\/ul>","protected":false},"excerpt":{"rendered":"<p>Auf dieser urbex-Karte finden Sie alle Standorte der urbanen Erkundung (urbex) in<strong> Frankreich, <\/strong><strong>Hauts-de-France<\/strong><strong>: Aisne (02).<\/strong> Diese Karte der verlorenen Orte wird mindestens 365 Tage nach dem Kauf aktualisiert und zug\u00e4nglich bleiben.<\/p>\n<p>Diese Karte enth\u00e4lt derzeit 25 der einzigartigsten urbanen Erkundungsorte in Frankreich, Hauts-de-France: Aisne (02) und ist von \u00fcberall aus mit unserer einfach zu bedienenden Karte zug\u00e4nglich<strong>.<\/strong><\/p>\n<p><strong>Wenn Sie dieses Paket bereits besitzen, k\u00f6nnen Sie es \u00fcber <a href=\"\/de\/mein-account\/mitgliederbereich\/43905\/inhalt-meiner-mitgliedschaft\/\">Meine Karten &gt; Ansicht.<\/a><\/strong><\/p>\n<p><a href=\"#tab-description\">Liste aller Urbex-Standorte auf dieser Karte.<\/a><\/p>","protected":false},"featured_media":49264,"template":"","meta":[],"product_brand":[],"product_cat":[1055,226,232,322,1135,1342],"product_tag":[],"class_list":{"0":"post-49263","1":"product","2":"type-product","3":"status-publish","4":"has-post-thumbnail","6":"product_cat-aisne-02","7":"product_cat-france","8":"product_cat-hauts-de-france","9":"product_cat-location-packs","10":"product_cat-maps-france","11":"product_cat-maps-hauts-de-france","13":"first","14":"instock","15":"virtual","16":"taxable","17":"purchasable","18":"product-type-simple"},"jetpack_sharing_enabled":true,"_links":{"self":[{"href":"https:\/\/urbex.direct\/de\/wp-json\/wp\/v2\/product\/49263","targetHints":{"allow":["GET"]}}],"collection":[{"href":"https:\/\/urbex.direct\/de\/wp-json\/wp\/v2\/product"}],"about":[{"href":"https:\/\/urbex.direct\/de\/wp-json\/wp\/v2\/types\/product"}],"wp:featuredmedia":[{"embeddable":true,"href":"https:\/\/urbex.direct\/de\/wp-json\/wp\/v2\/media\/49264"}],"wp:attachment":[{"href":"https:\/\/urbex.direct\/de\/wp-json\/wp\/v2\/media?parent=49263"}],"wp:term":[{"taxonomy":"product_brand","embeddable":true,"href":"https:\/\/urbex.direct\/de\/wp-json\/wp\/v2\/product_brand?post=49263"},{"taxonomy":"product_cat","embeddable":true,"href":"https:\/\/urbex.direct\/de\/wp-json\/wp\/v2\/product_cat?post=49263"},{"taxonomy":"product_tag","embeddable":true,"href":"https:\/\/urbex.direct\/de\/wp-json\/wp\/v2\/product_tag?post=49263"}],"curies":[{"name":"wp","href":"https:\/\/api.w.org\/{rel}","templated":true}]}}