{"id":48863,"date":"2023-09-21T09:17:56","date_gmt":"2023-09-21T08:17:56","guid":{"rendered":"https:\/\/urbex.direct\/?post_type=product&#038;p=48863"},"modified":"2024-06-20T08:41:11","modified_gmt":"2024-06-20T07:41:11","slug":"standort-karte-cote-dor-21-frankreich","status":"publish","type":"product","link":"https:\/\/urbex.direct\/de\/product\/location-map-cote-dor-21-france\/","title":{"rendered":"Urbex Karte Frankreich, Bourgogne-Franche-Comt\u00e9: C\u00f4te-d'Or (21) (1 Jahr Zugang)"},"content":{"rendered":"<p>Diese Karte enth\u00e4lt die folgenden Orte:<\/p>\n<ul><li>Villa Anjo Perdido Ch\u00e2teau Marianne Maison Roland Moog<\/li><li>Gallias Oppidum<\/li><li>Maison Piscine<\/li><li>Maison des Poupees 2.0<\/li><li>Eine alte Kirche und ihr Atelier<\/li><li>Hopital des Cygnes \/ Hopital Fonfdon<\/li><li>Herrenhaus Ludy<\/li><li>Boite de Nuit Piscine<\/li><li>CFA-Zentrum \/ Formation Agricole<\/li><li>Ausbildungseinrichtung<\/li><li>Ambush Club<\/li><li>Cimentiere de Tracteurs \/ Verrostete Traktoren<\/li><li>Traumvilla aus Beton<\/li><li>Usine Auto \/ Fabrik Berte<\/li><li>Die J\u00e4gerfarm<\/li><li>Maison Fox<\/li><li>Hotel Christine<\/li><li>Marcel Besson Fabrik<\/li><li>Fort M<\/li><li>Schloss der Herzogin Brigitte<\/li><li>Herrenhaus des Gl\u00fccks<\/li><li>Das Schloss der Vierge<\/li><li>Maison Vert<\/li><li>Maison Dans Les Orties<\/li><li>Archeodrom<\/li><li>Maison aux Jouets<\/li><li>Usine la Roche<\/li><li>Maison et Scierie<\/li><li>Maison du th\u00e9sauriseur<\/li><li>Maison Puzzlegame<\/li><li>Maison Sans dessus dessous<\/li><li>Chateau Larrey<\/li><li>Maison grin\u00e7ante<\/li><li>Schloss Romeo und Julia<\/li><\/ul>","protected":false},"excerpt":{"rendered":"<p>Auf dieser urbex-Karte finden Sie alle Standorte der urbanen Erkundung (urbex) in<strong> Frankreich, Bourgogne-Franche-Comt\u00e9, C\u00f4te-d'Or (21).<\/strong> Diese Karte der verlorenen Orte wird mindestens 365 Tage nach dem Kauf aktualisiert und zug\u00e4nglich bleiben.<\/p>\n<p>Diese Karte enth\u00e4lt derzeit 34 der einzigartigsten urbanen Entdeckungsorte in Frankreich, Bourgogne-Franche-Comt\u00e9: C\u00f4te-d'Or (21) und ist von \u00fcberall aus mit unserer einfach zu bedienenden Karte zug\u00e4nglich<strong>.<\/strong><\/p>\n<p><strong>Wenn Sie dieses Paket bereits besitzen, k\u00f6nnen Sie es \u00fcber <a href=\"\/de\/mein-account\/mitgliederbereich\/43905\/inhalt-meiner-mitgliedschaft\/\">Meine Karten &gt; Ansicht.<\/a><\/strong><\/p>\n<p><a href=\"#tab-description\">Liste aller Urbex-Standorte auf dieser Karte.<\/a><\/p>","protected":false},"featured_media":49051,"template":"","meta":[],"product_brand":[],"product_cat":[228,1012,226,322,1338,1135],"product_tag":[],"class_list":{"0":"post-48863","1":"product","2":"type-product","3":"status-publish","4":"has-post-thumbnail","6":"product_cat-bourgogne-franche-comte","7":"product_cat-cote-dor-21","8":"product_cat-france","9":"product_cat-location-packs","10":"product_cat-maps-bourgogne-franche-comte","11":"product_cat-maps-france","13":"first","14":"instock","15":"virtual","16":"taxable","17":"purchasable","18":"product-type-simple"},"jetpack_sharing_enabled":true,"_links":{"self":[{"href":"https:\/\/urbex.direct\/de\/wp-json\/wp\/v2\/product\/48863","targetHints":{"allow":["GET"]}}],"collection":[{"href":"https:\/\/urbex.direct\/de\/wp-json\/wp\/v2\/product"}],"about":[{"href":"https:\/\/urbex.direct\/de\/wp-json\/wp\/v2\/types\/product"}],"wp:featuredmedia":[{"embeddable":true,"href":"https:\/\/urbex.direct\/de\/wp-json\/wp\/v2\/media\/49051"}],"wp:attachment":[{"href":"https:\/\/urbex.direct\/de\/wp-json\/wp\/v2\/media?parent=48863"}],"wp:term":[{"taxonomy":"product_brand","embeddable":true,"href":"https:\/\/urbex.direct\/de\/wp-json\/wp\/v2\/product_brand?post=48863"},{"taxonomy":"product_cat","embeddable":true,"href":"https:\/\/urbex.direct\/de\/wp-json\/wp\/v2\/product_cat?post=48863"},{"taxonomy":"product_tag","embeddable":true,"href":"https:\/\/urbex.direct\/de\/wp-json\/wp\/v2\/product_tag?post=48863"}],"curies":[{"name":"wp","href":"https:\/\/api.w.org\/{rel}","templated":true}]}}