{"id":48862,"date":"2023-09-21T09:17:14","date_gmt":"2023-09-21T08:17:14","guid":{"rendered":"https:\/\/urbex.direct\/?post_type=product&#038;p=48862"},"modified":"2024-06-20T08:58:19","modified_gmt":"2024-06-20T07:58:19","slug":"standort-karte-alpes-maritimes-06-frankreich","status":"publish","type":"product","link":"https:\/\/urbex.direct\/de\/product\/location-map-alpes-maritimes-06-france\/","title":{"rendered":"Urbex Karte Frankreich, Provence-Alpes-C\u00f4te d'Azur: Alpes-Maritimes (06) (1 Jahr Zugang)"},"content":{"rendered":"<p>Diese Karte enth\u00e4lt die folgenden Orte:<\/p>\n<ul><li>Maison de l&#039;Assassin<\/li><li>Chapelle G<\/li><li>H\u00f4pital Felix Zehetner<\/li><li>Villa Sharon<\/li><li>Hotel mit Privatpool<\/li><li>Villa Valor<\/li><li>Manoir Kuba<\/li><li>Maison Pharaon<\/li><li>Hopital des Vents<\/li><li>Villa du Dictateur<\/li><li>Villa August Sangret<\/li><li>Hotel de l&#039;Anneau<\/li><li>Schloss Robert Hansen<\/li><li>Sternwarte sur mer<\/li><\/ul>","protected":false},"excerpt":{"rendered":"<p>Auf dieser urbex-Karte finden Sie alle Standorte der urbanen Erkundung (urbex) in<strong> Frankreich, <\/strong><strong>Provence-Alpes-C\u00f4te d'Azur<\/strong><strong>: Alpes-Maritimes (06).<\/strong> Diese Karte der verlorenen Orte wird mindestens 365 Tage nach dem Kauf aktualisiert und zug\u00e4nglich bleiben.<\/p>\n<p>Diese Karte enth\u00e4lt derzeit 14 der einzigartigsten urbanen Erkundungsorte in Frankreich, Provence-Alpes-C\u00f4te d'Azur: Alpes-Maritimes (06) und ist von \u00fcberall aus mit unserer einfach zu bedienenden Karte zug\u00e4nglich<strong>.<\/strong><\/p>\n<p><strong>Wenn Sie dieses Paket bereits besitzen, k\u00f6nnen Sie es \u00fcber <a href=\"\/de\/mein-account\/mitgliederbereich\/43905\/inhalt-meiner-mitgliedschaft\/\">Meine Karten &gt; Ansicht.<\/a><\/strong><\/p>\n<p><a href=\"#tab-description\">Liste aller Urbex-Standorte auf dieser Karte.<\/a><\/p>","protected":false},"featured_media":49061,"template":"","meta":[],"product_brand":[],"product_cat":[1022,226,322,1135,1348,317],"product_tag":[],"class_list":{"0":"post-48862","1":"product","2":"type-product","3":"status-publish","4":"has-post-thumbnail","6":"product_cat-alpes-maritimes-06","7":"product_cat-france","8":"product_cat-location-packs","9":"product_cat-maps-france","10":"product_cat-maps-provence-alpes-cote-dazur","11":"product_cat-provence-alpes-cote-dazur","13":"first","14":"instock","15":"virtual","16":"taxable","17":"purchasable","18":"product-type-simple"},"jetpack_sharing_enabled":true,"_links":{"self":[{"href":"https:\/\/urbex.direct\/de\/wp-json\/wp\/v2\/product\/48862","targetHints":{"allow":["GET"]}}],"collection":[{"href":"https:\/\/urbex.direct\/de\/wp-json\/wp\/v2\/product"}],"about":[{"href":"https:\/\/urbex.direct\/de\/wp-json\/wp\/v2\/types\/product"}],"wp:featuredmedia":[{"embeddable":true,"href":"https:\/\/urbex.direct\/de\/wp-json\/wp\/v2\/media\/49061"}],"wp:attachment":[{"href":"https:\/\/urbex.direct\/de\/wp-json\/wp\/v2\/media?parent=48862"}],"wp:term":[{"taxonomy":"product_brand","embeddable":true,"href":"https:\/\/urbex.direct\/de\/wp-json\/wp\/v2\/product_brand?post=48862"},{"taxonomy":"product_cat","embeddable":true,"href":"https:\/\/urbex.direct\/de\/wp-json\/wp\/v2\/product_cat?post=48862"},{"taxonomy":"product_tag","embeddable":true,"href":"https:\/\/urbex.direct\/de\/wp-json\/wp\/v2\/product_tag?post=48862"}],"curies":[{"name":"wp","href":"https:\/\/api.w.org\/{rel}","templated":true}]}}