{"id":48860,"date":"2023-09-21T09:15:55","date_gmt":"2023-09-21T08:15:55","guid":{"rendered":"https:\/\/urbex.direct\/?post_type=product&#038;p=48860"},"modified":"2024-06-20T08:57:02","modified_gmt":"2024-06-20T07:57:02","slug":"standortkarte-tarn-81-frankreich","status":"publish","type":"product","link":"https:\/\/urbex.direct\/de\/product\/location-map-tarn-81-france\/","title":{"rendered":"Urbex Karte Frankreich, Occitanie: Tarn (81) (1 Jahr Zugang)"},"content":{"rendered":"<p>Diese Karte enth\u00e4lt die folgenden Orte:<\/p>\n<ul><li>Eglise P<\/li><li>Schloss von L\u00e9z<\/li><li>Chateau la B<\/li><li>Seigneur-Geb\u00e4ude<\/li><li>Herrenhaus de la Rivi\u00e8re<\/li><li>Usine Infierno<\/li><li>Usine Migro<\/li><li>Villa Cubac<\/li><li>Maison du Roucan<\/li><li>Le Lavoir a Charbon<\/li><li>Gendarmerie<\/li><li>Kapelle Arlequin<\/li><li>Maison Triangle<\/li><li>Restaurant Katalanisch<\/li><li>Schloss V\u00e9t\u00e9rinaire<\/li><li>L'ancienne caserne<\/li><li>Bergleute in Unternehmen<\/li><li>Usine Naudy<\/li><li>Maison Bug<\/li><li>Maison Alzheimer<\/li><li>W\u00e4scherei Chatlana \/ W\u00e4scherei PZM<\/li><li>Schloss Montpinier<\/li><li>Moulin sur la berge<\/li><\/ul>","protected":false},"excerpt":{"rendered":"<p>Auf dieser urbex-Karte finden Sie alle Standorte der urbanen Erkundung (urbex) in<strong> Frankreich, <\/strong><strong>Okzitanien<\/strong><strong>: Tarn (81).<\/strong> Diese Karte der verlorenen Orte wird mindestens 365 Tage nach dem Kauf aktualisiert und zug\u00e4nglich bleiben.<\/p>\n<p>Diese Karte enth\u00e4lt derzeit 23 der einzigartigsten urbanen Erkundungsorte in Frankreich, Occitanie: Tarn (81) und ist von \u00fcberall aus mit unserer einfach zu bedienenden Karte zug\u00e4nglich<strong>.<\/strong><\/p>\n<p><strong>Wenn Sie dieses Paket bereits besitzen, k\u00f6nnen Sie es \u00fcber <a href=\"\/de\/mein-account\/mitgliederbereich\/43905\/inhalt-meiner-mitgliedschaft\/\">Meine Karten &gt; Ansicht.<\/a><\/strong><\/p>\n<p><a href=\"#tab-description\">Liste aller Urbex-Standorte auf dieser Karte.<\/a><\/p>","protected":false},"featured_media":49065,"template":"","meta":[],"product_brand":[],"product_cat":[226,322,1135,1346,236,1096],"product_tag":[],"class_list":{"0":"post-48860","1":"product","2":"type-product","3":"status-publish","4":"has-post-thumbnail","6":"product_cat-france","7":"product_cat-location-packs","8":"product_cat-maps-france","9":"product_cat-maps-occitanie","10":"product_cat-occitanie","11":"product_cat-tarn-81","13":"first","14":"instock","15":"virtual","16":"taxable","17":"purchasable","18":"product-type-simple"},"jetpack_sharing_enabled":true,"_links":{"self":[{"href":"https:\/\/urbex.direct\/de\/wp-json\/wp\/v2\/product\/48860","targetHints":{"allow":["GET"]}}],"collection":[{"href":"https:\/\/urbex.direct\/de\/wp-json\/wp\/v2\/product"}],"about":[{"href":"https:\/\/urbex.direct\/de\/wp-json\/wp\/v2\/types\/product"}],"wp:featuredmedia":[{"embeddable":true,"href":"https:\/\/urbex.direct\/de\/wp-json\/wp\/v2\/media\/49065"}],"wp:attachment":[{"href":"https:\/\/urbex.direct\/de\/wp-json\/wp\/v2\/media?parent=48860"}],"wp:term":[{"taxonomy":"product_brand","embeddable":true,"href":"https:\/\/urbex.direct\/de\/wp-json\/wp\/v2\/product_brand?post=48860"},{"taxonomy":"product_cat","embeddable":true,"href":"https:\/\/urbex.direct\/de\/wp-json\/wp\/v2\/product_cat?post=48860"},{"taxonomy":"product_tag","embeddable":true,"href":"https:\/\/urbex.direct\/de\/wp-json\/wp\/v2\/product_tag?post=48860"}],"curies":[{"name":"wp","href":"https:\/\/api.w.org\/{rel}","templated":true}]}}