{"id":48859,"date":"2023-09-21T09:15:13","date_gmt":"2023-09-21T08:15:13","guid":{"rendered":"https:\/\/urbex.direct\/?post_type=product&#038;p=48859"},"modified":"2024-06-20T08:56:50","modified_gmt":"2024-06-20T07:56:50","slug":"standortkarte-haute-garonne-31-frankreich","status":"publish","type":"product","link":"https:\/\/urbex.direct\/de\/product\/location-map-haute-garonne-31-france\/","title":{"rendered":"Urbex Map Frankreich, Occitanie: Haute-Garonne (31) (1 Jahr Zugang)"},"content":{"rendered":"<p>Diese Karte enth\u00e4lt die folgenden Orte:<\/p>\n<ul><li>Das Haus im Sel<\/li><li>Maison B<\/li><li>Garage OH MY G<\/li><li>Schloss Marguerite \/ Schloss Joachim Toro<\/li><li>Clinique Wisteria Hos<\/li><li>Usine Hirondelles<\/li><li>La Serre du Chirurgien<\/li><li>Ch\u00e2teau du Colonel<\/li><li>Krankenhaus Ch\u00e2teau<\/li><li>Ch\u00e2teau Voiture<\/li><li>Usine Plus<\/li><li>Manoir du Sud<\/li><li>Bateau Pirat \/ Le Bateau Restaurant<\/li><li>Haus der Schlangen<\/li><li>Maison G<\/li><li>Das Schloss mit den verdammten Fenstern<\/li><li>Autos Antiquit\u00e4ten<\/li><li>H\u00f4tel des Soeurs Papins<\/li><li>Usine de Bruss<\/li><li>L'orphelinat Color\u00e9 \/ Das bunte Waisenhaus<\/li><li>Haus des J\u00e4gers \/ Maison des Chasseurs<\/li><li>Ferienhaus CLF \/ Le Chalet du Biologiste<\/li><li>Manoir du capitaliste<\/li><li>Casino de la Montagne<\/li><li>Vieux et bien rouill\u00e9<\/li><li>Maison Astro<\/li><li>Maison Autoroute<\/li><li>Haus des K\u00f6nigs<\/li><li>Maison enfouie<\/li><li>Schnabeltier<\/li><li>Maison Lofi<\/li><li>Maison TB<\/li><li>Die Kneipe<\/li><li>Maison Mari<\/li><li>Maison de la cirrhose<\/li><li>Haus Deglingo<\/li><li>Ruine du Prince<\/li><li>Le vieux Moulin<\/li><li>Der aufgegebene Grill<\/li><li>Vieux-Hangar<\/li><li>Schlupfwinkel<\/li><li>Usine des Libres<\/li><li>Haus Einsturz<\/li><\/ul>","protected":false},"excerpt":{"rendered":"<p>Auf dieser urbex-Karte finden Sie alle Standorte der urbanen Erkundung (urbex) in<strong> Frankreich, <\/strong><strong>Okzitanien<\/strong><strong>: Haute-Garonne (31).<\/strong> Diese Karte der verlorenen Orte wird mindestens 365 Tage nach dem Kauf aktualisiert und zug\u00e4nglich bleiben.<\/p>\n<p>Diese Karte enth\u00e4lt derzeit 43 der einzigartigsten urbanen Erkundungsorte in Frankreich, Occitanie: Haute-Garonne (31) und ist von \u00fcberall aus mit unserer einfach zu bedienenden Karte zug\u00e4nglich<strong>.<\/strong><\/p>\n<p><strong>Wenn Sie dieses Paket bereits besitzen, k\u00f6nnen Sie es \u00fcber <a href=\"\/de\/mein-account\/mitgliederbereich\/43905\/inhalt-meiner-mitgliedschaft\/\">Meine Karten &gt; Ansicht.<\/a><\/strong><\/p>\n<p><a href=\"#tab-description\">Liste aller Urbex-Standorte auf dieser Karte.<\/a><\/p>","protected":false},"featured_media":49134,"template":"","meta":[],"product_brand":[],"product_cat":[226,1092,322,1135,1346,236],"product_tag":[],"class_list":{"0":"post-48859","1":"product","2":"type-product","3":"status-publish","4":"has-post-thumbnail","6":"product_cat-france","7":"product_cat-haute-garonne-31","8":"product_cat-location-packs","9":"product_cat-maps-france","10":"product_cat-maps-occitanie","11":"product_cat-occitanie","13":"first","14":"instock","15":"virtual","16":"taxable","17":"purchasable","18":"product-type-simple"},"jetpack_sharing_enabled":true,"_links":{"self":[{"href":"https:\/\/urbex.direct\/de\/wp-json\/wp\/v2\/product\/48859","targetHints":{"allow":["GET"]}}],"collection":[{"href":"https:\/\/urbex.direct\/de\/wp-json\/wp\/v2\/product"}],"about":[{"href":"https:\/\/urbex.direct\/de\/wp-json\/wp\/v2\/types\/product"}],"wp:featuredmedia":[{"embeddable":true,"href":"https:\/\/urbex.direct\/de\/wp-json\/wp\/v2\/media\/49134"}],"wp:attachment":[{"href":"https:\/\/urbex.direct\/de\/wp-json\/wp\/v2\/media?parent=48859"}],"wp:term":[{"taxonomy":"product_brand","embeddable":true,"href":"https:\/\/urbex.direct\/de\/wp-json\/wp\/v2\/product_brand?post=48859"},{"taxonomy":"product_cat","embeddable":true,"href":"https:\/\/urbex.direct\/de\/wp-json\/wp\/v2\/product_cat?post=48859"},{"taxonomy":"product_tag","embeddable":true,"href":"https:\/\/urbex.direct\/de\/wp-json\/wp\/v2\/product_tag?post=48859"}],"curies":[{"name":"wp","href":"https:\/\/api.w.org\/{rel}","templated":true}]}}