{"id":48857,"date":"2023-09-21T09:14:06","date_gmt":"2023-09-21T08:14:06","guid":{"rendered":"https:\/\/urbex.direct\/?post_type=product&#038;p=48857"},"modified":"2024-06-20T08:59:59","modified_gmt":"2024-06-20T07:59:59","slug":"standortkarte-pyrenees-atlantiques-64-frankreich","status":"publish","type":"product","link":"https:\/\/urbex.direct\/de\/product\/location-map-pyrenees-atlantiques-64-france\/","title":{"rendered":"Urbex Map Frankreich, Nouvelle-Aquitaine: Pyr\u00e9n\u00e9es-Atlantiques (64) (1 Jahr Zugang)"},"content":{"rendered":"<p>Diese Karte enth\u00e4lt die folgenden Orte:<\/p>\n<ul><li>Ch\u00e2teau Bijoux<\/li><li>H\u00f4tel d'Angleterre<\/li><li>Waschsalon L\u00e9on<\/li><li>Schloss Affranchis \/ Schloss Aristo \/ Schloss Mirador<\/li><li>Chateau NP<\/li><li>H\u00f4tel des Princes<\/li><li>Schloss Matti Haapoja<\/li><li>Sanatorium Thierry Paulin<\/li><li>Maison Rouge<\/li><li>Bo\u00eete de Nuit Jalousie<\/li><li>Ch\u00e2teau du mage blanc<\/li><li>La Belle Maison<\/li><li>Maison Plague<\/li><li>Ungesehenes Haus<\/li><li>Villa Winsti<\/li><li>Maison Les Flots<\/li><li>Ferme Fifi<\/li><li>Maison Pissenlit<\/li><li>Maison 7 jumelles<\/li><li>Clinique Beaulieu<\/li><\/ul>","protected":false},"excerpt":{"rendered":"<p>Auf dieser urbex-Karte finden Sie alle Standorte der urbanen Erkundung (urbex) in<strong> Frankreich, Nouvelle-Aquitaine: Pyr\u00e9n\u00e9es-Atlantiques (64).<\/strong> Diese Karte der verlorenen Orte wird mindestens 365 Tage nach dem Kauf aktualisiert und zug\u00e4nglich bleiben.<\/p>\n<p>Diese Karte enth\u00e4lt derzeit 20 der einzigartigsten urbanen Erkundungsorte in Frankreich, Nouvelle-Aquitaine: Pyr\u00e9n\u00e9es-Atlantiques (64) und ist von \u00fcberall aus mit unserer einfach zu bedienenden Karte zug\u00e4nglich<strong>.<\/strong><\/p>\n<p><strong>Wenn Sie dieses Paket bereits besitzen, k\u00f6nnen Sie es \u00fcber <a href=\"\/de\/mein-account\/mitgliederbereich\/43905\/inhalt-meiner-mitgliedschaft\/\">Meine Karten &gt; Ansicht.<\/a><\/strong><\/p>\n<p><a href=\"#tab-description\">Liste aller Urbex-Standorte auf dieser Karte.<\/a><\/p>","protected":false},"featured_media":49140,"template":"","meta":[],"product_brand":[],"product_cat":[226,322,1135,1349,235,1077],"product_tag":[],"class_list":{"0":"post-48857","1":"product","2":"type-product","3":"status-publish","4":"has-post-thumbnail","6":"product_cat-france","7":"product_cat-location-packs","8":"product_cat-maps-france","9":"product_cat-maps-nouvelle-aquitaine","10":"product_cat-nouvelle-aquitaine","11":"product_cat-pyrenees-atlantiques-64","13":"first","14":"instock","15":"virtual","16":"taxable","17":"purchasable","18":"product-type-simple"},"jetpack_sharing_enabled":true,"_links":{"self":[{"href":"https:\/\/urbex.direct\/de\/wp-json\/wp\/v2\/product\/48857","targetHints":{"allow":["GET"]}}],"collection":[{"href":"https:\/\/urbex.direct\/de\/wp-json\/wp\/v2\/product"}],"about":[{"href":"https:\/\/urbex.direct\/de\/wp-json\/wp\/v2\/types\/product"}],"wp:featuredmedia":[{"embeddable":true,"href":"https:\/\/urbex.direct\/de\/wp-json\/wp\/v2\/media\/49140"}],"wp:attachment":[{"href":"https:\/\/urbex.direct\/de\/wp-json\/wp\/v2\/media?parent=48857"}],"wp:term":[{"taxonomy":"product_brand","embeddable":true,"href":"https:\/\/urbex.direct\/de\/wp-json\/wp\/v2\/product_brand?post=48857"},{"taxonomy":"product_cat","embeddable":true,"href":"https:\/\/urbex.direct\/de\/wp-json\/wp\/v2\/product_cat?post=48857"},{"taxonomy":"product_tag","embeddable":true,"href":"https:\/\/urbex.direct\/de\/wp-json\/wp\/v2\/product_tag?post=48857"}],"curies":[{"name":"wp","href":"https:\/\/api.w.org\/{rel}","templated":true}]}}