{"id":48856,"date":"2023-09-21T09:13:26","date_gmt":"2023-09-21T08:13:26","guid":{"rendered":"https:\/\/urbex.direct\/?post_type=product&#038;p=48856"},"modified":"2024-06-20T08:59:26","modified_gmt":"2024-06-20T07:59:26","slug":"standortkarte-gironde-33-frankreich","status":"publish","type":"product","link":"https:\/\/urbex.direct\/de\/product\/location-map-gironde-33-france\/","title":{"rendered":"Urbex Map Frankreich, Nouvelle-Aquitaine: Gironde (33) (1 Jahr Zugang)"},"content":{"rendered":"<p>Diese Karte enth\u00e4lt die folgenden Orte:<\/p>\n<ul><li>Schloss Corrida<\/li><li>Villa Bel Sito<\/li><li>Ch\u00e2teau JQ<\/li><li>Ch\u00e2teau Disney<\/li><li>Manoir jeu de Dames \/ Manoir Capsule<\/li><li>Haus Bernadette<\/li><li>Maison la Foret<\/li><li>Maison du Peintre<\/li><li>Pap\u00e8terie NA<\/li><li>Chateau Grand Cru<\/li><li>Hotel Luis Garavito<\/li><li>Herrenhaus Antoinette Scieri<\/li><li>Villa La Roseraie<\/li><li>Wohnheim Le Signal<\/li><li>Ch\u00e2teau Edward Gein<\/li><li>Herrenhaus John Christie<\/li><li>Ch\u00e2teau de l'Acteur \/ Guy Rampillon<\/li><li>Maison du Poltergeist<\/li><li>Villa Carte Blanche<\/li><li>Haus der Bacheliers<\/li><li>Maison Ruche<\/li><li>Maison Villarbille<\/li><li>Ch\u00e2teau Babylon<\/li><li>Sanatorium des Mimosas<\/li><li>Maison Aquatique<\/li><li>Maison de l'otage<\/li><li>Schloss Helene Jegado<\/li><li>Hotel Jane Reth<\/li><li>Chateau le Scrill<\/li><li>Manoir Mystique<\/li><li>Ch\u00e2teau de l'hermitage \/ Chateau Trudeau<\/li><li>Maison d\u00e9tente<\/li><li>Maison de la Bourgeoisie<\/li><li>Herrenhaus Libert\u00e9<\/li><li>Petite maison aux roses<\/li><li>Der Bauernhof des alten Albert<\/li><li>Sanatorium Wal<\/li><li>Ch\u00e2teau Bois-Fleuri<\/li><li>Chateau Bennet<\/li><li>Bois-Wirtschaft<\/li><li>Ballade du Bois<\/li><li>Die Laufbahn von C<\/li><li>Usine Renault<\/li><li>Basis-Amiral<\/li><li>Maison Vignes<\/li><li>La Banque<\/li><li>Maison Popo<\/li><li>Herrenhaus der Winzer<\/li><li>Maison des oisillons<\/li><li>L'ancien orphelinat<\/li><li>Maison du bon vieux temps<\/li><li>Fischbecken VT<\/li><li>Die Lagerung im Wald<\/li><li>\u00dcberreste der Grande Ferme<\/li><li>Maison Lilli<\/li><\/ul>","protected":false},"excerpt":{"rendered":"<p>Auf dieser urbex-Karte finden Sie alle Standorte der urbanen Erkundung (urbex) in<strong> Frankreich, Nouvelle-Aquitaine: Gironde (33).<\/strong> Diese Karte der verlorenen Orte wird mindestens 365 Tage nach dem Kauf aktualisiert und zug\u00e4nglich bleiben.<\/p>\n<p>Diese Karte enth\u00e4lt derzeit 55 der einzigartigsten urbanen Entdeckungsorte in Frankreich, Nouvelle-Aquitaine: Gironde (33) und ist von \u00fcberall aus mit unserer einfach zu bedienenden Karte zug\u00e4nglich<strong>.<\/strong><\/p>\n<p><strong>Wenn Sie dieses Paket bereits besitzen, k\u00f6nnen Sie es \u00fcber <a href=\"\/de\/mein-account\/mitgliederbereich\/43905\/inhalt-meiner-mitgliedschaft\/\">Meine Karten &gt; Ansicht.<\/a><\/strong><\/p>\n<p><a href=\"#tab-description\">Liste aller Urbex-Standorte auf dieser Karte.<\/a><\/p>","protected":false},"featured_media":49143,"template":"","meta":[],"product_brand":[],"product_cat":[226,1074,322,1135,1349,235],"product_tag":[],"class_list":{"0":"post-48856","1":"product","2":"type-product","3":"status-publish","4":"has-post-thumbnail","6":"product_cat-france","7":"product_cat-gironde-33","8":"product_cat-location-packs","9":"product_cat-maps-france","10":"product_cat-maps-nouvelle-aquitaine","11":"product_cat-nouvelle-aquitaine","13":"first","14":"instock","15":"virtual","16":"taxable","17":"purchasable","18":"product-type-simple"},"jetpack_sharing_enabled":true,"_links":{"self":[{"href":"https:\/\/urbex.direct\/de\/wp-json\/wp\/v2\/product\/48856","targetHints":{"allow":["GET"]}}],"collection":[{"href":"https:\/\/urbex.direct\/de\/wp-json\/wp\/v2\/product"}],"about":[{"href":"https:\/\/urbex.direct\/de\/wp-json\/wp\/v2\/types\/product"}],"wp:featuredmedia":[{"embeddable":true,"href":"https:\/\/urbex.direct\/de\/wp-json\/wp\/v2\/media\/49143"}],"wp:attachment":[{"href":"https:\/\/urbex.direct\/de\/wp-json\/wp\/v2\/media?parent=48856"}],"wp:term":[{"taxonomy":"product_brand","embeddable":true,"href":"https:\/\/urbex.direct\/de\/wp-json\/wp\/v2\/product_brand?post=48856"},{"taxonomy":"product_cat","embeddable":true,"href":"https:\/\/urbex.direct\/de\/wp-json\/wp\/v2\/product_cat?post=48856"},{"taxonomy":"product_tag","embeddable":true,"href":"https:\/\/urbex.direct\/de\/wp-json\/wp\/v2\/product_tag?post=48856"}],"curies":[{"name":"wp","href":"https:\/\/api.w.org\/{rel}","templated":true}]}}