{"id":48853,"date":"2023-09-21T09:10:06","date_gmt":"2023-09-21T08:10:06","guid":{"rendered":"https:\/\/urbex.direct\/?post_type=product&#038;p=48853"},"modified":"2024-06-20T08:55:32","modified_gmt":"2024-06-20T07:55:32","slug":"standortkarte-eure-27-frankreich","status":"publish","type":"product","link":"https:\/\/urbex.direct\/de\/product\/location-map-eure-27-france\/","title":{"rendered":"Urbex Karte Frankreich, Normandie: Eure (27) (1 Jahr Zugang)"},"content":{"rendered":"<p>Diese Karte enth\u00e4lt die folgenden Orte:<\/p>\n<ul><li>Verstecktes Maison 4<\/li><li>Chateau PSP<\/li><li>Schloss Villa Dilme<\/li><li>Gro\u00dfartiger Betrieb<\/li><li>Chateau Anzeray<\/li><li>Chateau des Singes<\/li><li>Garage Jaguar<\/li><li>Maison Bernou<\/li><li>Manoir Jules<\/li><li>Herrenhaus Christelle<\/li><li>Chateau des Bustes<\/li><li>Ch\u00e2teau Japonais<\/li><li>Manoir Crochet \/ Maison Broderie \/ Maison Autotunne \/ Maison Peluche<\/li><li>Manoir du Riche Physicien<\/li><li>Maison du Taxidermiste<\/li><li>Manoir du Chien Mort<\/li><li>Haus Sentier \/ Haus des J\u00e4gers (Maison du Chasseur)<\/li><li>Manoir Haringford \/ Das Zimmer 2.0<\/li><li>Herrenhaus Simca<\/li><li>Haus Paulette \/ Haus Dames<\/li><li>Herrenhaus des Lumieres<\/li><li>Maison vie Sauvage<\/li><li>Haus Synth\u00e9 \/ Villa Rose<\/li><li>Maison des fr\u00e8res jumeaux<\/li><li>Ch\u00e2teau des enfants perdus<\/li><li>Maison Tete de Chien<\/li><li>Cimentiere des Fous<\/li><li>Herrenhaus Freya<\/li><li>Haus Peugeot<\/li><li>Villa T<\/li><li>Usine du D\u00e9sespoir<\/li><li>Haus Avre<\/li><li>Maison Firedamage<\/li><li>Maison Ginger<\/li><li>Hinterhof-Scheunen<\/li><li>Das brennende Eisenbahner-Museum<\/li><li>Stockage du raisin<\/li><li>Grange de la brocanteuse<\/li><li>Maison Turret<\/li><li>Maison du m\u00e9canicien<\/li><li>Maison WE<\/li><li>Die Hoarders Farm<\/li><\/ul>","protected":false},"excerpt":{"rendered":"<p>Auf dieser urbex-Karte finden Sie alle Standorte der urbanen Erkundung (urbex) in<strong> Frankreich, <\/strong><strong>Normandie<\/strong><strong>: Eure (27).<\/strong> Diese Karte der verlorenen Orte wird mindestens 365 Tage nach dem Kauf aktualisiert und zug\u00e4nglich bleiben.<\/p>\n<p>Diese Karte enth\u00e4lt derzeit 42 der einzigartigsten urbanen Erkundungsorte in Frankreich, Normandie: Eure (27) und ist von \u00fcberall mit unserer einfach zu bedienenden Karte zug\u00e4nglich<strong>.<\/strong><\/p>\n<p><strong>Wenn Sie dieses Paket bereits besitzen, k\u00f6nnen Sie es \u00fcber <a href=\"\/de\/mein-account\/mitgliederbereich\/43905\/inhalt-meiner-mitgliedschaft\/\">Meine Karten &gt; Ansicht.<\/a><\/strong><\/p>\n<p><a href=\"#tab-description\">Liste aller Urbex-Standorte auf dieser Karte.<\/a><\/p>","protected":false},"featured_media":49090,"template":"","meta":[],"product_brand":[],"product_cat":[1071,226,322,1135,1344,234],"product_tag":[],"class_list":{"0":"post-48853","1":"product","2":"type-product","3":"status-publish","4":"has-post-thumbnail","6":"product_cat-eure-27","7":"product_cat-france","8":"product_cat-location-packs","9":"product_cat-maps-france","10":"product_cat-maps-normandie","11":"product_cat-normandie","13":"first","14":"instock","15":"virtual","16":"taxable","17":"purchasable","18":"product-type-simple"},"jetpack_sharing_enabled":true,"_links":{"self":[{"href":"https:\/\/urbex.direct\/de\/wp-json\/wp\/v2\/product\/48853","targetHints":{"allow":["GET"]}}],"collection":[{"href":"https:\/\/urbex.direct\/de\/wp-json\/wp\/v2\/product"}],"about":[{"href":"https:\/\/urbex.direct\/de\/wp-json\/wp\/v2\/types\/product"}],"wp:featuredmedia":[{"embeddable":true,"href":"https:\/\/urbex.direct\/de\/wp-json\/wp\/v2\/media\/49090"}],"wp:attachment":[{"href":"https:\/\/urbex.direct\/de\/wp-json\/wp\/v2\/media?parent=48853"}],"wp:term":[{"taxonomy":"product_brand","embeddable":true,"href":"https:\/\/urbex.direct\/de\/wp-json\/wp\/v2\/product_brand?post=48853"},{"taxonomy":"product_cat","embeddable":true,"href":"https:\/\/urbex.direct\/de\/wp-json\/wp\/v2\/product_cat?post=48853"},{"taxonomy":"product_tag","embeddable":true,"href":"https:\/\/urbex.direct\/de\/wp-json\/wp\/v2\/product_tag?post=48853"}],"curies":[{"name":"wp","href":"https:\/\/api.w.org\/{rel}","templated":true}]}}