{"id":48848,"date":"2023-09-21T09:06:45","date_gmt":"2023-09-21T08:06:45","guid":{"rendered":"https:\/\/urbex.direct\/?post_type=product&#038;p=48848"},"modified":"2024-06-20T08:52:19","modified_gmt":"2024-06-20T07:52:19","slug":"standortkarte-pas-de-calais-62-frankreich","status":"publish","type":"product","link":"https:\/\/urbex.direct\/de\/product\/location-map-pas-de-calais-62-france\/","title":{"rendered":"Urbex Map Frankreich, Hauts-de-France: Pas-de-Calais (62) (1 Jahr Zugang)"},"content":{"rendered":"<p>Diese Karte enth\u00e4lt die folgenden Orte:<\/p>\n<ul><li>Auto-Stimmung<\/li><li>Schloss l&#039; Elan<\/li><li>Faserfieber<\/li><li>Herr Grau<\/li><li>Maison aux Plantes<\/li><li>Herrenhaus Grano<\/li><li>Onkel Donald<\/li><li>Maison Jacke<\/li><li>Ferme Leclerc<\/li><li>Krankenhaus B\u00e9b\u00e9 qui Pleure<\/li><li>Ferme Lam<\/li><li>Kapelle du Roy<\/li><li>Maison du d\u00e9pressif<\/li><li>Gare Maritime \/ F\u00e4hrhafen<\/li><li>Manoir Pendulum<\/li><li>Maison Marionettes<\/li><li>Villa Anglais<\/li><li>Maison Papillon Blau<\/li><li>Herrenhaus des Aristokraten \/ Ferme d&#039;Agatha<\/li><li>Herrenhaus von Gotna<\/li><li>Ferme Paradise<\/li><li>Chateau Jonquille<\/li><li>Bergwerk du Grimpeur<\/li><li>Maison Tacot<\/li><li>Die Leichenhalle von Dieu<\/li><li>La Ferme Paradis<\/li><li>Maison Gepetto<\/li><li>Manoir Wiederauferstehung<\/li><li>Voiture Tetris \/ Tetris Autos<\/li><li>Ferme Merlier<\/li><li>Maison Seimreh<\/li><li>Maison du Table<\/li><li>Restaurant Tipi<\/li><li>Usine Verte<\/li><li>Garde \u00e0 vue<\/li><li>Die alten Bergbau-Geb\u00e4ude<\/li><li>Maison Bies<\/li><li>Maison Tartar<\/li><li>Das Winterhaus<\/li><li>Herrenhaus Jeu de Dames<\/li><li>Haus der Natur<\/li><li>Maison Groundkeeper<\/li><li>Die Bunkerfelder<\/li><li>Ferme Cornet \/ Bauernhof<\/li><li>Club Osmose<\/li><li>Ferme de l'oncle Joe<\/li><li>Entbindungsklinik<\/li><li>La Vache Folle<\/li><\/ul>","protected":false},"excerpt":{"rendered":"<p>Auf dieser urbex-Karte finden Sie alle Standorte der urbanen Erkundung (urbex) in<strong> Frankreich, <\/strong><strong>Hauts-de-France<\/strong><strong>: Pas-de-Calais (62).<\/strong>\u00a0Diese Karte der verlorenen Orte wird mindestens 365 Tage nach dem Kauf aktualisiert und zug\u00e4nglich bleiben.<\/p>\n<p>Diese Karte enth\u00e4lt derzeit 48 der einzigartigsten urbanen Erkundungsorte in Frankreich, Hauts-de-France: Pas-de-Calais (62) und ist von \u00fcberall aus mit unserer einfach zu bedienenden Karte zug\u00e4nglich<strong>.<\/strong><\/p>\n<p><strong>Wenn Sie dieses Paket bereits besitzen, k\u00f6nnen Sie es \u00fcber <a href=\"\/de\/mein-account\/mitgliederbereich\/43905\/inhalt-meiner-mitgliedschaft\/\">Meine Karten &gt; Ansicht.<\/a><\/strong><\/p>\n<p><a href=\"#tab-description\">Liste aller Urbex-Standorte auf dieser Karte.<\/a><\/p>","protected":false},"featured_media":49116,"template":"","meta":[],"product_brand":[],"product_cat":[226,232,322,1135,1342,1054],"product_tag":[],"class_list":{"0":"post-48848","1":"product","2":"type-product","3":"status-publish","4":"has-post-thumbnail","6":"product_cat-france","7":"product_cat-hauts-de-france","8":"product_cat-location-packs","9":"product_cat-maps-france","10":"product_cat-maps-hauts-de-france","11":"product_cat-pas-de-calais-62","13":"first","14":"instock","15":"virtual","16":"taxable","17":"purchasable","18":"product-type-simple"},"jetpack_sharing_enabled":true,"_links":{"self":[{"href":"https:\/\/urbex.direct\/de\/wp-json\/wp\/v2\/product\/48848","targetHints":{"allow":["GET"]}}],"collection":[{"href":"https:\/\/urbex.direct\/de\/wp-json\/wp\/v2\/product"}],"about":[{"href":"https:\/\/urbex.direct\/de\/wp-json\/wp\/v2\/types\/product"}],"wp:featuredmedia":[{"embeddable":true,"href":"https:\/\/urbex.direct\/de\/wp-json\/wp\/v2\/media\/49116"}],"wp:attachment":[{"href":"https:\/\/urbex.direct\/de\/wp-json\/wp\/v2\/media?parent=48848"}],"wp:term":[{"taxonomy":"product_brand","embeddable":true,"href":"https:\/\/urbex.direct\/de\/wp-json\/wp\/v2\/product_brand?post=48848"},{"taxonomy":"product_cat","embeddable":true,"href":"https:\/\/urbex.direct\/de\/wp-json\/wp\/v2\/product_cat?post=48848"},{"taxonomy":"product_tag","embeddable":true,"href":"https:\/\/urbex.direct\/de\/wp-json\/wp\/v2\/product_tag?post=48848"}],"curies":[{"name":"wp","href":"https:\/\/api.w.org\/{rel}","templated":true}]}}