{"id":48843,"date":"2023-09-21T08:53:22","date_gmt":"2023-09-21T07:53:22","guid":{"rendered":"https:\/\/urbex.direct\/?post_type=product&#038;p=48843"},"modified":"2024-06-20T08:48:10","modified_gmt":"2024-06-20T07:48:10","slug":"standortkarte-moselle-57-frankreich","status":"publish","type":"product","link":"https:\/\/urbex.direct\/de\/product\/location-map-moselle-57-france\/","title":{"rendered":"Urbex Map Frankreich, Grand Est: Moselle (57) (1 Jahr Zugang)"},"content":{"rendered":"<p>Diese Karte enth\u00e4lt die folgenden Orte:<\/p>\n<ul><li>Bunker V<\/li><li>Bunker K<\/li><li>Elektrische Arbeiten<\/li><li>Travaux d'Aliens<\/li><li>Kaserne d&#039; Ange<\/li><li>Maginotbunker Gros Ouvrage de Rochonvillers<\/li><li>HFX<\/li><li>Kriegsgefangenschaft<\/li><li>Camp de la Mort<\/li><li>U Verlagerung Saar<\/li><li>Puits Simon<\/li><li>Ferme Edouard<\/li><li>Maison du Passionn\u00e9<\/li><li>Grube des Grimpeurs<\/li><li>Casino Royale<\/li><li>Gare de Stroff<\/li><li>Base Militaire des Engins de Guerre<\/li><li>Der Herbenteich<\/li><li>Maison Kaltbach<\/li><li>Hangar mit Flugzeugen<\/li><li>Das Vinyll Chalet<\/li><li>Centre Mobilisateur abandonn\u00e9<\/li><li>Gare HB<\/li><li>Hunter's Cabin<\/li><li>Maison pl\u00e2trage<\/li><li>Maison du Maquetiste<\/li><li>Geb\u00e4ude des Lyzeums<\/li><li>Wasserbecken Fronti\u00e8re<\/li><\/ul>","protected":false},"excerpt":{"rendered":"<p>Auf dieser urbex-Karte finden Sie alle Standorte der urbanen Erkundung (urbex) in<strong> Frankreich, <\/strong><strong>Grand Est<\/strong><strong>: Mosel (57).<\/strong> Diese Karte der verlorenen Orte wird mindestens 365 Tage nach dem Kauf aktualisiert und zug\u00e4nglich bleiben.<\/p>\n<p>Diese Karte enth\u00e4lt derzeit 28 der einzigartigsten urbanen Erkundungsorte in Frankreich, Grand Est: Moselle (57) und ist von \u00fcberall aus mit unserer einfach zu bedienenden Karte zug\u00e4nglich<strong>.<\/strong><\/p>\n<p><strong>Wenn Sie dieses Paket bereits besitzen, k\u00f6nnen Sie es \u00fcber <a href=\"\/de\/mein-account\/mitgliederbereich\/43905\/inhalt-meiner-mitgliedschaft\/\">Meine Karten &gt; Ansicht.<\/a><\/strong><\/p>","protected":false},"featured_media":49149,"template":"","meta":[],"product_brand":[],"product_cat":[226,231,322,1135,1341,1051],"product_tag":[],"class_list":{"0":"post-48843","1":"product","2":"type-product","3":"status-publish","4":"has-post-thumbnail","6":"product_cat-france","7":"product_cat-grand-est","8":"product_cat-location-packs","9":"product_cat-maps-france","10":"product_cat-maps-grand-est","11":"product_cat-moselle-57","13":"first","14":"instock","15":"virtual","16":"taxable","17":"purchasable","18":"product-type-simple"},"jetpack_sharing_enabled":true,"_links":{"self":[{"href":"https:\/\/urbex.direct\/de\/wp-json\/wp\/v2\/product\/48843","targetHints":{"allow":["GET"]}}],"collection":[{"href":"https:\/\/urbex.direct\/de\/wp-json\/wp\/v2\/product"}],"about":[{"href":"https:\/\/urbex.direct\/de\/wp-json\/wp\/v2\/types\/product"}],"wp:featuredmedia":[{"embeddable":true,"href":"https:\/\/urbex.direct\/de\/wp-json\/wp\/v2\/media\/49149"}],"wp:attachment":[{"href":"https:\/\/urbex.direct\/de\/wp-json\/wp\/v2\/media?parent=48843"}],"wp:term":[{"taxonomy":"product_brand","embeddable":true,"href":"https:\/\/urbex.direct\/de\/wp-json\/wp\/v2\/product_brand?post=48843"},{"taxonomy":"product_cat","embeddable":true,"href":"https:\/\/urbex.direct\/de\/wp-json\/wp\/v2\/product_cat?post=48843"},{"taxonomy":"product_tag","embeddable":true,"href":"https:\/\/urbex.direct\/de\/wp-json\/wp\/v2\/product_tag?post=48843"}],"curies":[{"name":"wp","href":"https:\/\/api.w.org\/{rel}","templated":true}]}}