{"id":48830,"date":"2023-09-20T09:58:58","date_gmt":"2023-09-20T08:58:58","guid":{"rendered":"https:\/\/urbex.direct\/?post_type=product&#038;p=48830"},"modified":"2024-06-20T08:46:14","modified_gmt":"2024-06-20T07:46:14","slug":"standortplan-aube-10-frankreich","status":"publish","type":"product","link":"https:\/\/urbex.direct\/de\/product\/location-map-aube-10-france\/","title":{"rendered":"Urbex Karte Frankreich, Grand Est: Aube (10) (1 Jahr Zugang)"},"content":{"rendered":"<p>Diese Karte enth\u00e4lt die folgenden Orte:<\/p>\n<ul><li>Flugzeug-Friedhof<\/li><li>Ch\u00e2teau Bourgeois<\/li><li>Ch\u00e2teau de la chaise<\/li><li>Tr\u00e9sor de Guerre<\/li><li>Weinkeller Saint-Julien<\/li><li>Fu\u00dffabrik<\/li><li>Villa Tarcas<\/li><li>Verlorene Fahrzeuge<\/li><li>Ancien Aerodrome<\/li><li>Usine Malfoy \/ Die gro\u00dfe verlassene Fabrik<\/li><li>Kapelle der Toten \/ Chapelle des Morts<\/li><li>Chateau Hector \/ Schloss des Pr\u00e4sidenten&#039;s<\/li><li>Maisons Fiesta \/ Maison Jumelles<\/li><li>Die Bagnolensammlung<\/li><li>Maison d'Alekse\u00ef \/ Autosammlung<\/li><li>Herrenhaus petroucka \/ Maison Russia \/ Maison Poudine<\/li><li>Haus aus den 90ern \/ 90er Zeitkapsel<\/li><li>Die Tipi-Disco<\/li><li>Maison PapiPapi<\/li><li>Le rep\u00e8re des Pirates \/ Bootsfriedhof<\/li><li>Restaurant de Castor<\/li><li>Maison moineaux<\/li><li>Teinturerie des Moines<\/li><li>Hochschule 1934<\/li><li>Maison Alcohol Addict<\/li><\/ul>","protected":false},"excerpt":{"rendered":"<p>Auf dieser urbex-Karte finden Sie alle Standorte der urbanen Erkundung (urbex) in<strong> Frankreich, <\/strong><strong>Grand Est<\/strong><strong>: Aube (10).<\/strong> Diese Karte der verlorenen Orte wird mindestens 365 Tage nach dem Kauf aktualisiert und zug\u00e4nglich bleiben.<\/p>\n<p>Diese Karte enth\u00e4lt derzeit 25 der einzigartigsten urbanen Erkundungsorte in Frankreich, Grand Est: Aube (10) und ist von \u00fcberall mit unserer einfach zu bedienenden Karte zug\u00e4nglich<strong>.<\/strong><\/p>\n<p><strong>Wenn Sie dieses Paket bereits besitzen, k\u00f6nnen Sie es \u00fcber <a href=\"\/de\/mein-account\/mitgliederbereich\/43905\/inhalt-meiner-mitgliedschaft\/\">Meine Karten &gt; Ansicht.<\/a><\/strong><\/p>","protected":false},"featured_media":49133,"template":"","meta":[],"product_brand":[],"product_cat":[1046,226,231,322,1135,1341],"product_tag":[],"class_list":{"0":"post-48830","1":"product","2":"type-product","3":"status-publish","4":"has-post-thumbnail","6":"product_cat-aube-10","7":"product_cat-france","8":"product_cat-grand-est","9":"product_cat-location-packs","10":"product_cat-maps-france","11":"product_cat-maps-grand-est","13":"first","14":"instock","15":"virtual","16":"taxable","17":"purchasable","18":"product-type-simple"},"jetpack_sharing_enabled":true,"_links":{"self":[{"href":"https:\/\/urbex.direct\/de\/wp-json\/wp\/v2\/product\/48830","targetHints":{"allow":["GET"]}}],"collection":[{"href":"https:\/\/urbex.direct\/de\/wp-json\/wp\/v2\/product"}],"about":[{"href":"https:\/\/urbex.direct\/de\/wp-json\/wp\/v2\/types\/product"}],"wp:featuredmedia":[{"embeddable":true,"href":"https:\/\/urbex.direct\/de\/wp-json\/wp\/v2\/media\/49133"}],"wp:attachment":[{"href":"https:\/\/urbex.direct\/de\/wp-json\/wp\/v2\/media?parent=48830"}],"wp:term":[{"taxonomy":"product_brand","embeddable":true,"href":"https:\/\/urbex.direct\/de\/wp-json\/wp\/v2\/product_brand?post=48830"},{"taxonomy":"product_cat","embeddable":true,"href":"https:\/\/urbex.direct\/de\/wp-json\/wp\/v2\/product_cat?post=48830"},{"taxonomy":"product_tag","embeddable":true,"href":"https:\/\/urbex.direct\/de\/wp-json\/wp\/v2\/product_tag?post=48830"}],"curies":[{"name":"wp","href":"https:\/\/api.w.org\/{rel}","templated":true}]}}