{"id":48826,"date":"2023-09-20T09:55:21","date_gmt":"2023-09-20T08:55:21","guid":{"rendered":"https:\/\/urbex.direct\/?post_type=product&#038;p=48826"},"modified":"2024-06-20T08:40:10","modified_gmt":"2024-06-20T07:40:10","slug":"standort-karte-rhone-69-frankreich","status":"publish","type":"product","link":"https:\/\/urbex.direct\/de\/product\/location-map-rhone-69-france\/","title":{"rendered":"Urbex Map Frankreich, Auvergne-Rh\u00f4ne-Alps: Rh\u00f4ne (69) (1 Jahr Zugang)"},"content":{"rendered":"<p>Diese Karte enth\u00e4lt die folgenden Orte:<\/p>\n<ul><li>Eglise Demi-Lune<\/li><li>Usine du Lion<\/li><li>Maison Belleroche<\/li><li>Ch\u00e2teau du Saoudien \/ Schloss Saoudien<\/li><li>Kleines Industriegebiet<\/li><li>Verlorener Lidl<\/li><li>Manoir Immense<\/li><li>Grand Ancienne Maison de Retraite<\/li><li>Hotel du Monarque<\/li><li>Grand Usine<\/li><li>Quitter l&#039;\u00e9cole<\/li><li>V\u00e9randa de V\u00e9g\u00e9tation<\/li><li>Ancienne Maison de Retraite<\/li><li>Restaurant LR<\/li><li>Mini Maison<\/li><li>Maison D\u00e9pottiore<\/li><li>Vieille Petite Gare Abandonn\u00e9e<\/li><li>Grande Gare Abandonn\u00e9e<\/li><li>Maison Super Maman<\/li><li>Chateau Acide<\/li><li>Die Autofabrik<\/li><li>Grand garage sans toit<\/li><li>Das letzte Gefecht \/ Le Dernier Combat<\/li><li>Villa Mourir<\/li><li>Maison de la R\u00e9publique<\/li><li>Haus Ouadjet<\/li><li>Sender Radio DD<\/li><li>Maison Brouette<\/li><li>Eb\u00e9nisterie de Marcel<\/li><li>Z\u00fcge der Rhone<\/li><\/ul>","protected":false},"excerpt":{"rendered":"<p>Auf dieser urbex-Karte finden Sie alle Standorte der urbanen Erkundung (urbex) in<strong> Frankreich, Auvergne-Rh\u00f4ne-Alps, Rh\u00f4ne (69).<\/strong> Diese Karte der verlorenen Orte wird mindestens 365 Tage nach dem Kauf aktualisiert und zug\u00e4nglich bleiben.<\/p>\n<p>Diese Karte enth\u00e4lt derzeit 30 der einzigartigsten urbanen Entdeckungsorte in Frankreich, Auvergne-Rh\u00f4ne-Alps: Rh\u00f4ne (69) und ist von \u00fcberall aus mit unserer einfach zu bedienenden Karte zug\u00e4nglich<strong>.<\/strong><\/p>\n<p><strong>Wenn Sie dieses Paket bereits besitzen, k\u00f6nnen Sie es \u00fcber <a href=\"\/de\/mein-account\/mitgliederbereich\/43905\/inhalt-meiner-mitgliedschaft\/\">Meine Karten &gt; Ansicht.<\/a><\/strong><\/p>\n<p><a href=\"#tab-description\">Liste aller Urbex-Standorte auf dieser Karte.<\/a><\/p>","protected":false},"featured_media":49129,"template":"","meta":[],"product_brand":[],"product_cat":[227,226,322,1336,1135,1009],"product_tag":[],"class_list":{"0":"post-48826","1":"product","2":"type-product","3":"status-publish","4":"has-post-thumbnail","6":"product_cat-auvergne-rhone-alps","7":"product_cat-france","8":"product_cat-location-packs","9":"product_cat-maps-auvergne-rhone-alps","10":"product_cat-maps-france","11":"product_cat-rhone-69","13":"first","14":"instock","15":"virtual","16":"taxable","17":"purchasable","18":"product-type-simple"},"jetpack_sharing_enabled":true,"_links":{"self":[{"href":"https:\/\/urbex.direct\/de\/wp-json\/wp\/v2\/product\/48826","targetHints":{"allow":["GET"]}}],"collection":[{"href":"https:\/\/urbex.direct\/de\/wp-json\/wp\/v2\/product"}],"about":[{"href":"https:\/\/urbex.direct\/de\/wp-json\/wp\/v2\/types\/product"}],"wp:featuredmedia":[{"embeddable":true,"href":"https:\/\/urbex.direct\/de\/wp-json\/wp\/v2\/media\/49129"}],"wp:attachment":[{"href":"https:\/\/urbex.direct\/de\/wp-json\/wp\/v2\/media?parent=48826"}],"wp:term":[{"taxonomy":"product_brand","embeddable":true,"href":"https:\/\/urbex.direct\/de\/wp-json\/wp\/v2\/product_brand?post=48826"},{"taxonomy":"product_cat","embeddable":true,"href":"https:\/\/urbex.direct\/de\/wp-json\/wp\/v2\/product_cat?post=48826"},{"taxonomy":"product_tag","embeddable":true,"href":"https:\/\/urbex.direct\/de\/wp-json\/wp\/v2\/product_tag?post=48826"}],"curies":[{"name":"wp","href":"https:\/\/api.w.org\/{rel}","templated":true}]}}