{"id":48825,"date":"2023-09-20T09:54:27","date_gmt":"2023-09-20T08:54:27","guid":{"rendered":"https:\/\/urbex.direct\/?post_type=product&#038;p=48825"},"modified":"2024-06-20T08:39:40","modified_gmt":"2024-06-20T07:39:40","slug":"standort-karte-puy-de-dome-63-frankreich","status":"publish","type":"product","link":"https:\/\/urbex.direct\/de\/product\/location-map-puy-de-dome-63-france\/","title":{"rendered":"Urbex Map Frankreich, Auvergne-Rh\u00f4ne-Alps: Puy-de-D\u00f4me (63) (1 Jahr Zugang)"},"content":{"rendered":"<p>Diese Karte enth\u00e4lt die folgenden Orte:<\/p>\n<ul><li>Les Thermes Verts \/ Das gr\u00fcne Bad<\/li><li>Maison Martre<\/li><li>Les Thermes Rose<\/li><li>Diskothek The Lem<\/li><li>Chateau Exodus<\/li><li>Schloss Julie \/ Chateau Dennis Rader<\/li><li>Ch\u00e2teau Contorsionniste \/ Ch\u00e2teau Heracles \/ Ch\u00e2teau Cordiste<\/li><li>Hotel Capitole<\/li><li>Camping de Vacance La Roche<\/li><li>Les Bains Romains<\/li><li>H\u00f4tel Voiture Rouge \/ Hotel Rouge<\/li><li>Maison de repos Montagnarde<\/li><li>Piscine Percer<\/li><li>Ecole des Couteaux<\/li><li>Bergbauernhof<\/li><li>Coutellerie und Papeterie<\/li><li>Die ruin\u00f6se Industrie<\/li><\/ul>","protected":false},"excerpt":{"rendered":"<p>Auf dieser urbex-Karte finden Sie alle Standorte der urbanen Erkundung (urbex) in<strong> Frankreich, Auvergne-Rh\u00f4ne-Alps, Puy-de-D\u00f4me (63).<\/strong> Diese Karte der verlorenen Orte wird mindestens 365 Tage nach dem Kauf aktualisiert und zug\u00e4nglich bleiben.<\/p>\n<p>Diese Karte enth\u00e4lt derzeit 17 der einzigartigsten urbanen Entdeckungsorte in Frankreich, Auvergne-Rh\u00f4ne-Alps: Puy-de-D\u00f4me (63) und ist von \u00fcberall aus mit unserer einfach zu bedienenden Karte zug\u00e4nglich<strong>.<\/strong><\/p>\n<p><strong>Wenn Sie dieses Paket bereits besitzen, k\u00f6nnen Sie es \u00fcber <a href=\"\/de\/mein-account\/mitgliederbereich\/43905\/inhalt-meiner-mitgliedschaft\/\">Meine Karten &gt; Ansicht.<\/a><\/strong><\/p>\n<p><a href=\"#tab-description\">Liste aller Urbex-Standorte auf dieser Karte.<\/a><\/p>","protected":false},"featured_media":49056,"template":"","meta":[],"product_brand":[],"product_cat":[227,226,322,1336,1135,1003],"product_tag":[],"class_list":{"0":"post-48825","1":"product","2":"type-product","3":"status-publish","4":"has-post-thumbnail","6":"product_cat-auvergne-rhone-alps","7":"product_cat-france","8":"product_cat-location-packs","9":"product_cat-maps-auvergne-rhone-alps","10":"product_cat-maps-france","11":"product_cat-puy-de-dome-63","13":"first","14":"instock","15":"virtual","16":"taxable","17":"purchasable","18":"product-type-simple"},"jetpack_sharing_enabled":true,"_links":{"self":[{"href":"https:\/\/urbex.direct\/de\/wp-json\/wp\/v2\/product\/48825","targetHints":{"allow":["GET"]}}],"collection":[{"href":"https:\/\/urbex.direct\/de\/wp-json\/wp\/v2\/product"}],"about":[{"href":"https:\/\/urbex.direct\/de\/wp-json\/wp\/v2\/types\/product"}],"wp:featuredmedia":[{"embeddable":true,"href":"https:\/\/urbex.direct\/de\/wp-json\/wp\/v2\/media\/49056"}],"wp:attachment":[{"href":"https:\/\/urbex.direct\/de\/wp-json\/wp\/v2\/media?parent=48825"}],"wp:term":[{"taxonomy":"product_brand","embeddable":true,"href":"https:\/\/urbex.direct\/de\/wp-json\/wp\/v2\/product_brand?post=48825"},{"taxonomy":"product_cat","embeddable":true,"href":"https:\/\/urbex.direct\/de\/wp-json\/wp\/v2\/product_cat?post=48825"},{"taxonomy":"product_tag","embeddable":true,"href":"https:\/\/urbex.direct\/de\/wp-json\/wp\/v2\/product_tag?post=48825"}],"curies":[{"name":"wp","href":"https:\/\/api.w.org\/{rel}","templated":true}]}}