{"id":48824,"date":"2023-09-20T09:53:22","date_gmt":"2023-09-20T08:53:22","guid":{"rendered":"https:\/\/urbex.direct\/?post_type=product&#038;p=48824"},"modified":"2024-06-20T08:39:51","modified_gmt":"2024-06-20T07:39:51","slug":"standortkarte-isere-38-frankreich","status":"publish","type":"product","link":"https:\/\/urbex.direct\/de\/product\/location-map-isere-38-france\/","title":{"rendered":"Urbex Map Frankreich, Auvergne-Rh\u00f4ne-Alps: Puy-de-Is\u00e8re (38) (1 Jahr Zugang)"},"content":{"rendered":"<p>Diese Karte enth\u00e4lt die folgenden Orte:<\/p>\n<ul><li>\u00c4lterer Betrieb f\u00fcr Elektrochemie<\/li><li>Verlassene Olympische Skisprungschanze \/ Grand Saut<\/li><li>Maison Angus<\/li><li>Pierre-Dufour-Kloster<\/li><li>Cimenterie Hulk<\/li><li>Villa Hestia<\/li><li>G\u00e9ographisches Institut Geographisches Institut<\/li><li>Maison Le Port<\/li><li>Chateau Helix<\/li><li>Usine Siner<\/li><li>Die Parf\u00fcmerie<\/li><li>Chateau Carre<\/li><li>Energetischer Wald<\/li><li>Maison Coeur<\/li><li>Hotel Perlinpinpin<\/li><li>Usine Belle Croix<\/li><li>Usine Rubin<\/li><li>Usine Hock<\/li><li>Villa Bob&#039;s Legs<\/li><li>Chateau des Allem<\/li><li>Usine 38<\/li><li>Usine Dieb<\/li><li>La brasserie dans les bois<\/li><li>Zentraler Jahrgang<\/li><li>Geistertunnel<\/li><\/ul>","protected":false},"excerpt":{"rendered":"<p>Auf dieser urbex-Karte finden Sie alle Standorte der urbanen Erkundung (urbex) in<strong> Frankreich, Auvergne-Rh\u00f4ne-Alps, Puy-de-Is\u00e8re (38).<\/strong> Diese Karte der verlorenen Orte wird mindestens 365 Tage nach dem Kauf aktualisiert und zug\u00e4nglich bleiben.<\/p>\n<p>Diese Karte enth\u00e4lt derzeit 25 der einzigartigsten urbanen Entdeckungsorte in Frankreich, Auvergne-Rh\u00f4ne-Alps: Is\u00e8re (38) und ist von \u00fcberall aus mit unserer einfach zu bedienenden Karte zug\u00e4nglich<strong>.<\/strong><\/p>\n<p><strong>Wenn Sie dieses Paket bereits besitzen, k\u00f6nnen Sie es \u00fcber <a href=\"\/de\/mein-account\/mitgliederbereich\/43905\/inhalt-meiner-mitgliedschaft\/\">Meine Karten &gt; Ansicht.<\/a><\/strong><\/p>\n<p><a href=\"#tab-description\">Liste aller Urbex-Standorte auf dieser Karte.<\/a><\/p>","protected":false},"featured_media":49126,"template":"","meta":[],"product_brand":[],"product_cat":[227,226,1007,322,1336,1135],"product_tag":[],"class_list":{"0":"post-48824","1":"product","2":"type-product","3":"status-publish","4":"has-post-thumbnail","6":"product_cat-auvergne-rhone-alps","7":"product_cat-france","8":"product_cat-isere-38","9":"product_cat-location-packs","10":"product_cat-maps-auvergne-rhone-alps","11":"product_cat-maps-france","13":"first","14":"instock","15":"virtual","16":"taxable","17":"purchasable","18":"product-type-simple"},"jetpack_sharing_enabled":true,"_links":{"self":[{"href":"https:\/\/urbex.direct\/de\/wp-json\/wp\/v2\/product\/48824","targetHints":{"allow":["GET"]}}],"collection":[{"href":"https:\/\/urbex.direct\/de\/wp-json\/wp\/v2\/product"}],"about":[{"href":"https:\/\/urbex.direct\/de\/wp-json\/wp\/v2\/types\/product"}],"wp:featuredmedia":[{"embeddable":true,"href":"https:\/\/urbex.direct\/de\/wp-json\/wp\/v2\/media\/49126"}],"wp:attachment":[{"href":"https:\/\/urbex.direct\/de\/wp-json\/wp\/v2\/media?parent=48824"}],"wp:term":[{"taxonomy":"product_brand","embeddable":true,"href":"https:\/\/urbex.direct\/de\/wp-json\/wp\/v2\/product_brand?post=48824"},{"taxonomy":"product_cat","embeddable":true,"href":"https:\/\/urbex.direct\/de\/wp-json\/wp\/v2\/product_cat?post=48824"},{"taxonomy":"product_tag","embeddable":true,"href":"https:\/\/urbex.direct\/de\/wp-json\/wp\/v2\/product_tag?post=48824"}],"curies":[{"name":"wp","href":"https:\/\/api.w.org\/{rel}","templated":true}]}}