{"id":48776,"date":"2023-09-16T14:03:49","date_gmt":"2023-09-16T13:03:49","guid":{"rendered":"https:\/\/urbex.direct\/?post_type=product&#038;p=48776"},"modified":"2024-06-20T08:38:35","modified_gmt":"2024-06-20T07:38:35","slug":"standort-karte-ain-1-frankreich","status":"publish","type":"product","link":"https:\/\/urbex.direct\/de\/product\/location-map-ain-1-france\/","title":{"rendered":"Urbex Map Frankreich, Auvergne-Rh\u00f4ne-Alps: Ain (1) (Zugang f\u00fcr 1 Jahr)"},"content":{"rendered":"<p>Diese Karte enth\u00e4lt die folgenden Orte:<\/p>\n<ul><li>Manoir aux fant\u00f4mes<\/li><li>Maison Bollirison<\/li><li>Chateau TH<\/li><li>Zentrum Multisport<\/li><li>Sanatorium du Lac gel\u00e9<\/li><li>Maison Jungle \/ Maison du sauvage<\/li><li>Chateau Bellevue<\/li><li>H\u00f4tel de la Faucille<\/li><li>Die Handelswarenfabrik \/ Usine Vulcain<\/li><li>Cimeti\u00e8re de train Mergeais<\/li><li>Die Unbekannte Fabrik \/ \u00d6dland I<\/li><li>Schloss Bellesyri<\/li><li>Das Herrenhaus der Jets<\/li><li>Diskothek Titanic \/ Diskothek aux Facettes<\/li><li>Chateau Blanc 2.0<\/li><li>Das Schloss von Bohas<\/li><li>Manoir Flipper \/ Herrenhaus-Flipper<\/li><li>Maison Panda<\/li><li>Die Garage mit Wracks<\/li><li>Manoir Horloge<\/li><li>Usine Mister Django<\/li><li>Maison Paucod<\/li><\/ul>","protected":false},"excerpt":{"rendered":"<p>Auf dieser urbex-Karte finden Sie alle Standorte der urbanen Erkundung (urbex) in<strong> Frankreich, Auvergne-Rh\u00f4ne-Alps, Ain (1).<\/strong> Diese Karte der verlorenen Orte wird mindestens 365 Tage nach dem Kauf aktualisiert und zug\u00e4nglich bleiben.<\/p>\n<p>Diese Karte enth\u00e4lt derzeit 22 der einzigartigsten urbanen Entdeckungsorte in Frankreich, Auvergne-Rh\u00f4ne-Alps: Ain (1) und ist von \u00fcberall aus mit unserer einfach zu bedienenden Karte zug\u00e4nglich<strong>.<\/strong><\/p>\n<p><strong>Wenn Sie dieses Paket bereits besitzen, k\u00f6nnen Sie es \u00fcber <a href=\"\/de\/mein-account\/mitgliederbereich\/43905\/inhalt-meiner-mitgliedschaft\/\">Meine Karten &gt; Ansicht.<\/a><\/strong><\/p>\n<p><a href=\"#tab-description\">Liste aller Urbex-Standorte auf dieser Karte.<\/a><\/p>","protected":false},"featured_media":49059,"template":"","meta":[],"product_brand":[],"product_cat":[1004,227,226,322,1336,1135],"product_tag":[323],"class_list":{"0":"post-48776","1":"product","2":"type-product","3":"status-publish","4":"has-post-thumbnail","6":"product_cat-ain-01","7":"product_cat-auvergne-rhone-alps","8":"product_cat-france","9":"product_cat-location-packs","10":"product_cat-maps-auvergne-rhone-alps","11":"product_cat-maps-france","12":"product_tag-locationpack","14":"first","15":"instock","16":"virtual","17":"taxable","18":"purchasable","19":"product-type-simple"},"jetpack_sharing_enabled":true,"_links":{"self":[{"href":"https:\/\/urbex.direct\/de\/wp-json\/wp\/v2\/product\/48776","targetHints":{"allow":["GET"]}}],"collection":[{"href":"https:\/\/urbex.direct\/de\/wp-json\/wp\/v2\/product"}],"about":[{"href":"https:\/\/urbex.direct\/de\/wp-json\/wp\/v2\/types\/product"}],"wp:featuredmedia":[{"embeddable":true,"href":"https:\/\/urbex.direct\/de\/wp-json\/wp\/v2\/media\/49059"}],"wp:attachment":[{"href":"https:\/\/urbex.direct\/de\/wp-json\/wp\/v2\/media?parent=48776"}],"wp:term":[{"taxonomy":"product_brand","embeddable":true,"href":"https:\/\/urbex.direct\/de\/wp-json\/wp\/v2\/product_brand?post=48776"},{"taxonomy":"product_cat","embeddable":true,"href":"https:\/\/urbex.direct\/de\/wp-json\/wp\/v2\/product_cat?post=48776"},{"taxonomy":"product_tag","embeddable":true,"href":"https:\/\/urbex.direct\/de\/wp-json\/wp\/v2\/product_tag?post=48776"}],"curies":[{"name":"wp","href":"https:\/\/api.w.org\/{rel}","templated":true}]}}