{"id":45858,"date":"2022-12-07T17:03:40","date_gmt":"2022-12-07T17:03:40","guid":{"rendered":"https:\/\/urbex.direct\/?post_type=product&#038;p=45858"},"modified":"2025-05-27T20:12:57","modified_gmt":"2025-05-27T19:12:57","slug":"standort-karte-nordrhein-westfalen","status":"publish","type":"product","link":"https:\/\/urbex.direct\/de\/product\/location-map-de-north-rhine-westphalia\/","title":{"rendered":"Urbex Map Deutschland: Nordrhein-Westfalen (1 oder 2 Jahre Zugang)"},"content":{"rendered":"<p>Diese Karte enth\u00e4lt die folgenden Orte: <ul><li>Luftwaffenst\u00fctzpunkt B<\/li><li>BM Hotel<\/li><li>Cafe Eisenbahn<\/li><li>Camp Hitfeld<\/li><li>China Imbiss<\/li><li>Restaurant Eichhof<\/li><li>Flower Valley Bar<\/li><li>Haus Fontanna<\/li><li>Haus-Rhenus<\/li><li>Institut Mollenkotten<\/li><li>Der Herr der Ringe<\/li><li>Verlorene Panzer<\/li><li>Schwimmbad B<\/li><li>Sonnenschein-Fabrik<\/li><li>Villa Bogata<\/li><li>Villa Muhr<\/li><li>Wollseifen<\/li><li>Zeche Rudolf<\/li><li>Gew\u00e4chsh\u00e4user<\/li><li>Fabrik Feuerfest<\/li><li>Lungensanatorium<\/li><li>Bauernhof JRT<\/li><li>Kaserene ENG<\/li><li>Verlassen der Schule<\/li><li>Keksfabrik<\/li><li>Hotel Kino \/ Weser Lichtspiele<\/li><li>Armaturenfabrik<\/li><li>Haus des Jagers<\/li><li>Freibad<\/li><li>Norton<\/li><li>St. A Krankenhaus<\/li><li>Tuchfabrik<\/li><li>Zeche N<\/li><li>Zugbr\u00fccke W<\/li><li>Verbrannter Boden<\/li><li>Bauernhof Heu<\/li><li>Sauerei H\u00fctte<\/li><li>Hexenhaus<\/li><li>Kunstschule<\/li><li>Drahtfabrik<\/li><li>Zeche DB<\/li><li>Das Alte Krankenhaus<\/li><li>Schwarze Kirche<\/li><li>Die Ehemalige Suchtklinik<\/li><li>Kazerne Herongen<\/li><li>Flugzeughangar<\/li><li>Haus des Sch\u00e4nders<\/li><li>Haus FOS<\/li><li>Der WW2-Bunker<\/li><li>Eisenbahntunnel<\/li><li>Das Totenhaus<\/li><li>Unifinished Hotel H<\/li><li>Maison Markus<\/li><li>Leere Tankstelle<\/li><li>Muna-Bunker<\/li><li>Steinbruch M<\/li><li>Buschflugzeug<\/li><li>Das Hallenbad<\/li><li>Das Alte Strandhotel<\/li><li>Munitionsbunker<\/li><li>Das Haus der verlorenen Kinder&amp;#039<\/li><li>Das Camp ist vorbei<\/li><li>Maison Chinapalace<\/li><li>Hippie-Caf\u00e9<\/li><li>Das Einkaufszentrum<\/li><li>Biker Fabrik<\/li><li>Die Musikbar<\/li><li>Spielhaus der Pferde<\/li><li>Friedhof der Wandelnden<\/li><li>Ziegelei an der Villa<\/li><li>Das blaue Kino<\/li><li>Angriff vom Mars<\/li><li>NAVO-Rohrleitung<\/li><li>WW2 Schie\u00dfstand<\/li><li>Bunker Klein<\/li><li>Alte Eisenbahnbr\u00fccke Deutschland<\/li><li>Kino XXX<\/li><li>Beim Zahnarzt \/ Bij de Tandarts<\/li><li>Bootswrack<\/li><li>Imbisswagen<\/li><li>Kaserne S<\/li><li>Gespenstische Gr\u00e4ber<\/li><li>Haus des Anglers<\/li><li>Das stillgelegte Schwimmbad<\/li><li>Bunker im Wald<\/li><li>Der alte Kalkofen<\/li><li>Bauernhof Europa<\/li><li>Krankenhaus B<\/li><li>Bergbauschule<\/li><li>Bunker inmitten des Waldes<\/li><li>Die vergessene Kirche im Wald<\/li><li>Kalkfabrik<\/li><li>Haus der Lehrerin<\/li><li>Pool und Restaurant<\/li><li>SS-Milit\u00e4rlager<\/li><li>Gesch\u00fctzte Munitionslagerung<\/li><li>Hotel am See<\/li><li>Der Kalkoven<\/li><li>Die blaue Fabrik<\/li><li>Die Kasse des Chefs<\/li><\/ul><\/p>","protected":false},"excerpt":{"rendered":"<p>Auf dieser urbex-Karte finden Sie alle Standorte der urbanen Erkundung (urbex) in<strong> Deutschland, Nordrhein- Westfalen.<\/strong> Diese Karte der verlorenen Orte wird mindestens 365 Tage nach dem Kauf aktualisiert und zug\u00e4nglich bleiben. <\/p>\n<p>Diese Karte enth\u00e4lt derzeit 100 der einzigartigsten urbanen Erkundungsorte in Deutschland: Nordrhein-Westfalen und ist von \u00fcberall aus mit unserer einfach zu bedienenden Karte zug\u00e4nglich<strong>. <\/p>\n<p><\/strong><strong>Wenn Sie dieses Paket bereits besitzen, k\u00f6nnen Sie es \u00fcber <a href=\"\/de\/mein-account\/mitgliederbereich\/43905\/inhalt-meiner-mitgliedschaft\/\">Meine Karten &gt; Ansicht.<\/a><\/strong> <a href=\"#tab-description\">Liste aller Urbex-Standorte auf dieser Karte.<\/a><\/p>","protected":false},"featured_media":48118,"template":"","meta":[],"product_brand":[],"product_cat":[210,322,1229,218],"product_tag":[],"class_list":{"0":"post-45858","1":"product","2":"type-product","3":"status-publish","4":"has-post-thumbnail","6":"product_cat-germany","7":"product_cat-location-packs","8":"product_cat-maps-germany","9":"product_cat-north-rhine-westphalia","11":"first","12":"instock","13":"taxable","14":"shipping-taxable","15":"purchasable","16":"product-type-variable"},"jetpack_sharing_enabled":true,"_links":{"self":[{"href":"https:\/\/urbex.direct\/de\/wp-json\/wp\/v2\/product\/45858","targetHints":{"allow":["GET"]}}],"collection":[{"href":"https:\/\/urbex.direct\/de\/wp-json\/wp\/v2\/product"}],"about":[{"href":"https:\/\/urbex.direct\/de\/wp-json\/wp\/v2\/types\/product"}],"wp:featuredmedia":[{"embeddable":true,"href":"https:\/\/urbex.direct\/de\/wp-json\/wp\/v2\/media\/48118"}],"wp:attachment":[{"href":"https:\/\/urbex.direct\/de\/wp-json\/wp\/v2\/media?parent=45858"}],"wp:term":[{"taxonomy":"product_brand","embeddable":true,"href":"https:\/\/urbex.direct\/de\/wp-json\/wp\/v2\/product_brand?post=45858"},{"taxonomy":"product_cat","embeddable":true,"href":"https:\/\/urbex.direct\/de\/wp-json\/wp\/v2\/product_cat?post=45858"},{"taxonomy":"product_tag","embeddable":true,"href":"https:\/\/urbex.direct\/de\/wp-json\/wp\/v2\/product_tag?post=45858"}],"curies":[{"name":"wp","href":"https:\/\/api.w.org\/{rel}","templated":true}]}}