{"id":45839,"date":"2022-12-07T16:29:55","date_gmt":"2022-12-07T16:29:55","guid":{"rendered":"https:\/\/urbex.direct\/?post_type=product&#038;p=45839"},"modified":"2025-05-22T18:00:55","modified_gmt":"2025-05-22T17:00:55","slug":"standort-karte-es-toskana-2023-2","status":"publish","type":"product","link":"https:\/\/urbex.direct\/de\/product\/location-map-it-tuscany\/","title":{"rendered":"Urbex Karte Italien: Toskana (1 oder 2 Jahre Zugang)"},"content":{"rendered":"<p>Diese Karte enth\u00e4lt die folgenden Orte:<\/p>\n<ul><li>Manicomio di Volterra<\/li><li>Therme Del Corallo<\/li><li>Sanatorium Lucia<\/li><li>Villa Viale<\/li><li>Eisstation Zebra<\/li><li>Villa EB<\/li><li>Hotel Zano<\/li><li>Annesso di Zano<\/li><li>Villa GM<\/li><li>\u00d6zg\u00fcr Dengiz Nachtclub<\/li><li>Villa Sbertoli<\/li><li>Sanatorium Bellavista<\/li><li>Borgo di Villa S Verlorenes Dorf<\/li><li>Dschungel-Pool<\/li><li>Villa Delle Virtu<\/li><li>Casa Della Nonna<\/li><li>Villa Condom<\/li><li>Steampunk-Gew\u00e4chshaus<\/li><li>Villa Del Dottore LG<\/li><li>Villa Canneto<\/li><li>Villa del Farmacista<\/li><li>Residenza signorile<\/li><li>Villa delle statue<\/li><li>Haus Solitario<\/li><li>Kloster der gl\u00fccklichen M\u00f6nche (Convento delle monache felice)<\/li><li>Istituto Salesiano<\/li><li>Gr\u00fcnes Krankenhaus \/ Colosso Grigio<\/li><li>La Serra Thermale \/ Bagno Thermale<\/li><li>Capella M<\/li><li>Il bagno sulfureo abbandonato<\/li><li>Spa GP<\/li><li>Castello Zano \/ Nicht Plus Ultra<\/li><li>Tassa-Kloster<\/li><li>Villa Pappagaio<\/li><li>Villa Carduci<\/li><li>Giovanni-Schule<\/li><li>Das Schloss von Montepescini<\/li><li>Gebrauchsgegenst\u00e4nde<\/li><li>Villa della carrozzina \/ Villa della Resistenza<\/li><li>Il castello senza Re nel borgo di Nessuno<\/li><li>Therme BG<\/li><li>Casas Gialla Infestata<\/li><li>Villa Mirabella<\/li><li>Al Trotto Ippodromo<\/li><li>Incubo in cucina<\/li><li>Villa H\u00e4nsel und Gretel<\/li><li>Sternenstaub<\/li><li>Keramische Anlage<\/li><li>Hotel Madonna<\/li><li>Hotel Eagle<\/li><li>Casa di Rosa<\/li><li>Vecchio e ruggine<\/li><li>Rosso Chimico<\/li><li>Casa della ferrovia<\/li><li>Fornace nella foresta<\/li><li>Dschungelmarkt<\/li><li>Werksglanz<\/li><li>Forte PR<\/li><li>Gutshof Didi<\/li><\/ul>","protected":false},"excerpt":{"rendered":"<p>Auf dieser urbex-Karte finden Sie alle Standorte der urbanen Erkundung (urbex) in<strong> Italien, Toskana.<\/strong> Diese Karte der verlorenen Orte wird mindestens 365 Tage nach dem Kauf aktualisiert und zug\u00e4nglich bleiben.<\/p>\n<p>Diese Karte enth\u00e4lt derzeit 59 der einzigartigsten urbanen Erkundungsorte in Italien: Toskana und ist von \u00fcberall aus mit unserer einfach zu bedienenden Karte zug\u00e4nglich<strong>.<\/strong><\/p>\n<p><strong>Wenn Sie dieses Paket bereits besitzen, k\u00f6nnen Sie es \u00fcber <a href=\"\/de\/mein-account\/mitgliederbereich\/43905\/inhalt-meiner-mitgliedschaft\/\">Meine Karten &gt; Ansicht.<\/a><\/strong><\/p>\n<p><a href=\"#tab-description\">Liste aller Urbex-Standorte auf dieser Karte.<\/a><\/p>","protected":false},"featured_media":48124,"template":"","meta":[],"product_brand":[],"product_cat":[243,322,1137,250],"product_tag":[],"class_list":{"0":"post-45839","1":"product","2":"type-product","3":"status-publish","4":"has-post-thumbnail","6":"product_cat-italy","7":"product_cat-location-packs","8":"product_cat-maps-italy","9":"product_cat-tuscany","11":"first","12":"instock","13":"taxable","14":"shipping-taxable","15":"purchasable","16":"product-type-variable"},"jetpack_sharing_enabled":true,"_links":{"self":[{"href":"https:\/\/urbex.direct\/de\/wp-json\/wp\/v2\/product\/45839","targetHints":{"allow":["GET"]}}],"collection":[{"href":"https:\/\/urbex.direct\/de\/wp-json\/wp\/v2\/product"}],"about":[{"href":"https:\/\/urbex.direct\/de\/wp-json\/wp\/v2\/types\/product"}],"wp:featuredmedia":[{"embeddable":true,"href":"https:\/\/urbex.direct\/de\/wp-json\/wp\/v2\/media\/48124"}],"wp:attachment":[{"href":"https:\/\/urbex.direct\/de\/wp-json\/wp\/v2\/media?parent=45839"}],"wp:term":[{"taxonomy":"product_brand","embeddable":true,"href":"https:\/\/urbex.direct\/de\/wp-json\/wp\/v2\/product_brand?post=45839"},{"taxonomy":"product_cat","embeddable":true,"href":"https:\/\/urbex.direct\/de\/wp-json\/wp\/v2\/product_cat?post=45839"},{"taxonomy":"product_tag","embeddable":true,"href":"https:\/\/urbex.direct\/de\/wp-json\/wp\/v2\/product_tag?post=45839"}],"curies":[{"name":"wp","href":"https:\/\/api.w.org\/{rel}","templated":true}]}}