{"id":45249,"date":"2022-10-11T09:30:19","date_gmt":"2022-10-11T08:30:19","guid":{"rendered":"https:\/\/urbex.direct\/?post_type=product&#038;p=45249"},"modified":"2025-05-22T17:49:08","modified_gmt":"2025-05-22T16:49:08","slug":"ortskarte-es-emilia-romagna-2","status":"publish","type":"product","link":"https:\/\/urbex.direct\/de\/product\/location-map-it-emilia-romagna\/","title":{"rendered":"Urbex Karte Italien: Emilia-Romagna (1 oder 2 Jahre Zugang)"},"content":{"rendered":"<p>Diese Karte enth\u00e4lt die folgenden Orte:<\/p>\n<ul><li>Herrenhaus Conte di Cavour<\/li><li>Argentinische Fabrik<\/li><li>Casa sforzo finale<\/li><li>Blaue Kapelle<\/li><li>Grand Hotel et de Milan<\/li><li>Preventorio di R<\/li><li>Oculus-Turm<\/li><li>Villa L<\/li><li>Villa V<\/li><li>Acquazzurra Parco<\/li><li>Villa Prati<\/li><li>Diskothek Topkapi<\/li><li>Villa Buenos Airos<\/li><li>Diskothek Quaresimo<\/li><li>Carcere Maria<\/li><li>Zinkfabrik<\/li><li>Villa Infestato<\/li><li>Asilo Aguscello<\/li><li>Industriepark<\/li><li>Scuola Mezzo<\/li><li>Botschaftskino<\/li><li>Sanatorium Catone<\/li><li>Bereta-Klinik<\/li><li>Funivia<\/li><li>Gigantische Fabrik<\/li><li>Fabbrica Gezani<\/li><li>Universit\u00e0 Casalec<\/li><li>Olmatello Hotel<\/li><li>Cartiera ER<\/li><li>Specht Discoteca<\/li><li>Villa Ferri<\/li><li>Villa Delle Statue<\/li><li>Villa Alessia<\/li><li>Kapelle Novi<\/li><li>Villa Voleno<\/li><li>Hotel Gabriele<\/li><li>Hotel a 5 Stelle<\/li><li>Teatro C<\/li><li>La scuola di Frankenstein \/ Scoula de Manequies<\/li><li>Villa Zodiaco<\/li><li>Palazzo dei dieci pianoforti \/ Villa 10 Pianos (Nur mit Genehmigung)<\/li><li>Ex Manicomio Di Colorno<\/li><li>Disco Diana<\/li><li>Scuola Dimenticata<\/li><li>La Casa Gialla<\/li><li>Villa del Cavallo<\/li><li>Fabbrica Gorizia<\/li><li>Das K\u00fcnstlerhaus<\/li><li>Chiesa Giuseppe e Maria<\/li><li>Villa Arcobaleno<\/li><li>La Villa della Volpe \/ Casa Della Volpe<\/li><li>Chiesa di Rigo<\/li><li>Villa Catini<\/li><li>Nouveau Cinema<\/li><li>Chiesa Monte Cavalloro<\/li><li>Villa del cavaliere \/ Villa Vorkona<\/li><li>Villa Jumanji<\/li><li>Russische Schiffswracks<\/li><li>Batiment Z<\/li><li>Silo-Cerealien<\/li><li>Maxio Fridgeria<\/li><li>Casa Santa Claus<\/li><li>Casa del relitto<\/li><li>Casa rosso edera<\/li><li>La Casa alla stazione<\/li><li>Zuckerfabrik E<\/li><li>Haus Maria<\/li><li>La comunit\u00e0 abbandonata \/ Die verlassene Gemeinschaft \/ The Abandoned Community<\/li><li>Base militare in citt\u00e0 \/ Armeest\u00fctzpunkt in der Stadt<\/li><li>La casa stregata \/ Das verwunschene Haus<\/li><li>Casa con fienile pianeggiante \/ Haus mit wohnlicher Scheune<\/li><li>La possente Villa \/ Die m\u00e4chtige Villa<\/li><li>La fattoria e la cappella \/ Der Bauernhof und die Kapelle \/ The farm and the chapel<\/li><li>Fattoria Storica \/ Historischer Bauernhof<\/li><li>Ein weiterer zerfallender Bauernhof \/ Un'altra fattoria fatiscente<\/li><li>Vecchia purificazione dell'acqua \/ Alte Wasseraufbereitung<\/li><li>La piccola stazione \/ Der kleine Bahnhof<\/li><li>La ristrutturazione fallita \/ Die gescheiterte Renovierung<\/li><li>Il rifugio per cani abbandonati \/ Das Tierheim f\u00fcr ausgesetzte Hunde<\/li><li>Palacia Kasino<\/li><li>Hotel Thermale<\/li><li>Fattoria in pista \/ Bauernhof an der Eisenbahn<\/li><li>Piscina sulla spiaggia \/ Schwimmbad am Strand<\/li><li>Fabbrica dell'aviazione \/ Luftfahrtfabrik<\/li><li>La casa fantasma \/ Das Geisterhaus<\/li><li>Villa Animali \/ Villa Tiere<\/li><li>La casa dei dimenticati<\/li><li>Herrenhaus Ulisse<\/li><li>Haus in rovina<\/li><li>Piccolo casale abbandonato<\/li><\/ul>","protected":false},"excerpt":{"rendered":"<p>Auf dieser urbex-Karte finden Sie alle Standorte der urbanen Erkundung (urbex) in<strong> Italien, Emilia-Romagna.<\/strong> Diese Karte der verlorenen Orte wird mindestens 365 Tage nach dem Kauf aktualisiert und zug\u00e4nglich bleiben.<\/p>\n<p>Diese Karte enth\u00e4lt derzeit 90 der einzigartigsten urbanen Erkundungsorte in Italien: Emilia-Romagna und ist von \u00fcberall aus mit unserer einfach zu bedienenden Karte zug\u00e4nglich<strong>.<\/strong><\/p>\n<p><strong>Wenn Sie dieses Paket bereits besitzen, k\u00f6nnen Sie es \u00fcber <a href=\"\/de\/mein-account\/mitgliederbereich\/43905\/inhalt-meiner-mitgliedschaft\/\">Meine Karten &gt; Ansicht.<\/a><\/strong><\/p>\n<p><a href=\"#tab-description\">Liste aller Urbex-Standorte auf dieser Karte.<\/a><\/p>","protected":false},"featured_media":48121,"template":"","meta":[],"product_brand":[],"product_cat":[244,243,322,1137],"product_tag":[],"class_list":{"0":"post-45249","1":"product","2":"type-product","3":"status-publish","4":"has-post-thumbnail","6":"product_cat-emilia-romagna-2","7":"product_cat-italy","8":"product_cat-location-packs","9":"product_cat-maps-italy","11":"first","12":"instock","13":"taxable","14":"shipping-taxable","15":"purchasable","16":"product-type-variable"},"jetpack_sharing_enabled":true,"_links":{"self":[{"href":"https:\/\/urbex.direct\/de\/wp-json\/wp\/v2\/product\/45249","targetHints":{"allow":["GET"]}}],"collection":[{"href":"https:\/\/urbex.direct\/de\/wp-json\/wp\/v2\/product"}],"about":[{"href":"https:\/\/urbex.direct\/de\/wp-json\/wp\/v2\/types\/product"}],"wp:featuredmedia":[{"embeddable":true,"href":"https:\/\/urbex.direct\/de\/wp-json\/wp\/v2\/media\/48121"}],"wp:attachment":[{"href":"https:\/\/urbex.direct\/de\/wp-json\/wp\/v2\/media?parent=45249"}],"wp:term":[{"taxonomy":"product_brand","embeddable":true,"href":"https:\/\/urbex.direct\/de\/wp-json\/wp\/v2\/product_brand?post=45249"},{"taxonomy":"product_cat","embeddable":true,"href":"https:\/\/urbex.direct\/de\/wp-json\/wp\/v2\/product_cat?post=45249"},{"taxonomy":"product_tag","embeddable":true,"href":"https:\/\/urbex.direct\/de\/wp-json\/wp\/v2\/product_tag?post=45249"}],"curies":[{"name":"wp","href":"https:\/\/api.w.org\/{rel}","templated":true}]}}