{"id":43726,"date":"2022-08-12T19:55:05","date_gmt":"2022-08-12T18:55:05","guid":{"rendered":"https:\/\/urbex.direct\/?post_type=product&#038;p=43726"},"modified":"2025-05-22T20:24:19","modified_gmt":"2025-05-22T19:24:19","slug":"standort-karte-griechenland-alle-regionen-2","status":"publish","type":"product","link":"https:\/\/urbex.direct\/de\/product\/location-map-greece-all-regions\/","title":{"rendered":"Urbex Map Griechenland: Alle Regionen (1 oder 2 Jahre Zugang)"},"content":{"rendered":"<p>Diese Karte enth\u00e4lt die folgenden Orte: <ul><li>Villa Paradi\u017enik<\/li><li>So\u00faper M\u00e1rket S<\/li><li>Der erstaunliche Eisenbahnfriedhof 2<\/li><li>Ergo Odos \/ Odos Fabrik<\/li><li>Bleifabrik<\/li><li>Eleftherio Kordelio \/ Kordelio Fabrik<\/li><li>Villa Salem<\/li><li>Schloss Mon Bonheur<\/li><li>Hotel Georgios<\/li><li>Villa Hirsch<\/li><li>Ergo O<\/li><li>Cham\u00e9na Tr\u00e9na 1<\/li><li>Adeio kai Vr\u00f3miko<\/li><li>Cham\u00e9na Tr\u00e9na 2<\/li><li>Kontos Herrenhaus \/ Kov Manor<\/li><li>Hotel N<\/li><li>Seidenfabrik<\/li><li>Krankenhaus Opuszczony<\/li><li>Nato-Ass hoch<\/li><li>Hotel Saladi<\/li><li>M\u00fchlen A<\/li><li>Schloss TT<\/li><li>Sanatoriun Osborn<\/li><li>Volleyball-Stadion<\/li><li>Wrack Nea \/ 1 UP<\/li><li>Schiffswrack Strand<\/li><li>Olympischer Flughafen<\/li><li>EOTP Fabrik Parc 1<\/li><li>EOTP Fabrik Parc 2<\/li><li>Kraftwerk Ptole<\/li><li>Spiti Hadjikyriazis<\/li><li>Autoscheune<\/li><li>Gewachsene Schule<\/li><li>Blaues Paradies<\/li><li>Verrostetes Wrack<\/li><li>Bergbahn<\/li><li>Hotel Cheli<\/li><li>Ruine gez\u00fcchtet<\/li><li>Hotel mit Meerblick<\/li><li>M\u00fcllscheune<\/li><li>Unvollendetes Train Hotel<\/li><li>Pool Ngy<\/li><li>Griechische Textilfabrik<\/li><li>Verlassene Wollfabrik<\/li><li>Zauberer-Br\u00fccke<\/li><li>Hotel Griechenland<\/li><li>Vergessenes Monument<\/li><li>Fabrik auf dem Lande<\/li><li>Der alte vergessene Schacht<\/li><li>Die Silos im Wald<\/li><li>Villa Olive<\/li><li>Verlassene Verwaltung<\/li><\/ul><\/p>","protected":false},"excerpt":{"rendered":"<p>Auf dieser urbex-Karte finden Sie alle Standorte der urbanen Erkundung (urbex) in<strong> Griechenland, Alle Regionen.<\/strong> Diese Karte der verlorenen Orte wird mindestens 365 Tage nach dem Kauf aktualisiert und zug\u00e4nglich bleiben. <\/p>\n<p>Diese Karte enth\u00e4lt derzeit 52 der einzigartigsten urbanen Erkundungsorte in Griechenland: Alle Regionen und ist von \u00fcberall aus mit unserer einfach zu bedienenden Karte zug\u00e4nglich<strong>. <\/p>\n<p><\/strong><strong>Wenn Sie dieses Paket bereits besitzen, k\u00f6nnen Sie es \u00fcber <a href=\"\/de\/mein-account\/mitgliederbereich\/43905\/inhalt-meiner-mitgliedschaft\/\">Meine Karten &gt; Ansicht.<\/a><\/strong> <a href=\"#tab-description\">Liste aller Urbex-Standorte auf dieser Karte.<\/a><\/p>","protected":false},"featured_media":48119,"template":"","meta":[],"product_brand":[],"product_cat":[240,322,1140],"product_tag":[323],"class_list":{"0":"post-43726","1":"product","2":"type-product","3":"status-publish","4":"has-post-thumbnail","6":"product_cat-greece","7":"product_cat-location-packs","8":"product_cat-maps-greece","9":"product_tag-locationpack","11":"first","12":"instock","13":"taxable","14":"shipping-taxable","15":"purchasable","16":"product-type-variable"},"jetpack_sharing_enabled":true,"_links":{"self":[{"href":"https:\/\/urbex.direct\/de\/wp-json\/wp\/v2\/product\/43726","targetHints":{"allow":["GET"]}}],"collection":[{"href":"https:\/\/urbex.direct\/de\/wp-json\/wp\/v2\/product"}],"about":[{"href":"https:\/\/urbex.direct\/de\/wp-json\/wp\/v2\/types\/product"}],"wp:featuredmedia":[{"embeddable":true,"href":"https:\/\/urbex.direct\/de\/wp-json\/wp\/v2\/media\/48119"}],"wp:attachment":[{"href":"https:\/\/urbex.direct\/de\/wp-json\/wp\/v2\/media?parent=43726"}],"wp:term":[{"taxonomy":"product_brand","embeddable":true,"href":"https:\/\/urbex.direct\/de\/wp-json\/wp\/v2\/product_brand?post=43726"},{"taxonomy":"product_cat","embeddable":true,"href":"https:\/\/urbex.direct\/de\/wp-json\/wp\/v2\/product_cat?post=43726"},{"taxonomy":"product_tag","embeddable":true,"href":"https:\/\/urbex.direct\/de\/wp-json\/wp\/v2\/product_tag?post=43726"}],"curies":[{"name":"wp","href":"https:\/\/api.w.org\/{rel}","templated":true}]}}