{"id":43725,"date":"2022-08-12T19:50:50","date_gmt":"2022-08-12T18:50:50","guid":{"rendered":"https:\/\/urbex.direct\/?post_type=product&#038;p=43725"},"modified":"2025-05-22T17:57:00","modified_gmt":"2025-05-22T16:57:00","slug":"standort-karte-es-sardinien-2","status":"publish","type":"product","link":"https:\/\/urbex.direct\/de\/product\/location-map-it-sardinia\/","title":{"rendered":"Urbex Karte Italien: Sardinien (1 oder 2 Jahre Zugang)"},"content":{"rendered":"<p>Diese Karte enth\u00e4lt die folgenden Orte: <ul><li>Villa Stefani<\/li><li>Ristorante viola<\/li><li>Grube Argentiera<\/li><li>Eden Beach Hotel<\/li><li>Palazzo Palme<\/li><li>Casa di Direttore<\/li><li>Cappella AU<\/li><li>Prigione H29<\/li><li>Haus Cedrino<\/li><li>Sardocalce<\/li><li>Fabbrica PT<\/li><li>Haus Angello<\/li><li>Gr\u00fcner Park Hotel<\/li><li>Fornace di calce<\/li><li>Hotel C<\/li><li>Villa della contessa<\/li><li>Il villaggio delle miniere<\/li><li>Villenviertel Abbandonato A<\/li><li>Complesso turistico<\/li><li>Albergo di mare<\/li><li>Disco-Kuss<\/li><li>Zementwerk Felice<\/li><li>Krankenhaus von Abergo<\/li><li>Hotel Velico<\/li><li>Cementi Alba<\/li><li>Albergo Ferroviario<\/li><li>Disco Energie<\/li><li>Miniera di Frodo<\/li><li>Kart\u00e4user-Atax<\/li><li>Discoteca dei sacerdoti<\/li><li>Seggiovia Abbandonata \/ Verlorener Sessellift<\/li><li>Abbandonato il mio villaggio<\/li><li>Cold War Radio Station<\/li><li>Villa Skelett<\/li><li>Hotel Exit<\/li><li>Sanatorium Nove<\/li><li>Vergessene Lokomotiven<\/li><li>Geh\u00e4use einer Kuppel<\/li><li>Villa Stangoni<\/li><li>Villa Becher<\/li><li>Grande Club<\/li><li>Hotel Benve<\/li><li>Elektrozentrale Caterina<\/li><li>Fabbrica di calce<\/li><li>Villa Ginestra \/ Villa Idina<\/li><li>Bergbau-Geisterstadt<\/li><li>Bergwerksmensa<\/li><li>Villa Weber<\/li><li>Fabrik f\u00fcr Mobiliar<\/li><li>Fabrik f\u00fcr Eisengiganten<\/li><li>Robien Centro Commerciale<\/li><li>Fabbrica di Sapone<\/li><li>La Diga Dimenticata<\/li><li>Das Milit\u00e4rlager der Legenden \/ Sardina-Radar<\/li><li>Der Bergsportverein<\/li><li>Osservatorio astronomico<\/li><li>Disco-Tsunami<\/li><li>Ospedale M<\/li><li>Albergo dei birilli<\/li><li>Hotel Capo Taleuda<\/li><li>Das technische Bergwerk<\/li><li>Fabbrica Kork<\/li><li>Institut ENAP<\/li><li>La Colonia nuda<\/li><li>Impianto di trattamento delle acque reflue<\/li><li>Bahnhof von Molinas<\/li><li>Casa Capo<\/li><li>Villa M<\/li><li>Der Schlafsaal der Stromversorgungszentrale<\/li><li>Villaggio del sesso abbandonato<\/li><li>Ultimo piatto<\/li><li>Campo di minzione<\/li><li>Villa Pietri<\/li><li>Kapelle Pietri<\/li><li>Latticini U<\/li><li>Dorf Tropica<\/li><li>Colonia dei bambini perduti<\/li><li>Steinbruch B<\/li><li>Das Dorf auf der Wiese<\/li><li>La Casa Fantasma Diga<\/li><li>Caserma L<\/li><li>Das Geh\u00e4use der Stromversorgungszentrale<\/li><li>Il vecchio villaggio militare<\/li><li>K\u00f6nigspferd-Kolonie<\/li><li>Die alte Pizzeria<\/li><li>Das verlassene Bergbaugebiet<\/li><li>Camp Polv<\/li><li>Usine Picci<\/li><li>Miniera Sed<\/li><li>Die Ruinen einer Kleinstadt<\/li><li>Fehlendes Dach Dorf<\/li><li>Stadion im Ruhestand \/ Stadio in pensione<\/li><li>Sanatorium Fantasmo<\/li><li>5 in einer Reihe \/ 5 di fila<\/li><li>Erdbebenbr\u00fccke \/ Ponte del terremoto<\/li><li>Villa Falcone<\/li><li>Nachtclub Otto<\/li><li>Scuola invasa SL<\/li><li>Drei-S\u00e4ulen-Haus<\/li><li>Die alte Bar auf den Feldern<\/li><li>R\u00f6mische \u00d6fen<\/li><li>Baumfarm Oreda<\/li><li>Solo le bellissime pareti<\/li><li>Sala delle Macchine<\/li><li>All'incrocio<\/li><li>Die Felsen am Berg<\/li><\/ul><\/p>","protected":false},"excerpt":{"rendered":"<p>Auf dieser urbex-Karte finden Sie alle Standorte der urbanen Erkundung (urbex) in<strong> Italien, Sardinien. <\/strong>Diese Karte der verlorenen Orte wird mindestens 365 Tage nach dem Kauf aktualisiert und zug\u00e4nglich bleiben. <\/p>\n<p>Diese Karte enth\u00e4lt derzeit 106 der einzigartigsten urbanen Erkundungsorte in Italien: Sardinien und ist von \u00fcberall aus mit unserer einfach zu bedienenden Karte zug\u00e4nglich<strong>. <\/p>\n<p><\/strong><strong>Wenn Sie dieses Paket bereits besitzen, k\u00f6nnen Sie es \u00fcber <a href=\"\/de\/mein-account\/mitgliederbereich\/43905\/inhalt-meiner-mitgliedschaft\/\">Meine Karten &gt; Ansicht.<\/a><\/strong> <\/p>\n<p><a href=\"#tab-description\">Liste aller Urbex-Standorte auf dieser Karte.<\/a><\/p>","protected":false},"featured_media":48123,"template":"","meta":[],"product_brand":[],"product_cat":[243,322,1137,249],"product_tag":[323],"class_list":{"0":"post-43725","1":"product","2":"type-product","3":"status-publish","4":"has-post-thumbnail","6":"product_cat-italy","7":"product_cat-location-packs","8":"product_cat-maps-italy","9":"product_cat-sardinia","10":"product_tag-locationpack","12":"first","13":"instock","14":"taxable","15":"shipping-taxable","16":"purchasable","17":"product-type-variable"},"jetpack_sharing_enabled":true,"_links":{"self":[{"href":"https:\/\/urbex.direct\/de\/wp-json\/wp\/v2\/product\/43725","targetHints":{"allow":["GET"]}}],"collection":[{"href":"https:\/\/urbex.direct\/de\/wp-json\/wp\/v2\/product"}],"about":[{"href":"https:\/\/urbex.direct\/de\/wp-json\/wp\/v2\/types\/product"}],"wp:featuredmedia":[{"embeddable":true,"href":"https:\/\/urbex.direct\/de\/wp-json\/wp\/v2\/media\/48123"}],"wp:attachment":[{"href":"https:\/\/urbex.direct\/de\/wp-json\/wp\/v2\/media?parent=43725"}],"wp:term":[{"taxonomy":"product_brand","embeddable":true,"href":"https:\/\/urbex.direct\/de\/wp-json\/wp\/v2\/product_brand?post=43725"},{"taxonomy":"product_cat","embeddable":true,"href":"https:\/\/urbex.direct\/de\/wp-json\/wp\/v2\/product_cat?post=43725"},{"taxonomy":"product_tag","embeddable":true,"href":"https:\/\/urbex.direct\/de\/wp-json\/wp\/v2\/product_tag?post=43725"}],"curies":[{"name":"wp","href":"https:\/\/api.w.org\/{rel}","templated":true}]}}