{"id":43718,"date":"2022-08-12T19:24:34","date_gmt":"2022-08-12T18:24:34","guid":{"rendered":"https:\/\/urbex.direct\/?post_type=product&#038;p=43718"},"modified":"2025-05-16T23:53:13","modified_gmt":"2025-05-16T22:53:13","slug":"standort-karte-niederlande-alle-regionen","status":"publish","type":"product","link":"https:\/\/urbex.direct\/de\/product\/location-map-netherlands-all-regions\/","title":{"rendered":"Urbex Map Die Niederlande: Alle Regionen (1 oder 2 Jahre Zugang)"},"content":{"rendered":"<p>Diese Karte enth\u00e4lt die folgenden Orte: <ul><li>B\u00fcro Wei\u00dfer Thron<\/li><li>Hexenschloss \/ Chateau Moderna<\/li><li>Tronics-Geb\u00e4ude<\/li><li>Feuer-Villa<\/li><li>Verrostete Boote<\/li><li>Spielzeug-Haus<\/li><li>Verlassenes Pflegeheim<\/li><li>Riverstone<\/li><li>Ruine LS<\/li><li>Bunker M<\/li><li>Verlorene Z\u00fcge<\/li><li>Restaurant Ruine<\/li><li>Verlorener Freeway<\/li><li>Gro\u00dfer B\u00fcrokomplex<\/li><li>Fort W \/ Bunker W<\/li><li>Hotel Verfall<\/li><li>Wasserwerk B<\/li><li>Der innere Wald<\/li><li>Red Fire Jets<\/li><li>Die Steinfabrik \/ Rave Factory<\/li><li>Steinfabrik K<\/li><li>Fabrik mit B\u00fcro<\/li><li>Der Pool bleibt erhalten<\/li><li>Blausteinfabrik<\/li><li>\u00dcberwucherte Hallen<\/li><li>Gasolina<\/li><li>Zwembad WM<\/li><li>Indianer-Camping<\/li><li>Bauernhof Cascos<\/li><li>Bauernhof Citroen<\/li><li>Der Tank ist leer<\/li><li>Bunker S<\/li><li>De Kruidenier<\/li><li>Die verlorene Armee<\/li><li>Maison B<\/li><li>Milit\u00e4rlager W<\/li><li>Midgetgolf verloren<\/li><li>Rusthuis V<\/li><li>Das Einkaufslager<\/li><li>The Dutch Beast \/ De Nederlandse Graafinstallatie<\/li><li>Maison Volle Melk<\/li><li>Themenpark N<\/li><li>Trash Schule M<\/li><li>Friedhof der Geisteskranken 2<\/li><li>Vogel-B\u00fcro<\/li><li>Tropica Ambla<\/li><li>Leerer Tank, leeres Haus<\/li><li>Die Versammlung<\/li><li>Bus- und LKW-Friedhof<\/li><li>Polder Farm<\/li><li>Halber Bauernhof<\/li><li>Maison Wold<\/li><li>Het Tuincentrum \/ Das Gartenzentrum<\/li><li>Farm Fliet<\/li><li>Usine W<\/li><li>Waldstein<\/li><li>Usine Karton<\/li><li>Aardappelmeelfabriek<\/li><li>Weltkriegs-Bunker<\/li><li>Fiemel \/ WW2-Gesch\u00fctz<\/li><li>Haus Jansen<\/li><li>H\u00f6lzerne Fenster<\/li><li>Fabrik DZ \/ Fabrik 1865<\/li><li>Papierfabrik \/ Papier Fabriek<\/li><li>Pfannkuchen-Boot<\/li><li>Maison Harm<\/li><li>Steinfabrik RH<\/li><li>The TV Factory<\/li><li>Kino M<\/li><li>Casa Piastrella<\/li><li>Huize Vesela<\/li><li>Selbstmordhaus<\/li><li>Schweinchen Farm<\/li><li>Hoeve P<\/li><li>Spielbank V<\/li><li>Sex Club V<\/li><li>J\u00fcdisches Leichenschauhaus<\/li><li>Spukh\u00e4user M \/ Haunted Houses M<\/li><li>Usine Joost<\/li><li>Geisterhaus \/ Geestenhuis<\/li><li>R\u00f6mischer Bauernhof<\/li><li>Die Dschungel-Garage<\/li><li>Die Wei\u00dfe Fabrik \/ De Witte Fabriek<\/li><li>Kalkstein-Steinbruch<\/li><li>The remains of the Falcon<\/li><li>Peter\u2019s crumbled pool<\/li><li>Decayed metalfoundry H<\/li><li>Maison 1945<\/li><li>Maison Demi<\/li><li>Ferme 1950<\/li><li>Het Trash Huisje \/ Das M\u00fcllhaus<\/li><li>Blauer Engel Zug<\/li><li>Double Farm<\/li><li>Dschungel-Pool<\/li><li>Haus ECS \/ Huize ECS<\/li><li>Hinterhof-Autos<\/li><li>Fischtank-Haus<\/li><li>Gegangene Studenten<\/li><li>Das Unkrautb\u00fcro<\/li><li>Die verlorene Farm<\/li><li>Maison Trash<\/li><li>Citro\u00c3 \"n Garage<\/li><li>Verbranntes Feuerwehrauto<\/li><li>Faule Farm<\/li><li>B\u00fcro CC<\/li><li>Ruinen auf dem Land<\/li><li>Halb zerst\u00f6rte Fabrik<\/li><li>Bauernhaus Pieter<\/li><li>Bauernhof Oliebommel<\/li><li>Haus Edera<\/li><li>'t Hoompje<\/li><li>Usine Bloccare<\/li><li>Ruine Villa Ridder<\/li><li>Zuk\u00fcnftiger Garten<\/li><li>Lockheed F-104<\/li><li>Maison Lonely<\/li><li>Usine Biene<\/li><li>Maison Safe<\/li><li>Dachlose Farm<\/li><li>Bunker H<\/li><li>Bunker Krankenhaus L<\/li><li>Haus Koe<\/li><li>Verlassener H\u00fchnerstall<\/li><li>Geisterzoo<\/li><li>Watertoren<\/li><li>Verlorene Wasserstra\u00dfe<\/li><li>Maasstaal<\/li><li>Gew\u00e4chsh\u00e4user f\u00fcr Weintrauben<\/li><li>Usine Kabel<\/li><li>Die Bunkerh\u00e4user<\/li><li>Die Bunkerwand<\/li><li>Schwimmbad P<\/li><li>Die vergessene Br\u00fccke<\/li><li>Haus Timberland \/ Das kleine Haus hinter der Stra\u00dfe<\/li><li>Hausgemachte<\/li><li>Orangenfarm<\/li><li>Bunker<\/li><li>Bunker<\/li><li>Bunker<\/li><li>Bunker<\/li><li>Bunker<\/li><li>Bunker<\/li><li>Bunker<\/li><li>Bunker<\/li><li>Bunker<\/li><li>Bunker<\/li><li>Bunker<\/li><li>Bunker<\/li><li>Bunker<\/li><li>Bunker<\/li><li>Bunker<\/li><li>Bunker<\/li><li>Bunker<\/li><li>Bunker<\/li><li>Bunker<\/li><li>Bunker<\/li><li>Bunker<\/li><li>Bunker<\/li><li>Bunker<\/li><li>Fort Ellewoud<\/li><li>Fort Rammekens<\/li><li>Bunker<\/li><li>Bunker<\/li><li>Fort Penserdijk<\/li><li>Fort Noorddijk<\/li><li>Bunker<\/li><li>Fort benoorden Spaarndam<\/li><li>Bunker<\/li><li>Bunker<\/li><li>Bunker<\/li><li>Bunker<\/li><li>Bunker<\/li><li>Bunker<\/li><li>Festung Ijmuiden<\/li><li>Bunker<\/li><li>Bunker<\/li><li>Bunker<\/li><\/ul><\/p>","protected":false},"excerpt":{"rendered":"<p>Auf dieser urbex-Karte finden Sie alle Standorte der urbanen Erkundung (urbex) in<strong> Die Niederlande, Alle Regionen.<\/strong> <\/p>\n<p>This lost places map will remain updated and accessible for at least 365 days after purchase. This map has currently 177 of the most unique urban exploring locations in The Netherlands: All Regions and is accessible from anywhere with our easy to use map<strong>. <\/p>\n<p><\/strong><strong>Wenn Sie dieses Paket bereits besitzen, k\u00f6nnen Sie es \u00fcber <a href=\"\/de\/mein-account\/mitgliederbereich\/43905\/inhalt-meiner-mitgliedschaft\/\">Meine Karten &gt; Ansicht.<\/a><\/strong> <a href=\"#tab-description\">Liste aller Urbex-Standorte auf dieser Karte.<\/a><\/p>","protected":false},"featured_media":48150,"template":"","meta":[],"product_brand":[],"product_cat":[322,1136,259],"product_tag":[323],"class_list":{"0":"post-43718","1":"product","2":"type-product","3":"status-publish","4":"has-post-thumbnail","6":"product_cat-location-packs","7":"product_cat-maps-the-netherlands","8":"product_cat-the-netherlands","9":"product_tag-locationpack","11":"first","12":"instock","13":"taxable","14":"shipping-taxable","15":"purchasable","16":"product-type-variable"},"jetpack_sharing_enabled":true,"_links":{"self":[{"href":"https:\/\/urbex.direct\/de\/wp-json\/wp\/v2\/product\/43718","targetHints":{"allow":["GET"]}}],"collection":[{"href":"https:\/\/urbex.direct\/de\/wp-json\/wp\/v2\/product"}],"about":[{"href":"https:\/\/urbex.direct\/de\/wp-json\/wp\/v2\/types\/product"}],"wp:featuredmedia":[{"embeddable":true,"href":"https:\/\/urbex.direct\/de\/wp-json\/wp\/v2\/media\/48150"}],"wp:attachment":[{"href":"https:\/\/urbex.direct\/de\/wp-json\/wp\/v2\/media?parent=43718"}],"wp:term":[{"taxonomy":"product_brand","embeddable":true,"href":"https:\/\/urbex.direct\/de\/wp-json\/wp\/v2\/product_brand?post=43718"},{"taxonomy":"product_cat","embeddable":true,"href":"https:\/\/urbex.direct\/de\/wp-json\/wp\/v2\/product_cat?post=43718"},{"taxonomy":"product_tag","embeddable":true,"href":"https:\/\/urbex.direct\/de\/wp-json\/wp\/v2\/product_tag?post=43718"}],"curies":[{"name":"wp","href":"https:\/\/api.w.org\/{rel}","templated":true}]}}