{"id":43519,"date":"2022-07-20T21:00:03","date_gmt":"2022-07-20T20:00:03","guid":{"rendered":"https:\/\/urbex.direct\/?post_type=product&#038;p=43519"},"modified":"2025-05-22T17:37:59","modified_gmt":"2025-05-22T16:37:59","slug":"ortskarte-italien-alle-regionen","status":"publish","type":"product","link":"https:\/\/urbex.direct\/de\/product\/location-map-italy-all-regions\/","title":{"rendered":"Urbex Karte Italien: Alle Regionen (1 oder 2 Jahre Zugang)"},"content":{"rendered":"<p>Diese Karte enth\u00e4lt die folgenden Orte: <ul><li>Haus Mysteria<\/li><li>Convento SM<\/li><li>Krankenhaus CS \/ Ospedale CS<\/li><li>Terminal-Zentrum<\/li><li>Villa Ranalli<\/li><li>Vilaaggio Perduto Fara<\/li><li>Notte del villaggio abbandonato<\/li><li>Villa Atelier Della Scultrice<\/li><li>Palazzo del Cardinale<\/li><li>Ex Istituto Geso Devino Operaio<\/li><li>Convento B<\/li><li>Monastero Di Fara<\/li><li>Villa Ponam<\/li><li>Pista D&#039;oro<\/li><li>Orfanotrofio Marcigliana<\/li><li>Villa Mario<\/li><li>Manicomio Psichiatrico<\/li><li>Verlorenes Dorf Elixier<\/li><li>Kleiner Zoo \/ Piccolo Zoo<\/li><li>Schule der Giganten<\/li><li>Villa Status Quo<\/li><li>Ippodromo di Lafuente<\/li><li>Haus Sperimentale<\/li><li>Kino mit Statuen<\/li><li>Fabricca SIA<\/li><li>Hotel Bonifacev<\/li><li>Cimenterie Cerrano<\/li><li>Raffineria di zucchero<\/li><li>Fabbrica di abbigliamento<\/li><li>Haus Scarpa<\/li><li>Das Schloss von Ciclopi<\/li><li>In die Vegetation eingedrungener Capannone<\/li><li>Serre Aurelia 1<\/li><li>Serre Aurelia 2<\/li><li>Kolonie Pyrgi<\/li><li>Octogonus<\/li><li>Mercati Centrali con gru<\/li><li>Moulin \u00c0 Huile<\/li><li>Grand Hotel Primus<\/li><li>Central Hydro Elektrizit\u00e4t<\/li><li>Medizinische Fabrik<\/li><li>Usine Cecconi<\/li><li>Villa su Strada<\/li><li>Blauer Teich<\/li><li>Saponificio<\/li><li>Campo Interno<\/li><li>Colonia Firenza<\/li><li>Fabbrica di Teschi<\/li><li>Hotel Nico<\/li><li>Schloss im Wald<\/li><li>Fabrik Mistral<\/li><li>Ferme Aux Pigeons<\/li><li>Fabricca di Mira<\/li><li>Ex Cartiera AP<\/li><li>Alloggi dei lavoratori<\/li><li>Il monastero abbandonato sull'acqua<\/li><li>Fabbrica Vita<\/li><li>Kartause und Kongresszentrum<\/li><li>Aquapark G<\/li><li>Casa Romano<\/li><li>Satanskirche Ruine<\/li><li>Doppia Fabbrica<\/li><li>Villa non finita<\/li><li>Le vecchie terme<\/li><li>Villa Pasa<\/li><li>Villa Vina<\/li><li>Villa Botticelli<\/li><li>Chiesa del Parocco<\/li><li>Kloster Corridonia<\/li><li>Aquaparc Adriatico<\/li><li>Villa Vespa<\/li><li>Villa Dei Volatili<\/li><li>Villa Milanov<\/li><li>Villa Dei Poeti<\/li><li>Chiesa degli Angeli<\/li><li>Disco Sophistica<\/li><li>Allenamento di calcio<\/li><li>Chiesa Verde \/ Chiesa del cane pazzo<\/li><li>La chiesa a casa<\/li><li>La chiesa rimane<\/li><li>Monastero nella nebbia<\/li><li>Disco Frank<\/li><li>Kloster von F<\/li><li>Ospedale Gallo<\/li><li>Ristorante Della Nave<\/li><li>L&#039;hotel con 2 torri<\/li><li>Triebwerk V<\/li><li>Elektrizit\u00e4tszentrale ENEL<\/li><li>Chiesa di A<\/li><li>Villa Palma<\/li><li>La Casa Della Nonna<\/li><li>Villa Compresso<\/li><li>Magazin stazione<\/li><li>La vecchia scuola di aviazione<\/li><li>Hotel Torre<\/li><li>Klosterkirche Verde<\/li><li>Abbaye Angelo<\/li><li>Polveri-Fabrik<\/li><li>Chiesa rosa verde<\/li><li>Festung Ginevra<\/li><li>Villaggio della doppia chiesa<\/li><li>Taubenschlachthof<\/li><li>Die verlorene Burgage<\/li><li>Biologische Hochschule (Scuola di Biologica)<\/li><li>Fabbrica Olio d' Oliva<\/li><li>Villa Agora<\/li><li>Fabbrica la Biancheria Sporca<\/li><li>Fabrik CPT<\/li><li>Villa Coni<\/li><li>Villa Uva<\/li><li>Verlassene Farm<\/li><li>Destillerie Nuova<\/li><li>Tetanus<\/li><li>Griechischer Akquapark<\/li><li>Istituto Psicopedagogico<\/li><li>Villa Ferrero<\/li><li>O sole mio<\/li><li>Verlassenes l\u00e4ndliches Dorf<\/li><li>Miragica<\/li><li>Schiffskolleg<\/li><li>Villa Cerulli Bozzi Corso<\/li><li>Chiesa San Giorgio Degli Armeni<\/li><li>Sacar<\/li><li>Casa Di Molla<\/li><li>Hotel M<\/li><li>Hotel A<\/li><li>Goldenes Hotel<\/li><li>Villaggio Normanna<\/li><li>D\u00f6rfchen Iverna<\/li><li>Fischteich crollata<\/li><li>Bisch\u00f6fliches Kloster<\/li><li>Impianto Chimico<\/li><li>Hotel Piana<\/li><li>Abbandono del terreno<\/li><li>Casa senza finestre<\/li><li>L'oliveto<\/li><li>Zementfabrik C<\/li><li>Il grande sito della fabbrica<\/li><li>Gli appartamenti non finiti<\/li><li>L'albergo dei rifiuti \/ Das Abfallhotel<\/li><li>Haus Avati<\/li><li>Fabbrica Scarsa visibilit\u00e0<\/li><li>La fabbrica delle arance<\/li><li>L'appartamento vuoto<\/li><li>Villa Pazza<\/li><li>Die Fabrik zwischen den Stra\u00dfen<\/li><li>D\u00f6rfchen Tocco<\/li><li>Chiessa C<\/li><li>Guardare Attraverso<\/li><li>Fabbrica Tetto Ruggine<\/li><li>Villa Inaspettato<\/li><li>Casa Mo<\/li><li>Ruderi C<\/li><li>Fabbrica A<\/li><li>Tal der M\u00fchlen<\/li><li>Casa di Cal<\/li><li>Haus Viti<\/li><li>Villaggio Provinciale<\/li><li>H\u00f4tel de la V\u00e9suve<\/li><li>Basis Nato<\/li><li>Geisterstadt AV<\/li><li>Chiesseta Agreste<\/li><li>Chiesa Sant Antuono<\/li><li>Chiessa Madonna dil Ponte<\/li><li>Chiesa Largo Capuccini<\/li><li>La citt\u00e0 abbandonata, nella citt\u00e0 abbandonata<\/li><li>Villen gr\u00fcnes Paradies<\/li><li>Undead Asylum Campania<\/li><li>Gef\u00e4ngnisausbruch Kampanien<\/li><li>Pool des verlorenen Paradieses<\/li><li>Mittelalterlicher Konvent<\/li><li>Palazzo Ducal<\/li><li>Ancienne Fabrique NSS<\/li><li>Hotel Eremo<\/li><li>Casa Di Spinola<\/li><li>Verlorenes Dorf Pog<\/li><li>Miniera di solfiti<\/li><li>Fabrik Coso<\/li><li>Schloss Catarina<\/li><li>Der Sea Club<\/li><li>Ospedale Clearblue<\/li><li>Die G\u00e4rtnerei Dimenticata<\/li><li>Haus Kasko<\/li><li>Fabrik auf dem Bauernhof<\/li><li>Rovina della fattoria<\/li><li>Rovina della fattoria 2<\/li><li>La rovina sulla montagna<\/li><li>Ponte e tunnel di Potter abbandonati<\/li><li>Haus Lofaro<\/li><li>La spa in crescita<\/li><li>Casa dell'autostrada<\/li><li>Chiesa Baro<\/li><li>Caserma Ruine Strand<\/li><li>Grand Hotel Templi<\/li><li>Das Schloss von Somersault<\/li><li>Fabrik Xi'an<\/li><li>Dunkle Schule der Musik<\/li><li>Discoteca Divina<\/li><li>Manicomio di Racconigi<\/li><li>Ospedale Bargnetta \/ La Bertagnetta<\/li><li>Asyl V<\/li><li>Villa Trendy<\/li><li>Villa Luciano<\/li><li>Ultimo Impero<\/li><li>Istituto Giuseppini<\/li><li>Ospedale della Croce Rossa<\/li><li>Monastry MG<\/li><li>Villa Sottos<\/li><li>Schloss Novi<\/li><li>Villa Dante<\/li><li>Chiesa CM<\/li><li>Villa Margherita<\/li><li>Das Schloss von Savi<\/li><li>Villa Corinna<\/li><li>Villa Melano<\/li><li>Fabbrica Fantasia<\/li><li>Villa Martiri<\/li><li>Orfanotrofio S<\/li><li>Camillio Verlorenes Dorf<\/li><li>Castello Di V<\/li><li>Rovina Nella Foresta<\/li><li>Villa Albero delle Scimmie<\/li><li>Villa Abbettere<\/li><li>Fabbrica Grande e Vuoto<\/li><li>Haus Frazione<\/li><li>Villa Lm<\/li><li>Distributore di benzina abbandonato<\/li><li>Fabbrica T<\/li><li>Fabbrica Angolo<\/li><li>Chiesa Madrina<\/li><li>Farben Fabrik<\/li><li>Chiesa SC<\/li><li>La Furnasetta<\/li><li>Palazzo L<\/li><li>Passo Dopo Passo<\/li><li>Orientalischer Edelsteinpalast<\/li><li>Das Schloss von L<\/li><li>Ektoplasma<\/li><li>Villa Becker<\/li><li>Das Schloss von Re Claudio<\/li><li>Ospedale Pronto Scorsso<\/li><li>Villa Conchiglia<\/li><li>Kino Enal<\/li><li>Wallfahrtsort Bertha Gifford<\/li><li>Villa Donato Bilancia<\/li><li>Schloss Mirafiori \/ Schloss del Drosso<\/li><li>Villa Grazia<\/li><li>Globus Schule<\/li><li>Vorbeugende Ma\u00dfnahmen f\u00fcr Kinder<\/li><li>Disco Cesar Palast<\/li><li>Villa Artom<\/li><li>Tofana Schule<\/li><li>Chiesa Bosco<\/li><li>Villa Solita<\/li><li>Villa Flavia<\/li><li>Herrenhaus Duchessa<\/li><li>Casa Nella Foresta<\/li><li>Segreti di Cotone \/ La Filature effiloch\u00e9e \/ La filature arlequine<\/li><li>Palazzo Sciure \/ Il Sanatorio Maledetto Di Bioglio<\/li><li>Villa Ron<\/li><li>Villa Reis<\/li><li>Casa di Bambola<\/li><li>Casa Baobicala<\/li><li>Villa B<\/li><li>Albergo S<\/li><li>Villa del cacciatore<\/li><li>Haus Vara<\/li><li>Ferme Scina<\/li><li>Produtive Anwendungen<\/li><li>Chiesa Rhogama<\/li><li>Gutsbetrieb Gazzurlo<\/li><li>Der Globe Club<\/li><li>Das 8K-Gut<\/li><li>Diskothek Aphro<\/li><li>La fattoria in montagna<\/li><li>Haus Ast<\/li><li>Der Kirchturm von Pisa<\/li><li>Azienda agricola ASL<\/li><li>Die Schl\u00fcsselfarm \/ La fattoria chiave<\/li><li>Villa Mandela<\/li><li>Der Nuklearbetrieb \/ La fattoria nucleare<\/li><li>Die gut versteckte Kirche \/ La chiesa ben nascosta<\/li><li>Die gro\u00dfen Skeletthallen \/ Le grandi sale degli scheletri<\/li><li>Casa colonica sulla strada \/ Casa colonica sulla strada<\/li><li>Die Saxofonfabrik \/ La fabbrica di sassofoni<\/li><li>Manicomio psichiatrico<\/li><li>Das Haus des Seewolfs<\/li><li>Schloss Kippy<\/li><li>Villaggio fantasma<\/li><li>Hotel Alberghetti<\/li><li>Kapelle der Villa Durazzo<\/li><li>Chiesa Edio<\/li><li>Kolonie Antonia Devoto<\/li><li>Colonia Fara<\/li><li>Manicomio di Quarto<\/li><li>Palazzo Bordoni<\/li><li>Villa Caelum<\/li><li>Villa Sultana<\/li><li>Villa Zan<\/li><li>Hotel Pigna<\/li><li>Zentrale Stromversorgung<\/li><li>Hotel Koloniale<\/li><li>Mausoleum Crespi<\/li><li>Villa Ardesia<\/li><li>Chiesa delle origini<\/li><li>Ospedale Mediterraneo<\/li><li>Manicomio di Cogoleto<\/li><li>Lunar Exploration Zone<\/li><li>Villa Puma<\/li><li>Forte C<\/li><li>Forte T<\/li><li>Chiesa Bianca<\/li><li>Chiesa Verde<\/li><li>Fabbrica Sub<\/li><li>Villa Romano<\/li><li>Battaglione Thermes<\/li><li>Antenne der F1<\/li><li>Ristorante dell'aereo<\/li><li>Villa Miari<\/li><li>Isola del Veneto<\/li><li>Discoteca Miro<\/li><li>Villa della Contessa Impazzita<\/li><li>Alter Lancia<\/li><li>Discoteca Madruga<\/li><li>Villa Cabia<\/li><li>Chiessetta Nobiliare<\/li><li>Kurhotel<\/li><li>Chiesa O<\/li><li>Haus Alice \/ Haus Diane<\/li><li>Centro commerciale Esso<\/li><li>Villa Alfred Ogwang<\/li><li>Teatro Evoluzione<\/li><li>Palazzo a Sorpresa<\/li><li>Albergo Simpson<\/li><li>Hippie-Camp<\/li><li>Asyl-Granzette<\/li><li>Forti-Fabrik<\/li><li>Stoccaggio Alibaba<\/li><li>Fabbrica-citt\u00e0<\/li><li>Basis missilistica<\/li><li>Il grande albergo ricco<\/li><li>Hotel Cristallo<\/li><li>Villa Astronomica<\/li><li>Casa con balcone<\/li><li>Il Monastero Solare (Das Sonnenkloster)<\/li><li>Auto-Kuppel<\/li><li>Vita di un monaco<\/li><li>Maison De L'Impagliatore<\/li><li>Base del ladro<\/li><li>Die Fabrikation von Zinnen<\/li><li>Fabbrica s<\/li><li>Villa Nebbiosa<\/li><li>Antica Chiesa Di San Marziala<\/li><li>Casa Malcazine<\/li><li>Villa Reliquia<\/li><li>Cappella nella foresta \/ Cappella Bianchi<\/li><li>Fabrik Branco<\/li><li>Ospedale Al Mare<\/li><li>Die K\u00f6nigin des Meeres<\/li><li>Il campo proibito<\/li><li>Fall Nosedo<\/li><li>Villa Castelnuovo<\/li><li>Soziale Kantinenfabrik<\/li><li>Verlassenes Pulvermagazin<\/li><li>Schloss Ghostories<\/li><li>Kinderheim<\/li><li>Kloster Santa Croce<\/li><li>Stabilimento Alluminio<\/li><li>Albergo Montano<\/li><li>Albergo scomunicato<\/li><li>Bagni a tre Cime<\/li><li>Der Gigant der B\u00f6cke<\/li><li>La casa divina<\/li><li>La fabbrica di salsicce<\/li><li>Casa Petrol<\/li><li>Hotel Maria Auxi<\/li><li>3 Kiste sulla roccia<\/li><li>Batterie-Komplex<\/li><li>NATO-Seilbahnstation<\/li><li>Villa Gemona<\/li><li>Cacciatori delle Alpi<\/li><li>Sorelle in Miseria<\/li><li>Haus Ikonik<\/li><li>Bellezza industriale<\/li><li>Chiesa mani di Dio<\/li><li>Villa Stefani<\/li><li>Ristorante viola<\/li><li>Grube Argentiera<\/li><li>Eden Beach Hotel<\/li><li>Palazzo Palme<\/li><li>Casa di Direttore<\/li><li>Cappella AU<\/li><li>Prigione H29<\/li><li>Haus Cedrino<\/li><li>Sardocalce<\/li><li>Fabbrica PT<\/li><li>Haus Angello<\/li><li>Gr\u00fcner Park Hotel<\/li><li>Fornace di calce<\/li><li>Hotel C<\/li><li>Villa della contessa<\/li><li>Il villaggio delle miniere<\/li><li>Villenviertel Abbandonato A<\/li><li>Complesso turistico<\/li><li>Albergo di mare<\/li><li>Disco-Kuss<\/li><li>Zementwerk Felice<\/li><li>Krankenhaus von Abergo<\/li><li>Hotel Velico<\/li><li>Cementi Alba<\/li><li>Albergo Ferroviario<\/li><li>Disco Energie<\/li><li>Miniera di Frodo<\/li><li>Kart\u00e4user-Atax<\/li><li>Discoteca dei sacerdoti<\/li><li>Seggiovia Abbandonata \/ Verlorener Sessellift<\/li><li>Abbandonato il mio villaggio<\/li><li>Cold War Radio Station<\/li><li>Villa Skelett<\/li><li>Hotel Exit<\/li><li>Sanatorium Nove<\/li><li>Vergessene Lokomotiven<\/li><li>Geh\u00e4use einer Kuppel<\/li><li>Villa Stangoni<\/li><li>Villa Becher<\/li><li>Grande Club<\/li><li>Hotel Benve<\/li><li>Elektrozentrale Caterina<\/li><li>Fabbrica di calce<\/li><li>Villa Ginestra \/ Villa Idina<\/li><li>Bergbau-Geisterstadt<\/li><li>Bergwerksmensa<\/li><li>Villa Weber<\/li><li>Fabrik f\u00fcr Mobiliar<\/li><li>Fabrik f\u00fcr Eisengiganten<\/li><li>Robien Centro Commerciale<\/li><li>Fabbrica di Sapone<\/li><li>La Diga Dimenticata<\/li><li>Das Milit\u00e4rlager der Legenden \/ Sardina-Radar<\/li><li>Der Bergsportverein<\/li><li>Osservatorio astronomico<\/li><li>Disco-Tsunami<\/li><li>Ospedale M<\/li><li>Albergo dei birilli<\/li><li>Hotel Capo Taleuda<\/li><li>Das technische Bergwerk<\/li><li>Fabbrica Kork<\/li><li>Institut ENAP<\/li><li>La Colonia nuda<\/li><li>Impianto di trattamento delle acque reflue<\/li><li>Bahnhof von Molinas<\/li><li>Casa Capo<\/li><li>Villa M<\/li><li>Der Schlafsaal der Stromversorgungszentrale<\/li><li>Villaggio del sesso abbandonato<\/li><li>Ultimo piatto<\/li><li>Campo di minzione<\/li><li>Villa Pietri<\/li><li>Kapelle Pietri<\/li><li>Latticini U<\/li><li>Dorf Tropica<\/li><li>Colonia dei bambini perduti<\/li><li>Steinbruch B<\/li><li>Das Dorf auf der Wiese<\/li><li>La Casa Fantasma Diga<\/li><li>Caserma L<\/li><li>Das Geh\u00e4use der Stromversorgungszentrale<\/li><li>Il vecchio villaggio militare<\/li><li>K\u00f6nigspferd-Kolonie<\/li><li>Die alte Pizzeria<\/li><li>Das verlassene Bergbaugebiet<\/li><li>Camp Polv<\/li><li>Usine Picci<\/li><li>Miniera Sed<\/li><li>Die Ruinen einer Kleinstadt<\/li><li>Fehlendes Dach Dorf<\/li><li>Stadion im Ruhestand \/ Stadio in pensione<\/li><li>Sanatorium Fantasmo<\/li><li>5 in einer Reihe \/ 5 di fila<\/li><li>Erdbebenbr\u00fccke \/ Ponte del terremoto<\/li><li>Villa Falcone<\/li><li>Nachtclub Otto<\/li><li>Scuola invasa SL<\/li><li>Drei-S\u00e4ulen-Haus<\/li><li>Die alte Bar auf den Feldern<\/li><li>R\u00f6mische \u00d6fen<\/li><li>Baumfarm Oreda<\/li><li>Solo le bellissime pareti<\/li><li>Sala delle Macchine<\/li><li>All'incrocio<\/li><li>Die Felsen am Berg<\/li><li>Herrenhaus Conte di Cavour<\/li><li>Argentinische Fabrik<\/li><li>Casa sforzo finale<\/li><li>Blaue Kapelle<\/li><li>Grand Hotel et de Milan<\/li><li>Preventorio di R<\/li><li>Oculus-Turm<\/li><li>Villa L<\/li><li>Villa V<\/li><li>Acquazzurra Parco<\/li><li>Villa Prati<\/li><li>Diskothek Topkapi<\/li><li>Villa Buenos Airos<\/li><li>Diskothek Quaresimo<\/li><li>Carcere Maria<\/li><li>Zinkfabrik<\/li><li>Villa Infestato<\/li><li>Asilo Aguscello<\/li><li>Industriepark<\/li><li>Scuola Mezzo<\/li><li>Botschaftskino<\/li><li>Sanatorium Catone<\/li><li>Bereta-Klinik<\/li><li>Funivia<\/li><li>Gigantische Fabrik<\/li><li>Fabbrica Gezani<\/li><li>Universit\u00e0 Casalec<\/li><li>Olmatello Hotel<\/li><li>Cartiera ER<\/li><li>Specht Discoteca<\/li><li>Villa Ferri<\/li><li>Villa Delle Statue<\/li><li>Villa Alessia<\/li><li>Kapelle Novi<\/li><li>Villa Voleno<\/li><li>Hotel Gabriele<\/li><li>Hotel a 5 Stelle<\/li><li>Teatro C<\/li><li>La scuola di Frankenstein \/ Scoula de Manequies<\/li><li>Villa Zodiaco<\/li><li>Palazzo dei dieci pianoforti \/ Villa 10 Pianos (Nur mit Genehmigung)<\/li><li>Ex Manicomio Di Colorno<\/li><li>Disco Diana<\/li><li>Scuola Dimenticata<\/li><li>La Casa Gialla<\/li><li>Villa del Cavallo<\/li><li>Fabbrica Gorizia<\/li><li>Das K\u00fcnstlerhaus<\/li><li>Chiesa Giuseppe e Maria<\/li><li>Villa Arcobaleno<\/li><li>La Villa della Volpe \/ Casa Della Volpe<\/li><li>Chiesa di Rigo<\/li><li>Villa Catini<\/li><li>Nouveau Cinema<\/li><li>Chiesa Monte Cavalloro<\/li><li>Villa del cavaliere \/ Villa Vorkona<\/li><li>Villa Jumanji<\/li><li>Russische Schiffswracks<\/li><li>Batiment Z<\/li><li>Silo-Cerealien<\/li><li>Maxio Fridgeria<\/li><li>Casa Santa Claus<\/li><li>Casa del relitto<\/li><li>Casa rosso edera<\/li><li>La Casa alla stazione<\/li><li>Zuckerfabrik E<\/li><li>Haus Maria<\/li><li>La comunit\u00e0 abbandonata \/ Die verlassene Gemeinschaft \/ The Abandoned Community<\/li><li>Base militare in citt\u00e0 \/ Armeest\u00fctzpunkt in der Stadt<\/li><li>La casa stregata \/ Das verwunschene Haus<\/li><li>Casa con fienile pianeggiante \/ Haus mit wohnlicher Scheune<\/li><li>La possente Villa \/ Die m\u00e4chtige Villa<\/li><li>La fattoria e la cappella \/ Der Bauernhof und die Kapelle \/ The farm and the chapel<\/li><li>Fattoria Storica \/ Historischer Bauernhof<\/li><li>Ein weiterer zerfallender Bauernhof \/ Un'altra fattoria fatiscente<\/li><li>Vecchia purificazione dell'acqua \/ Alte Wasseraufbereitung<\/li><li>La piccola stazione \/ Der kleine Bahnhof<\/li><li>La ristrutturazione fallita \/ Die gescheiterte Renovierung<\/li><li>Il rifugio per cani abbandonati \/ Das Tierheim f\u00fcr ausgesetzte Hunde<\/li><li>Palacia Kasino<\/li><li>Hotel Thermale<\/li><li>Fattoria in pista \/ Bauernhof an der Eisenbahn<\/li><li>Piscina sulla spiaggia \/ Schwimmbad am Strand<\/li><li>Fabbrica dell'aviazione \/ Luftfahrtfabrik<\/li><li>La casa fantasma \/ Das Geisterhaus<\/li><li>Villa Animali \/ Villa Tiere<\/li><li>La casa dei dimenticati<\/li><li>Herrenhaus Ulisse<\/li><li>Haus in rovina<\/li><li>Piccolo casale abbandonato<\/li><li>La mezza chiesa<\/li><li>Fabrik Mattei<\/li><li>Chiesa iconica<\/li><li>Cimitero parrocchiale<\/li><li>Casa invasa dalla vegetazione<\/li><li>Villa Maz<\/li><li>Manicomio di Volterra<\/li><li>Therme Del Corallo<\/li><li>Sanatorium Lucia<\/li><li>Villa Viale<\/li><li>Eisstation Zebra<\/li><li>Villa EB<\/li><li>Hotel Zano<\/li><li>Annesso di Zano<\/li><li>Villa GM<\/li><li>\u00d6zg\u00fcr Dengiz Nachtclub<\/li><li>Villa Sbertoli<\/li><li>Sanatorium Bellavista<\/li><li>Borgo di Villa S Verlorenes Dorf<\/li><li>Dschungel-Pool<\/li><li>Villa Delle Virtu<\/li><li>Casa Della Nonna<\/li><li>Villa Condom<\/li><li>Steampunk-Gew\u00e4chshaus<\/li><li>Villa Del Dottore LG<\/li><li>Villa Canneto<\/li><li>Villa del Farmacista<\/li><li>Residenza signorile<\/li><li>Villa delle statue<\/li><li>Haus Solitario<\/li><li>Kloster der gl\u00fccklichen M\u00f6nche (Convento delle monache felice)<\/li><li>Istituto Salesiano<\/li><li>Gr\u00fcnes Krankenhaus \/ Colosso Grigio<\/li><li>La Serra Thermale \/ Bagno Thermale<\/li><li>Capella M<\/li><li>Il bagno sulfureo abbandonato<\/li><li>Spa GP<\/li><li>Castello Zano \/ Nicht Plus Ultra<\/li><li>Tassa-Kloster<\/li><li>Villa Pappagaio<\/li><li>Villa Carduci<\/li><li>Giovanni-Schule<\/li><li>Das Schloss von Montepescini<\/li><li>Gebrauchsgegenst\u00e4nde<\/li><li>Villa della carrozzina \/ Villa della Resistenza<\/li><li>Il castello senza Re nel borgo di Nessuno<\/li><li>Therme BG<\/li><li>Casas Gialla Infestata<\/li><li>Villa Mirabella<\/li><li>Al Trotto Ippodromo<\/li><li>Incubo in cucina<\/li><li>Villa H\u00e4nsel und Gretel<\/li><li>Sternenstaub<\/li><li>Keramische Anlage<\/li><li>Hotel Madonna<\/li><li>Hotel Eagle<\/li><li>Casa di Rosa<\/li><li>Vecchio e ruggine<\/li><li>Rosso Chimico<\/li><li>Casa della ferrovia<\/li><li>Fornace nella foresta<\/li><li>Dschungelmarkt<\/li><li>Werksglanz<\/li><li>Forte PR<\/li><li>Gutshof Didi<\/li><li>Chiesa Dimentica<\/li><li>Gr\u00f6nland<\/li><li>Labo del Male<\/li><li>Manicomio di Mombello<\/li><li>Mono-Waisenhaus<\/li><li>Villa Camilla<\/li><li>Villa Mira<\/li><li>Republica-Park<\/li><li>Milano Einkaufszentrum<\/li><li>Stadt Fantasma<\/li><li>Grand Hotel P \/ Campo Estivo<\/li><li>Villa Di Vecchi<\/li><li>Diskothek Xo<\/li><li>Villa R Spazio<\/li><li>Impianto Idroelettrico<\/li><li>Sanatorium Divo Carolo Dicatum<\/li><li>Palazzo D'Oro \/ Villa Gold<\/li><li>Schloss Sorpresa<\/li><li>Teatro Politeama<\/li><li>Villa Delle Cennere<\/li><li>Chiesa Delle Galline<\/li><li>Villa di Vetro<\/li><li>Palazzo dell Alchimista<\/li><li>Palazzo Piccione \/ Villa Pittore \/ Villa Madame Bovary<\/li><li>Einkaufszentrum Pyramide<\/li><li>Villa Micia<\/li><li>Gehen Sie zum Hubschrauber<\/li><li>Vecchi autobus e vecchie auto<\/li><li>Villa Redentore \/ Palazzo Conte V<\/li><li>Villa Targaryen<\/li><li>Schloss del Pittore<\/li><li>Villa Fattore<\/li><li>Miniera T \/ Fluorietmijn<\/li><li>Villa Weiss<\/li><li>Haus Grifiando<\/li><li>Ferme Rosto<\/li><li>Villa Exelia<\/li><li>Usine Nozo<\/li><li>Kino Rose<\/li><li>La Villa dell'amore con la fabbrica<\/li><li>Casa Bionda<\/li><li>Casa dell'usura<\/li><li>Fabrik f\u00fcr autonome Fahrzeuge<\/li><li>Piatto Architettura Brutalista<\/li><li>Villa Glicine<\/li><li>Villa Monticel<\/li><li>Villa Giovanni<\/li><li>La casa Bambini<\/li><li>Fabricca 27<\/li><li>La Villa della Notte<\/li><li>Castello Del Oasi<\/li><li>La Scuola della Paura<\/li><li>Kneipe auf und ab<\/li><li>Chiesa con cortile giardino<\/li><li>Villa Verderio<\/li><li>La grande fabbrica di carta<\/li><\/ul><\/p>","protected":false},"excerpt":{"rendered":"<p>Auf dieser urbex-Karte finden Sie alle Standorte der urbanen Erkundung (urbex) in<strong> Italien, Alle Regionen.<\/strong> Diese Karte der verlorenen Orte wird mindestens 365 Tage nach dem Kauf aktualisiert und zug\u00e4nglich bleiben.<\/p>\n<p>Diese Karte enth\u00e4lt derzeit 702 der einzigartigsten Orte zum Erkunden von St\u00e4dten in Italien: Alle Regionen und ist von \u00fcberall aus mit unserer einfach zu bedienenden Karte zug\u00e4nglich<strong>.<\/p>\n<p><\/strong><strong>Wenn Sie dieses Paket bereits besitzen, k\u00f6nnen Sie es \u00fcber <a href=\"\/de\/mein-account\/mitgliederbereich\/43905\/inhalt-meiner-mitgliedschaft\/\">Meine Karten &gt; Ansicht.<\/a><\/strong><strong><\/p>\n<p><\/strong><a href=\"#tab-description\">Liste aller Urbex-Standorte auf dieser Karte.<\/a><\/p>","protected":false},"featured_media":48125,"template":"","meta":[],"product_brand":[],"product_cat":[243,322,1137],"product_tag":[],"class_list":{"0":"post-43519","1":"product","2":"type-product","3":"status-publish","4":"has-post-thumbnail","6":"product_cat-italy","7":"product_cat-location-packs","8":"product_cat-maps-italy","10":"first","11":"instock","12":"taxable","13":"shipping-taxable","14":"purchasable","15":"product-type-variable"},"jetpack_sharing_enabled":true,"_links":{"self":[{"href":"https:\/\/urbex.direct\/de\/wp-json\/wp\/v2\/product\/43519","targetHints":{"allow":["GET"]}}],"collection":[{"href":"https:\/\/urbex.direct\/de\/wp-json\/wp\/v2\/product"}],"about":[{"href":"https:\/\/urbex.direct\/de\/wp-json\/wp\/v2\/types\/product"}],"wp:featuredmedia":[{"embeddable":true,"href":"https:\/\/urbex.direct\/de\/wp-json\/wp\/v2\/media\/48125"}],"wp:attachment":[{"href":"https:\/\/urbex.direct\/de\/wp-json\/wp\/v2\/media?parent=43519"}],"wp:term":[{"taxonomy":"product_brand","embeddable":true,"href":"https:\/\/urbex.direct\/de\/wp-json\/wp\/v2\/product_brand?post=43519"},{"taxonomy":"product_cat","embeddable":true,"href":"https:\/\/urbex.direct\/de\/wp-json\/wp\/v2\/product_cat?post=43519"},{"taxonomy":"product_tag","embeddable":true,"href":"https:\/\/urbex.direct\/de\/wp-json\/wp\/v2\/product_tag?post=43519"}],"curies":[{"name":"wp","href":"https:\/\/api.w.org\/{rel}","templated":true}]}}