{"id":37569,"date":"2021-12-19T16:32:55","date_gmt":"2021-12-19T16:32:55","guid":{"rendered":"https:\/\/urbex.direct\/?post_type=product&#038;p=37569"},"modified":"2025-05-27T19:57:57","modified_gmt":"2025-05-27T18:57:57","slug":"standort-karte-fr-normandie","status":"publish","type":"product","link":"https:\/\/urbex.direct\/de\/product\/location-map-fr-normandie\/","title":{"rendered":"Urbex Map Frankreich, Normandie (1 oder 2 Jahre Zugang)"},"content":{"rendered":"<p>Diese Karte enth\u00e4lt die folgenden Orte:<\/p>\n\n\n\n<ul><li>Herrenhaus Dalida<\/li><li>Usine Mathis<\/li><li>Chateau Eva &amp; Co<\/li><li>Kapelle der Piloten<\/li><li>Hopitall-Platz<\/li><li>Ancien Cimeti\u00e8re<\/li><li>Schloss von Cur\u00e9<\/li><li>Herrenhaus du Nomade \/ Maison Foresti\u00e8re<\/li><li>Manoir Franc ma\u00e7on<\/li><li>Maison Cat<\/li><li>Ferme effondr\u00e9e<\/li><li>Maison Cadran \/ Haus der alten Kochkunst<\/li><li>Manoir Nazi<\/li><li>Usine Fromage Maxi<\/li><li>Herrenhaus Cardhu Herrenhaus Cardhu<\/li><li>Maison Meslin<\/li><li>Maison des Duckers<\/li><li>Haus Canop\u00e9e verte<\/li><li>Die geheime Werkstatt<\/li><li>La d\u00e9saffect\u00e9e eglise<\/li><li>Usine Ornaise<\/li><li>Chateau Trop Vert<\/li><li>Le Maison Ronces<\/li><li>Maison Brique Rouge<\/li><li>Usine \u00d6dipus<\/li><li>Usine Dynamit<\/li><li>Die sch\u00f6nen Ruinen der Kirche (Les belles ruins de l&#039;\u00e9glise)<\/li><li>Usine FP<\/li><li>Zwergenfabrik<\/li><li>Herrenhaus Coss \/ Herrenhaus Lamia<\/li><li>Eglise du Rouge Monde<\/li><li>Bergwerk von Erebor<\/li><li>Maison la Vache<\/li><li>Maison des Livres Calvados<\/li><li>Manoir Tong<\/li><li>Das Leben auf dem Bauernhof<\/li><li>Handtuch-Farm<\/li><li>Maison \u00e0 colombages<\/li><li>Ferme avec portail rouge<\/li><li>Manoir du Melomane (Der Echte)<\/li><li>Hotel Britney<\/li><li>Maison Jores<\/li><li>Chateau LB<\/li><li>Maison Piano Blanc<\/li><li>Abtei GR<\/li><li>Maison Haselnuss<\/li><li>Usine Cote<\/li><li>Herrenhaus Damocl\u00e8s<\/li><li>Herrenhaus Lemeunier<\/li><li>Auberge Artemis \/ Hotel Artemis<\/li><li>Maison du Chat<\/li><li>Arthur und die Minimoys<\/li><li>Orphelinat Rum\u00e4nien<\/li><li>Hotel Railere<\/li><li>Maison d&#039;angle verte<\/li><li>Ch\u00e2teau Hiboux<\/li><li>Herrenhaus Jonques \/ Herrenhaus Monarchie<\/li><li>Zigarettenpapier zum Aufrollen der Zigaretten<\/li><li>Autoschrottplatz<\/li><li>Usine Leo<\/li><li>Grande Usine Textil<\/li><li>Fours Rouge<\/li><li>Versunkene Autos<\/li><li>Verstecktes Maison 4<\/li><li>Chateau PSP<\/li><li>Schloss Villa Dilme<\/li><li>Gro\u00dfartiger Betrieb<\/li><li>Chateau Anzeray<\/li><li>Chateau des Singes<\/li><li>Garage Jaguar<\/li><li>Maison Bernou<\/li><li>Manoir Jules<\/li><li>Herrenhaus Christelle<\/li><li>Chateau des Bustes<\/li><li>Ch\u00e2teau Japonais<\/li><li>Manoir Crochet \/ Maison Broderie \/ Maison Autotunne \/ Maison Peluche<\/li><li>Manoir du Riche Physicien<\/li><li>Maison du Taxidermiste<\/li><li>Manoir du Chien Mort<\/li><li>Haus Sentier \/ Haus des J\u00e4gers (Maison du Chasseur)<\/li><li>Manoir Haringford \/ Das Zimmer 2.0<\/li><li>Herrenhaus Simca<\/li><li>Haus Paulette \/ Haus Dames<\/li><li>Herrenhaus des Lumieres<\/li><li>Maison vie Sauvage<\/li><li>Haus Synth\u00e9 \/ Villa Rose<\/li><li>Maison des fr\u00e8res jumeaux<\/li><li>Ch\u00e2teau des enfants perdus<\/li><li>Maison Tete de Chien<\/li><li>Cimentiere des Fous<\/li><li>Herrenhaus Freya<\/li><li>Haus Peugeot<\/li><li>Villa T<\/li><li>Usine du D\u00e9sespoir<\/li><li>Haus Avre<\/li><li>Maison Firedamage<\/li><li>Maison Ginger<\/li><li>Hinterhof-Scheunen<\/li><li>Das brennende Eisenbahner-Museum<\/li><li>Stockage du raisin<\/li><li>Grange de la brocanteuse<\/li><li>Maison Turret<\/li><li>Maison du m\u00e9canicien<\/li><li>Maison WE<\/li><li>Die Hoarders Farm<\/li><li>Usine Gyblanc<\/li><li>Maison Maresco<\/li><li>Wasserbecken Tournesol 7<\/li><li>Cimeti\u00e8re de Trains R<\/li><li>Chai \u00e0 Vin<\/li><li>Chateau Feerie<\/li><li>Manoir Nightmare<\/li><li>Ch\u00e2teau de l'emmur\u00e9 \/ Ch\u00e2teau des Ducs<\/li><li>Verlorenes Sporthall<\/li><li>Usine Diep<\/li><li>Usine Blang<\/li><li>Villa Morisque \/ Herrenhaus Atlas<\/li><li>Maison du croyant<\/li><li>Herrenhaus der Bratentorte<\/li><li>Pressezentrum des Winzers<\/li><li>Maison Rase<\/li><li>Das Herrenhaus der Pr\u00e4rie<\/li><li>Ch\u00e2teau d&#039;Antiville<\/li><li>Das alte Atelier<\/li><li>Maison bout du monde<\/li><li>Haus Mitoyenne<\/li><li>Geister-Viadukt<\/li><\/ul>","protected":false},"excerpt":{"rendered":"<p>Auf dieser urbex-Karte finden Sie alle Standorte der urbanen Erkundung (urbex) in<strong> Frankreich, <\/strong><strong>Normandie<\/strong><strong>.<\/strong> Diese Karte der verlorenen Orte wird mindestens 365 Tage nach dem Kauf aktualisiert und zug\u00e4nglich bleiben.<\/p>\n<p>Diese Karte enth\u00e4lt derzeit 127 der einzigartigsten urbanen Erkundungsorte in Frankreich und der Normandie und ist von \u00fcberall aus mit unserer einfach zu bedienenden Karte zug\u00e4nglich<strong>.<\/p>\n<p><\/strong><strong>Wenn Sie dieses Paket bereits besitzen, k\u00f6nnen Sie es \u00fcber <a href=\"\/de\/mein-account\/mitgliederbereich\/43905\/inhalt-meiner-mitgliedschaft\/\">Meine Karten &gt; Ansicht.<\/a><\/strong><strong><\/p>\n<p><\/strong><a href=\"#tab-description\">Liste aller Urbex-Standorte auf dieser Karte.<\/a><\/p>","protected":false},"featured_media":48149,"template":"","meta":[],"product_brand":[],"product_cat":[226,322,1135,1344,234],"product_tag":[323],"class_list":{"0":"post-37569","1":"product","2":"type-product","3":"status-publish","4":"has-post-thumbnail","6":"product_cat-france","7":"product_cat-location-packs","8":"product_cat-maps-france","9":"product_cat-maps-normandie","10":"product_cat-normandie","11":"product_tag-locationpack","13":"first","14":"instock","15":"taxable","16":"shipping-taxable","17":"purchasable","18":"product-type-variable"},"jetpack_sharing_enabled":true,"_links":{"self":[{"href":"https:\/\/urbex.direct\/de\/wp-json\/wp\/v2\/product\/37569","targetHints":{"allow":["GET"]}}],"collection":[{"href":"https:\/\/urbex.direct\/de\/wp-json\/wp\/v2\/product"}],"about":[{"href":"https:\/\/urbex.direct\/de\/wp-json\/wp\/v2\/types\/product"}],"wp:featuredmedia":[{"embeddable":true,"href":"https:\/\/urbex.direct\/de\/wp-json\/wp\/v2\/media\/48149"}],"wp:attachment":[{"href":"https:\/\/urbex.direct\/de\/wp-json\/wp\/v2\/media?parent=37569"}],"wp:term":[{"taxonomy":"product_brand","embeddable":true,"href":"https:\/\/urbex.direct\/de\/wp-json\/wp\/v2\/product_brand?post=37569"},{"taxonomy":"product_cat","embeddable":true,"href":"https:\/\/urbex.direct\/de\/wp-json\/wp\/v2\/product_cat?post=37569"},{"taxonomy":"product_tag","embeddable":true,"href":"https:\/\/urbex.direct\/de\/wp-json\/wp\/v2\/product_tag?post=37569"}],"curies":[{"name":"wp","href":"https:\/\/api.w.org\/{rel}","templated":true}]}}