{"id":37559,"date":"2021-12-19T16:04:11","date_gmt":"2021-12-19T16:04:11","guid":{"rendered":"https:\/\/urbex.direct\/?post_type=product&#038;p=37559"},"modified":"2025-05-27T19:55:19","modified_gmt":"2025-05-27T18:55:19","slug":"standort-karte-fr-ile-de-france","status":"publish","type":"product","link":"https:\/\/urbex.direct\/de\/product\/location-map-fr-ile-de-france\/","title":{"rendered":"Urbex Map Frankreich, \u00cele-de-France (1 oder 2 Jahre Zugang)"},"content":{"rendered":"<p>Diese Karte enth\u00e4lt die folgenden Orte:<\/p>\n\n\n\n<ul><li>Supermarkt P<\/li><li>Le Petite Ceinture<\/li><li>Usine Meltingburg<\/li><li>Ch\u00e2teau Baia<\/li><li>Le Poisson Dore<\/li><li>Verlassene Industrien<\/li><li>Piscine<\/li><li>Chateau Tennis<\/li><li>Herrenhaus Colima\u00e7on<\/li><li>MJ Krankenhaus<\/li><li>Haus der Klinik \/ Haus Cham<\/li><li>Batterie de Guerre<\/li><li>Schloss von Faisans<\/li><li>Schloss Popkow<\/li><li>Schloss Gryffondor \/ Ch\u00e2teau Social<\/li><li>Domaine de la Renaissance<\/li><li>Maison Dschungel<\/li><li>Die Suppe aux choux<\/li><li>Garage pittoresque \/ Garage Rolls<\/li><li>Cimeti\u00e8re de Bateaux Madelaine<\/li><li>Maison Skyzo<\/li><li>Sans toit<\/li><li>Ch\u00e2teau Mesrine<\/li><li>Stockage hospitalier<\/li><li>Bus-Friedhof<\/li><li>Eglise Indiana Jones<\/li><li>Ch\u00e2teau Bien-\u00eatre<\/li><li>Ferme avec grandes serres<\/li><li>Schwimmbad la Plage<\/li><li>Gebrauchsmuster<\/li><li>Gerichtliche Usine<\/li><li>Kapelle der Prinzessin Titine<\/li><li>Ch\u00e2teau Bonifatius<\/li><li>Villa Melodie \/ Maison Docteur du Harp<\/li><li>Aquatischer Park<\/li><li>Bordell Allemand<\/li><li>Villa Popowa<\/li><li>Chateau des Cr\u00eapes<\/li><li>Fort HB<\/li><li>Das Herrenhaus von Herrn Hugo<\/li><li>L'h\u00f4tel des damn\u00e9s<\/li><li>Das Haus von Preux<\/li><li>Umschulungsheim Israel Lipski<\/li><li>Blaue Kapelle im Wald<\/li><li>Maison Tonnerre<\/li><li>Maison du lapin Rose<\/li><li>Verlorener Turm<\/li><li>G\u00e4rtnerei<\/li><li>Usine Viardoss<\/li><li>Maison Sentier<\/li><li>Camp Luftwaffe<\/li><li>Maison de l'\u00e9clusier<\/li><li>Hangar d&#039;Orgie<\/li><li>Maison Norman<\/li><li>Bahnhof de Pompage<\/li><li>Freiheits\u00e4mter<\/li><li>Usine JK<\/li><li>Hopital CB<\/li><li>Maxi-Leichenhalle<\/li><li>HippoDr\u00f4me<\/li><li>Haus Alphonse Daudet<\/li><li>Herrenhaus H\u00e9l\u00e8ne<\/li><li>Chateau Barbusse<\/li><li>Ch\u00e2teau du Chat Mort<\/li><li>Gare Atrigo \/ Gare Wissous<\/li><li>Abgelegenes Wasserbecken<\/li><li>Schlachthof<\/li><li>Verlorener Grill<\/li><li>Zentrum d&#039;artiste<\/li><li>Zirkus V \/ Zirkusschule<\/li><li>Herrenhaus Trois Colonnes<\/li><li>Ch\u00e2teau Foss\u00e9<\/li><li>Schloss \u00e0 L&#039;horloge<\/li><li>Ch\u00e2teau Hitler<\/li><li>Zoo du G\u00e9n\u00e9ral<\/li><li>Orphelinat Zukunft<\/li><li>Villa Barby<\/li><li>Franz\u00f6sische Suppen<\/li><li>Chateau \u00e9toupes<\/li><li>Villa voisine<\/li><li>Usine System X<\/li><li>Villa Ongaria<\/li><li>Monast\u00e8re au Moine<\/li><li>Leichenschauhaus tot \/ Leichenschauhaus hirntot \/ Leichenschauhaus sterblich<\/li><li>Schloss Malfrat \/ Ch\u00e2teau au buste rouge<\/li><li>Centre a\u00e9r\u00e9<\/li><li>Villa tour de contr\u00f4le<\/li><li>Enfance de GIF<\/li><li>Maison des marais<\/li><li>Herrenhaus Casanova<\/li><li>Kleiner Pavillon<\/li><li>Maison Champion<\/li><li>H\u00f6hlen f\u00fcr fluviale Flugzeuge<\/li><li>Gare Perdue ES<\/li><li>Gare abandonn\u00e9e<\/li><li>Ecole d'Architecture<\/li><li>Haus der Konfiture \/ Haus der Armen (Maison du Pauvre)<\/li><li>Schloss de la Solitude \/ Schloss Chocolat<\/li><li>Herrenhaus des K\u00fcnstlers<\/li><li>Usine Nobel<\/li><li>Asile Tillie Klimek \/ Tillie Klimek Asylum<\/li><li>Leichenschauhaus-Vorspiel<\/li><li>Labor CNRS<\/li><li>Konservatorium Atrigo<\/li><li>Leichenschauhaus de la Cervelle<\/li><li>Haus der Kardin\u00e4le<\/li><li>Ruine G<\/li><li>Sanatorium du Vexin 2<\/li><li>Tourneeverwaltung<\/li><li>Sanatorium Carnelle<\/li><li>Mirapolis<\/li><li>Destillerie<\/li><li>5 Cin\u00e9ma<\/li><li>Maison de l'Estropi\u00e9<\/li><li>Villa Scarface<\/li><li>Haus der Lehrerin<\/li><li>Manoir Salon Jaune<\/li><li>Manoir aux fleurs<\/li><li>Privatklinikum<\/li><li>Maisons Twiny<\/li><li>Auberge Clos-Tourelle<\/li><li>Laufbahn mit Schaufeln<\/li><li>Fahrr\u00e4der V2<\/li><li>Usine Antoine<\/li><li>Maison Haravilliers<\/li><li>Ferme R2087 \/ Urbex ferme Go\u00e9lette<\/li><li>Maison Tuile bleue<\/li><li>Maison Rhus<\/li><li>Maison Autre<\/li><li>Piscine Hasard<\/li><li>Das Haus der Kinder im Departement Oise<\/li><li>Maison twin bis<\/li><li>Premi\u00e8re Maison<\/li><li>2e Maison<\/li><li>Villa Chanterive<\/li><li>Maison Horloge<\/li><li>Cimeti\u00e8re de voitures<\/li><li>Das verlassene gro\u00dfe Haus des Campingplatzes<\/li><li>Villa Coco<\/li><li>Das Schloss von Tarzan<\/li><\/ul>","protected":false},"excerpt":{"rendered":"<p>Auf dieser urbex-Karte finden Sie alle Standorte der urbanen Erkundung (urbex) in<strong> Frankreich, <\/strong><strong>\u00cele-de-France<\/strong><strong>.<\/strong> Diese Karte der verlorenen Orte wird mindestens 365 Tage nach dem Kauf aktualisiert und zug\u00e4nglich bleiben.<\/p>\n<p>Diese Karte enth\u00e4lt derzeit 140 der einzigartigsten urbanen Entdeckungsorte in Frankreich, \u00cele-de-France und ist von \u00fcberall aus mit unserer einfach zu bedienenden Karte zug\u00e4nglich<strong>.<\/p>\n<p><\/strong><strong>Wenn Sie dieses Paket bereits besitzen, k\u00f6nnen Sie es \u00fcber <a href=\"\/de\/mein-account\/mitgliederbereich\/43905\/inhalt-meiner-mitgliedschaft\/\">Meine Karten &gt; Ansicht.<\/a><\/strong><strong><\/p>\n<p><\/strong><a href=\"#tab-description\">Liste aller Urbex-Standorte auf dieser Karte.<\/a><\/p>","protected":false},"featured_media":48148,"template":"","meta":[],"product_brand":[],"product_cat":[226,233,322,1135,1343],"product_tag":[323],"class_list":{"0":"post-37559","1":"product","2":"type-product","3":"status-publish","4":"has-post-thumbnail","6":"product_cat-france","7":"product_cat-ile-de-france","8":"product_cat-location-packs","9":"product_cat-maps-france","10":"product_cat-maps-ile-de-france","11":"product_tag-locationpack","13":"first","14":"instock","15":"taxable","16":"shipping-taxable","17":"purchasable","18":"product-type-variable"},"jetpack_sharing_enabled":true,"_links":{"self":[{"href":"https:\/\/urbex.direct\/de\/wp-json\/wp\/v2\/product\/37559","targetHints":{"allow":["GET"]}}],"collection":[{"href":"https:\/\/urbex.direct\/de\/wp-json\/wp\/v2\/product"}],"about":[{"href":"https:\/\/urbex.direct\/de\/wp-json\/wp\/v2\/types\/product"}],"wp:featuredmedia":[{"embeddable":true,"href":"https:\/\/urbex.direct\/de\/wp-json\/wp\/v2\/media\/48148"}],"wp:attachment":[{"href":"https:\/\/urbex.direct\/de\/wp-json\/wp\/v2\/media?parent=37559"}],"wp:term":[{"taxonomy":"product_brand","embeddable":true,"href":"https:\/\/urbex.direct\/de\/wp-json\/wp\/v2\/product_brand?post=37559"},{"taxonomy":"product_cat","embeddable":true,"href":"https:\/\/urbex.direct\/de\/wp-json\/wp\/v2\/product_cat?post=37559"},{"taxonomy":"product_tag","embeddable":true,"href":"https:\/\/urbex.direct\/de\/wp-json\/wp\/v2\/product_tag?post=37559"}],"curies":[{"name":"wp","href":"https:\/\/api.w.org\/{rel}","templated":true}]}}