{"id":37428,"date":"2021-12-15T08:37:15","date_gmt":"2021-12-15T08:37:15","guid":{"rendered":"https:\/\/urbex.direct\/?post_type=product&#038;p=37428"},"modified":"2025-05-27T19:49:43","modified_gmt":"2025-05-27T18:49:43","slug":"standort-karte-fr-grand-est","status":"publish","type":"product","link":"https:\/\/urbex.direct\/de\/product\/location-map-fr-grand-est\/","title":{"rendered":"Urbex Map Frankreich, Grand Est (1 oder 2 Jahre Zugang)"},"content":{"rendered":"<p>Diese Karte enth\u00e4lt die folgenden Orte:<\/p>\n\n\n\n<ul><li>H\u00f4tel Jaur\u00e8s<\/li><li>Das Haus von Onkel Michel<\/li><li>Usine Phil<\/li><li>Ferme Frappant<\/li><li>Haus in Landau<\/li><li>Fort de Givet<\/li><li>Ferme de la Rose<\/li><li>Usine TG<\/li><li>Schloss Oniepronko<\/li><li>Ch\u00e2teau Jamais Le M\u00eame<\/li><li>Usine LF<\/li><li>Maison Buco<\/li><li>Flugzeug-Friedhof<\/li><li>Ch\u00e2teau Bourgeois<\/li><li>Ch\u00e2teau de la chaise<\/li><li>Tr\u00e9sor de Guerre<\/li><li>Weinkeller Saint-Julien<\/li><li>Fu\u00dffabrik<\/li><li>Villa Tarcas<\/li><li>Verlorene Fahrzeuge<\/li><li>Ancien Aerodrome<\/li><li>Usine Malfoy \/ Die gro\u00dfe verlassene Fabrik<\/li><li>Kapelle der Toten \/ Chapelle des Morts<\/li><li>Chateau Hector \/ Schloss des Pr\u00e4sidenten&#039;s<\/li><li>Maisons Fiesta \/ Maison Jumelles<\/li><li>Die Bagnolensammlung<\/li><li>Maison d'Alekse\u00ef \/ Autosammlung<\/li><li>Herrenhaus petroucka \/ Maison Russia \/ Maison Poudine<\/li><li>Haus aus den 90ern \/ 90er Zeitkapsel<\/li><li>Die Tipi-Disco<\/li><li>Maison PapiPapi<\/li><li>Le rep\u00e8re des Pirates \/ Bootsfriedhof<\/li><li>Restaurant de Castor<\/li><li>Maison moineaux<\/li><li>Teinturerie des Moines<\/li><li>Hochschule 1934<\/li><li>Maison Alcohol Addict<\/li><li>Herrenhaus de la Discorde<\/li><li>Ecole Paris Dakar<\/li><li>Herrenhaus aux Canons \/ Maison Billard<\/li><li>Kreislauf R<\/li><li>Villa Matusalem<\/li><li>Weinbauernhof \/ Fabrik und verlassene Burg<\/li><li>Maison Aux Poupees<\/li><li>Garage Bavarois<\/li><li>L&#039;a\u00e9roport oubli\u00e9<\/li><li>La Minoterie<\/li><li>Papeterie de C<\/li><li>Herrenhaus des Philosophen<\/li><li>Villa Marianne<\/li><li>Hotel V\u00e9randa<\/li><li>Villa du Pont<\/li><li>Die vergessenen Z\u00fcge<\/li><li>Rosa Kirche<\/li><li>Maison Monospace<\/li><li>Maison Aurora<\/li><li>Hotel de pompiers<\/li><li>Hindu-Kapelle<\/li><li>Ch\u00e2teau Ravinel<\/li><li>Sanatorium Simone Weber<\/li><li>Bunkerstra\u00dfe<\/li><li>Usine Scaf Oner 2.0<\/li><li>Pneus et cendres<\/li><li>Restaurant Chino<\/li><li>Maison Gonzalez<\/li><li>Maison HangMan<\/li><li>Fl\u00fcssige Luftverwendung<\/li><li>Maison Tasche<\/li><li>Maison Houpelle<\/li><li>Maison Herd<\/li><li>Maison du sculpteur<\/li><li>Haus Casper<\/li><li>Maison Turquoise<\/li><li>Maison Binouze<\/li><li>Explodiertes Fort B<\/li><li>Die gro\u00dfe Friedenskaserne<\/li><li>Das miserable Schaf<\/li><li>Gefallener Hochofen \/ HFC<\/li><li>\u00dcberwuchertes B\u00fcro<\/li><li>Regenwiese \/ Regenwiese<\/li><li>Das Herrenhaus von M\u00e9galomane<\/li><li>Fort de Frouard<\/li><li>Bergwerksbetrieb<\/li><li>Usine Gouvy<\/li><li>Maison Crocker<\/li><li>Verr\u00fcckte Farm<\/li><li>Papierfabrik<\/li><li>Fort de Dieu<\/li><li>Pap\u00e9terie Kapelle<\/li><li>Maison Benn<\/li><li>Bunker Mine<\/li><li>Bunker V<\/li><li>Bunker K<\/li><li>Elektrische Arbeiten<\/li><li>Travaux d'Aliens<\/li><li>Kaserne d&#039; Ange<\/li><li>Maginotbunker Gros Ouvrage de Rochonvillers<\/li><li>HFX<\/li><li>Kriegsgefangenschaft<\/li><li>Camp de la Mort<\/li><li>U Verlagerung Saar<\/li><li>Puits Simon<\/li><li>Ferme Edouard<\/li><li>Maison du Passionn\u00e9<\/li><li>Grube des Grimpeurs<\/li><li>Casino Royale<\/li><li>Gare de Stroff<\/li><li>Base Militaire des Engins de Guerre<\/li><li>Der Herbenteich<\/li><li>Maison Kaltbach<\/li><li>Hangar mit Flugzeugen<\/li><li>Das Vinyll Chalet<\/li><li>Centre Mobilisateur abandonn\u00e9<\/li><li>Gare HB<\/li><li>Hunter's Cabin<\/li><li>Maison pl\u00e2trage<\/li><li>Maison du Maquetiste<\/li><li>Wasserbecken Fronti\u00e8re<\/li><li>Medizinisches Zentrum H<\/li><li>Dschungel und Lianenh\u00e4user \/ Les Maisons Savane et Peluche<\/li><li>Herrenhaus Accrobranche \/ Baumkletterhaus<\/li><li>Manoir General<\/li><li>Villa Des Ours<\/li><li>Schleusenhotel \/ Hotel des Hafens<\/li><li>Die Lange Kaserne<\/li><li>Usine Coloree \/ S\u00e4gewerk W<\/li><li>Manoir des Anglais \/ Das neue englische Herrenhaus<\/li><li>La Petite Maison dans la Prairie<\/li><li>Maison Bild<\/li><li>Maison Fanatique des oiseaux<\/li><li>Der Festsaal \/ Th\u00e9atre du chien<\/li><li>Le Tram jaune \/ Die gelbe Stra\u00dfenbahn<\/li><li>Cimeti\u00e8re sur la colline \/ Friedhof auf dem H\u00fcgel \/ Cemetery on the hill<\/li><li>Maison Piscine<\/li><li>Das Haus des B\u00fcchersammlers<\/li><li>Usine Robinot<\/li><li>Clinique des Sources<\/li><li>H\u00f4tel Hant\u00e9e d'Hippolyte<\/li><li>Schl\u00f6sser Ulrich<\/li><li>Eglise Montanha<\/li><li>Hotel de Luxe<\/li><li>Klinik du Diable<\/li><li>Hotel du Loup<\/li><li>Chateau G<\/li><li>Maison Zigarette<\/li><li>Bergwerk B<\/li><li>Cimeti\u00e8re des L\u00e9gendes<\/li><li>Red Mother&#039;s Mansion<\/li><li>Usine FTech \/ Kleine Fechtfabrik<\/li><li>Cirva-Fabrik<\/li><li>Papeterie Riccobo<\/li><li>Villa Larue<\/li><li>Maison Durand<\/li><li>Ch\u00e2teau du D\u00e9m\u00e9nageur<\/li><li>Ch\u00e2teau des Fraises<\/li><li>Maison Jean-Marie<\/li><li>Maison Satanique<\/li><li>Schlachth\u00f6fe<\/li><li>Villa Am\u00e9lie<\/li><li>Usine Blanchiment<\/li><li>Schloss der Marquise von Brinvilliers<\/li><li>Wagenburg<\/li><li>Maison 72<\/li><li>Hotel Weidman<\/li><li>Ch\u00e2teau Muet<\/li><li>D\u00e9meusur\u00e9e-Filme<\/li><li>Hotel William Bonin<\/li><li>Hotel Vasili Komaroff<\/li><li>Herrenhaus La Vache<\/li><li>Kapelle B \/ Chapelle des Loups<\/li><li>Abtr\u00fcnnige Wissenschaft<\/li><li>Maison Intacte<\/li><li>Maison Vroom<\/li><li>Maison du Gutty<\/li><li>Maison Tisseuse<\/li><li>Das Caf\u00e9 73 \/ Bistrot 1973<\/li><li>Weihnachtsmannhaus<\/li><\/ul>","protected":false},"excerpt":{"rendered":"<p>Auf dieser urbex-Karte finden Sie alle Standorte der urbanen Erkundung (urbex) in<strong> Frankreich, <\/strong><strong>Grand Est<\/strong><strong>.<\/strong> Diese Karte der verlorenen Orte wird mindestens 365 Tage nach dem Kauf aktualisiert und zug\u00e4nglich bleiben.<\/p>\n<p>This map has currently 177 of the most unique urban exploring locations in France, Grand Est and is accessible from anywhere with our easy to use map<strong>.<\/p>\n<p><\/strong><strong>Wenn Sie dieses Paket bereits besitzen, k\u00f6nnen Sie es \u00fcber <a href=\"\/de\/mein-account\/mitgliederbereich\/43905\/inhalt-meiner-mitgliedschaft\/\">Meine Karten &gt; Ansicht.<\/a><\/strong><\/p>","protected":false},"featured_media":48147,"template":"","meta":[],"product_brand":[],"product_cat":[226,231,322,1135,1341],"product_tag":[],"class_list":{"0":"post-37428","1":"product","2":"type-product","3":"status-publish","4":"has-post-thumbnail","6":"product_cat-france","7":"product_cat-grand-est","8":"product_cat-location-packs","9":"product_cat-maps-france","10":"product_cat-maps-grand-est","12":"first","13":"instock","14":"taxable","15":"shipping-taxable","16":"purchasable","17":"product-type-variable"},"jetpack_sharing_enabled":true,"_links":{"self":[{"href":"https:\/\/urbex.direct\/de\/wp-json\/wp\/v2\/product\/37428","targetHints":{"allow":["GET"]}}],"collection":[{"href":"https:\/\/urbex.direct\/de\/wp-json\/wp\/v2\/product"}],"about":[{"href":"https:\/\/urbex.direct\/de\/wp-json\/wp\/v2\/types\/product"}],"wp:featuredmedia":[{"embeddable":true,"href":"https:\/\/urbex.direct\/de\/wp-json\/wp\/v2\/media\/48147"}],"wp:attachment":[{"href":"https:\/\/urbex.direct\/de\/wp-json\/wp\/v2\/media?parent=37428"}],"wp:term":[{"taxonomy":"product_brand","embeddable":true,"href":"https:\/\/urbex.direct\/de\/wp-json\/wp\/v2\/product_brand?post=37428"},{"taxonomy":"product_cat","embeddable":true,"href":"https:\/\/urbex.direct\/de\/wp-json\/wp\/v2\/product_cat?post=37428"},{"taxonomy":"product_tag","embeddable":true,"href":"https:\/\/urbex.direct\/de\/wp-json\/wp\/v2\/product_tag?post=37428"}],"curies":[{"name":"wp","href":"https:\/\/api.w.org\/{rel}","templated":true}]}}