{"id":37079,"date":"2021-12-07T18:24:57","date_gmt":"2021-12-07T18:24:57","guid":{"rendered":"https:\/\/urbex.direct\/?post_type=product&#038;p=37079"},"modified":"2025-05-27T19:52:27","modified_gmt":"2025-05-27T18:52:27","slug":"standort-karte-fr-hauts-de-france","status":"publish","type":"product","link":"https:\/\/urbex.direct\/de\/product\/location-map-fr-hauts-de-france\/","title":{"rendered":"Urbex Map Frankreich, Hauts-de-France (1 oder 2 Jahre Zugang)"},"content":{"rendered":"<p>Diese Karte enth\u00e4lt die folgenden Orte:<\/p>\n\n\n\n<ul><li>Der Champ de Voitures Abandonn\u00e9es<\/li><li>Chateau Crazy Angelais Chateau du camion bleu<\/li><li>Das Haus Renault \/ Das Haus Twingo<\/li><li>Maison Sucrerie<\/li><li>Maison Thierry<\/li><li>Imperial Boite de Nuit<\/li><li>Anis Fort<\/li><li>Hirsbex<\/li><li>La gare de man\u0153uvre ronde \/ Der runde Rangierbahnhof<\/li><li>L&#039;abbaye Incendi\u00e9e<\/li><li>Waldvilla<\/li><li>Maison du Trappeur \/ Maison Lucienne \/ Maison De La Fouine<\/li><li>Ch\u00e2teau Chasseur<\/li><li>Maison Syntropique<\/li><li>Maison Gregory<\/li><li>Bunker CS<\/li><li>Maison Outils<\/li><li>Maisons voleuse d'\u00e2me<\/li><li>Maison BB<\/li><li>Maison Seife<\/li><li>Haus der Br\u00fcderlichkeit<\/li><li>Turm von Babel<\/li><li>Maison du Boucher<\/li><li>Tomb\u00e9e dans l'oublie<\/li><li>Maison Red Oma<\/li><li>Herrenhaus 1800<\/li><li>Maison Queue de Faisan<\/li><li>Usine Tropica<\/li><li>Entenfabrik<\/li><li>Villa Alphonse<\/li><li>Usine de Bi\u00e8res<\/li><li>Maison Leko<\/li><li>Usine de 1932<\/li><li>Elefant aus dem Ged\u00e4chtnis \/ Verlorener Elefant<\/li><li>Usine Standart S A<\/li><li>Klinik f\u00fcr M\u00fctter<\/li><li>Kapelle La Barbe \/ Bart-Kapelle<\/li><li>Ger\u00e4ucherte Ziegelei<\/li><li>Chateau de l&#039;Empire \/ Schloss General Vandamme<\/li><li>Manoir Porsche<\/li><li>Ferme Aux Obus \/ Ferme Quality Street<\/li><li>H\u00f4pital G<\/li><li>Ferme Kruzifix<\/li><li>Brauerei C<\/li><li>Blaues Flugzeug 2.0<\/li><li>Disco Silo<\/li><li>Usine Camus<\/li><li>Maison Horizon<\/li><li>Maison Meunier<\/li><li>Ch\u00e2teau Frakacet<\/li><li>Haus Calmette<\/li><li>Eisenbahn-Friedhof \/ Trains d'un autre monde<\/li><li>Eglise de la d\u00e9solation<\/li><li>Antike Diskothek<\/li><li>Maison Mickey<\/li><li>Maison FlipFlop<\/li><li>Maison disparue<\/li><li>Entrep\u00f4t dans la for\u00eat<\/li><li>Maison Fleury<\/li><li>Maison Gestapo<\/li><li>Maison Volt<\/li><li>Die alte Eisenbahnfabrik<\/li><li>Manoir Bourgeois<\/li><li>Ferme Nationale<\/li><li>Maison Salva<\/li><li>Eisenbahnhaus<\/li><li>Haus mit Konstruktionsproblem<\/li><li>Schloss von Douaniers<\/li><li>Fort M<\/li><li>Fort M 2<\/li><li>Fort M 3<\/li><li>Fort M 4<\/li><li>Zentrum Cultura<\/li><li>Garage Fina<\/li><li>Maison du P\u00eacheur<\/li><li>Wasserbecken Tournesol 4<\/li><li>Zentrale H<\/li><li>Maison des chatons<\/li><li>Maison in der Mitte<\/li><li>Bowling im Weltraum<\/li><li>Maison Cloch<\/li><li>Maison de fer<\/li><li>Entrepot d\u00e9labr\u00e9<\/li><li>Das wei\u00dfe Traumhaus<\/li><li>Maison Watchtower<\/li><li>Krumme Gef\u00e4ngnisse<\/li><li>Angriff der Titanen<\/li><li>Ein Haus im Wandel der Zeit<\/li><li>Ferme Cibloy<\/li><li>Schloss von Monaca<\/li><li>Maison des Livres<\/li><li>Ch\u00e2teau De Fruminet<\/li><li>Sanatorium Delirium Sanatorium Nestor Pirotte<\/li><li>Monast\u00e8re Mor<\/li><li>Manoir du Pharmacien<\/li><li>Chateau MM<\/li><li>Cimeti\u00e8re Profan\u00e9<\/li><li>Manoir aux milles livres<\/li><li>Ch\u00e2teau O<\/li><li>Ferme du Collectionneur<\/li><li>Maison Menthe<\/li><li>Herrenhaus Da Vinci<\/li><li>\u00c9curie H<\/li><li>Ch\u00e2teau du Menillet<\/li><li>Ch\u00e2teau Piano<\/li><li>Chauffeur-Gef\u00e4ngnis<\/li><li>Strafvollzugsverwaltung<\/li><li>Champ de Tir<\/li><li>Wasserbecken Eau Verte<\/li><li>Disco Fightclub<\/li><li>Chapelle Mello<\/li><li>Chapelle Messie<\/li><li>Villa Safari<\/li><li>Maison du Nudiste<\/li><li>Haus der Maschinenbauer<\/li><li>Ferme du Moyen \u00c2ge<\/li><li>Ferme avec mini maison<\/li><li>Maison N-Zelande<\/li><li>Nudisten-Camp<\/li><li>Der Autozimt<\/li><li>Usine Fondrax<\/li><li>Komitee Jakob<\/li><li>Herrenhaus Jacqueline<\/li><li>Maison de la Pointe<\/li><li>Grande maison avec anciennes voitures abandonn\u00e9es<\/li><li>Herrenhaus B\u00e9b\u00e9<\/li><li>Haus der 70er Jahre<\/li><li>Ferme de Champagne<\/li><li>Maison du Fumeur<\/li><li>Das Herrenhaus von Meurtre<\/li><li>Le Piano Fant\u00f4me<\/li><li>Auto-Stimmung<\/li><li>Schloss l&#039; Elan<\/li><li>Faserfieber<\/li><li>Herr Grau<\/li><li>Maison aux Plantes<\/li><li>Herrenhaus Grano<\/li><li>Onkel Donald<\/li><li>Maison Jacke<\/li><li>Ferme Leclerc<\/li><li>Krankenhaus B\u00e9b\u00e9 qui Pleure<\/li><li>Ferme Lam<\/li><li>Kapelle du Roy<\/li><li>Maison du d\u00e9pressif<\/li><li>Manoir Pendulum<\/li><li>Maison Marionettes<\/li><li>Villa Anglais<\/li><li>Maison Papillon Blau<\/li><li>Herrenhaus des Aristokraten \/ Ferme d&#039;Agatha<\/li><li>Herrenhaus von Gotna<\/li><li>Ferme Paradise<\/li><li>Chateau Jonquille<\/li><li>Bergwerk du Grimpeur<\/li><li>Maison Tacot<\/li><li>Die Leichenhalle von Dieu<\/li><li>La Ferme Paradis<\/li><li>Maison Gepetto<\/li><li>Manoir Wiederauferstehung<\/li><li>Voiture Tetris \/ Tetris Autos<\/li><li>Ferme Merlier<\/li><li>Maison Seimreh<\/li><li>Maison du Table<\/li><li>Restaurant Tipi<\/li><li>Usine Verte<\/li><li>Garde \u00e0 vue<\/li><li>Die alten Bergbau-Geb\u00e4ude<\/li><li>Maison Bies<\/li><li>Maison Tartar<\/li><li>Das Winterhaus<\/li><li>Herrenhaus Jeu de Dames<\/li><li>Haus der Natur<\/li><li>Maison Groundkeeper<\/li><li>Die Bunkerfelder<\/li><li>Ferme Cornet \/ Bauernhof<\/li><li>Club Osmose<\/li><li>Ferme de l'oncle Joe<\/li><li>Entbindungsklinik<\/li><li>La Vache Folle<\/li><li>Maison Arlette \/ Chez Artlette<\/li><li>Ferme Montiers<\/li><li>Manoir Malediction<\/li><li>Ferme Philo<\/li><li>Villa de la Plage<\/li><li>Schloss de la Biche<\/li><li>Herrenhaus Orland<\/li><li>Ch\u00e2teau Martin P\u00eacheur<\/li><li>Chateau Colo<\/li><li>Usine Coop<\/li><li>Sucrerie B<\/li><li>Usine Feuille de Trefle<\/li><li>Ecole B<\/li><li>Usine DP<\/li><li>La Maison Effeuillage \/ Das Zimmer<\/li><li>Zugest\u00e4ndnis SAAB<\/li><li>Eglise de l'Alien (Ony mit Genehmigung)<\/li><li>Maison Damier<\/li><li>Das Haus von Renard<\/li><li>Manoir Scolaire \/ Manoir Feuer<\/li><li>Maison Valines<\/li><li>Wasserbecken Tournesol 8<\/li><li>Usine Strand<\/li><li>Der Betongigant<\/li><li>Maison Accident de voiture \/ Autowrack-Haus<\/li><li>Das andere Herrenhaus Jumani<\/li><\/ul>","protected":false},"excerpt":{"rendered":"<p>Auf dieser urbex-Karte finden Sie alle Standorte der urbanen Erkundung (urbex) in<strong> Frankreich, <\/strong><strong>Hauts-de-France<\/strong><strong>.<\/strong> Diese Karte der verlorenen Orte wird mindestens 365 Tage nach dem Kauf aktualisiert und zug\u00e4nglich bleiben.<\/p>\n<p>Diese Karte enth\u00e4lt derzeit 204 der einzigartigsten urbanen Entdeckungsorte in Frankreich, Hauts-de-France und ist von \u00fcberall aus mit unserer einfach zu bedienenden Karte zug\u00e4nglich<strong>.<\/p>\n<p><\/strong><strong>Wenn Sie dieses Paket bereits besitzen, k\u00f6nnen Sie es \u00fcber <a href=\"\/de\/mein-account\/mitgliederbereich\/43905\/inhalt-meiner-mitgliedschaft\/\">Meine Karten &gt; Ansicht.<\/a><\/strong><strong><\/p>\n<p><\/strong><a href=\"#tab-description\">Liste aller Urbex-Standorte auf dieser Karte.<\/a><\/p>","protected":false},"featured_media":48141,"template":"","meta":[],"product_brand":[],"product_cat":[226,232,322,1135,1342],"product_tag":[323],"class_list":{"0":"post-37079","1":"product","2":"type-product","3":"status-publish","4":"has-post-thumbnail","6":"product_cat-france","7":"product_cat-hauts-de-france","8":"product_cat-location-packs","9":"product_cat-maps-france","10":"product_cat-maps-hauts-de-france","11":"product_tag-locationpack","13":"first","14":"instock","15":"taxable","16":"shipping-taxable","17":"purchasable","18":"product-type-variable"},"jetpack_sharing_enabled":true,"_links":{"self":[{"href":"https:\/\/urbex.direct\/de\/wp-json\/wp\/v2\/product\/37079","targetHints":{"allow":["GET"]}}],"collection":[{"href":"https:\/\/urbex.direct\/de\/wp-json\/wp\/v2\/product"}],"about":[{"href":"https:\/\/urbex.direct\/de\/wp-json\/wp\/v2\/types\/product"}],"wp:featuredmedia":[{"embeddable":true,"href":"https:\/\/urbex.direct\/de\/wp-json\/wp\/v2\/media\/48141"}],"wp:attachment":[{"href":"https:\/\/urbex.direct\/de\/wp-json\/wp\/v2\/media?parent=37079"}],"wp:term":[{"taxonomy":"product_brand","embeddable":true,"href":"https:\/\/urbex.direct\/de\/wp-json\/wp\/v2\/product_brand?post=37079"},{"taxonomy":"product_cat","embeddable":true,"href":"https:\/\/urbex.direct\/de\/wp-json\/wp\/v2\/product_cat?post=37079"},{"taxonomy":"product_tag","embeddable":true,"href":"https:\/\/urbex.direct\/de\/wp-json\/wp\/v2\/product_tag?post=37079"}],"curies":[{"name":"wp","href":"https:\/\/api.w.org\/{rel}","templated":true}]}}