{"id":36647,"date":"2021-11-24T22:05:03","date_gmt":"2021-11-24T22:05:03","guid":{"rendered":"https:\/\/urbex.direct\/?post_type=product&#038;p=36647"},"modified":"2025-05-27T20:11:09","modified_gmt":"2025-05-27T19:11:09","slug":"standortkarte-fr-nouvelle-aquitaine","status":"publish","type":"product","link":"https:\/\/urbex.direct\/de\/product\/location-map-fr-nouvelle-aquitaine\/","title":{"rendered":"Urbex Map Frankreich, Nouvelle-Aquitaine (1 oder 2 Jahre Zugang)"},"content":{"rendered":"<p>Diese Karte enth\u00e4lt die folgenden Orte:<\/p>\n\n\n\n<ul><li>Haus der Erholung Dennis Nilsen<\/li><li>Ch\u00e2teau Repaire<\/li><li>Ch\u00e2teau L<\/li><li>Ch\u00e2teau du Tatou\u00e9<\/li><li>Ch\u00e2teau Herm<\/li><li>Maisons Dronne<\/li><li>Bo\u00eete de Nuit Le Scoop<\/li><li>Usine Couze<\/li><li>Schloss de la Lyre<\/li><li>H\u00f4tel des Suites<\/li><li>Krankenhaus des Grauens \/ H\u00f4pital de l'horreur<\/li><li>Maison de l&#039;Eglise<\/li><li>Maison Nains Jaune<\/li><li>Nazi-Krankenhaus<\/li><li>Hotel Laurent \/ Hotel du Canard<\/li><li>Eglise Ruine Gothique<\/li><li>Maison Sans Pareil<\/li><li>Ch\u00e2teau\nTaube<\/li><li>Streetart Fabrik<\/li><li>Parc La Guinguette<\/li><li>Centre de vacances Sombre<\/li><li>Manoir Asiatische Hornisse \/ Manoir Frelon Asiatique<\/li><li>Ferme FRTE<\/li><li>Chateau Indisch<\/li><li>Maison Bernier<\/li><li>Schloss Corrida<\/li><li>Villa Bel Sito<\/li><li>Ch\u00e2teau JQ<\/li><li>Ch\u00e2teau Disney<\/li><li>Manoir jeu de Dames \/ Manoir Capsule<\/li><li>Haus Bernadette<\/li><li>Maison la Foret<\/li><li>Maison du Peintre<\/li><li>Pap\u00e8terie NA<\/li><li>Chateau Grand Cru<\/li><li>Hotel Luis Garavito<\/li><li>Herrenhaus Antoinette Scieri<\/li><li>Villa La Roseraie<\/li><li>Wohnheim Le Signal<\/li><li>Ch\u00e2teau Edward Gein<\/li><li>Herrenhaus John Christie<\/li><li>Ch\u00e2teau de l'Acteur \/ Guy Rampillon<\/li><li>Maison du Poltergeist<\/li><li>Villa Carte Blanche<\/li><li>Haus der Bacheliers<\/li><li>Maison Ruche<\/li><li>Maison Villarbille<\/li><li>Ch\u00e2teau Babylon<\/li><li>Sanatorium des Mimosas<\/li><li>Maison Aquatique<\/li><li>Maison de l'otage<\/li><li>Schloss Helene Jegado<\/li><li>Hotel Jane Reth<\/li><li>Chateau le Scrill<\/li><li>Manoir Mystique<\/li><li>Ch\u00e2teau de l'hermitage \/ Chateau Trudeau<\/li><li>Maison d\u00e9tente<\/li><li>Maison de la Bourgeoisie<\/li><li>Herrenhaus Libert\u00e9<\/li><li>Petite maison aux roses<\/li><li>Der Bauernhof des alten Albert<\/li><li>Sanatorium Wal<\/li><li>Ch\u00e2teau Bois-Fleuri<\/li><li>Chateau Bennet<\/li><li>Bois-Wirtschaft<\/li><li>Ballade du Bois<\/li><li>Die Laufbahn von C<\/li><li>Usine Renault<\/li><li>Basis-Amiral<\/li><li>Maison Vignes<\/li><li>La Banque<\/li><li>Maison Popo<\/li><li>Herrenhaus der Winzer<\/li><li>Maison des oisillons<\/li><li>L'ancien orphelinat<\/li><li>Maison du bon vieux temps<\/li><li>Fischbecken VT<\/li><li>Die Lagerung im Wald<\/li><li>\u00dcberreste der Grande Ferme<\/li><li>Maison Lilli<\/li><li>Maison du Trappeur<\/li><li>Schloss Peter Dupas<\/li><li>Schloss l'Empereur<\/li><li>Chateau Gordon Hay<\/li><li>Maison Lugubre<\/li><li>Sportissima<\/li><li>Ferienzentrum<\/li><li>Herrenhaus Astronome<\/li><li>Maison Minimoys<\/li><li>Haus Raymond<\/li><li>Chateau Ferron<\/li><li>Manoir CD \/ CD Herrenhaus<\/li><li>Bo\u00eete de Nuit 47<\/li><li>Maison Sable Mouvant<\/li><li>Maison Canal<\/li><li>Maison Grass<\/li><li>L&#039;usine de Cigarettes<\/li><li>Das Fort mit 2 T\u00fcrmen<\/li><li>Maison Citroen Wrack und Fabrik<\/li><li>Bereich Woodpacker<\/li><li>Ferme APN<\/li><li>Stubenk\u00fcken und Bibellot<\/li><li>Spiritueller Bauernhof<\/li><li>Maison du g\u00e9nie<\/li><li>Ferme Mira<\/li><li>Maison Charlie<\/li><li>Ferme du temps qui passe<\/li><li>Hotel der Zwangsarbeit<\/li><li>Der Schuhmacher<\/li><li>Das Ged\u00e4chtnis, das sich ausbreitet<\/li><li>Hotel du disparu<\/li><li>Wald UTZ<\/li><li>Ch\u00e2teau Bijoux<\/li><li>H\u00f4tel d'Angleterre<\/li><li>Waschsalon L\u00e9on<\/li><li>Schloss Affranchis \/ Schloss Aristo \/ Schloss Mirador<\/li><li>Chateau NP<\/li><li>H\u00f4tel des Princes<\/li><li>Schloss Matti Haapoja<\/li><li>Sanatorium Thierry Paulin<\/li><li>Maison Rouge<\/li><li>Bo\u00eete de Nuit Jalousie<\/li><li>Ch\u00e2teau du mage blanc<\/li><li>La Belle Maison<\/li><li>Maison Plague<\/li><li>Ungesehenes Haus<\/li><li>Villa Winsti<\/li><li>Maison Les Flots<\/li><li>Ferme Fifi<\/li><li>Maison Pissenlit<\/li><li>Maison 7 jumelles<\/li><li>Clinique Beaulieu<\/li><li>Maison Versteckte Ecke<\/li><li>Maison du Chien<\/li><li>Haus des Pleurs<\/li><li>Sanatorium dus Enfants<\/li><li>Die Easy Factory<\/li><li>Diable Rouge<\/li><li>La Tour<\/li><li>Schloss Bazena<\/li><li>Ch\u00e2teau du petit poucet<\/li><li>Maison du barrage<\/li><li>Maison Bibelots<\/li><li>Das Haus der Katastrophe<\/li><li>S\u00e9minaire<\/li><li>Maison Gambetta<\/li><li>Maison 979<\/li><li>Maison Baby<\/li><li>Maisons des ronces<\/li><li>Das verflixte Flugzeug<\/li><li>Die gr\u00fcnen T\u00fcrme \/ Les tours vertes<\/li><li>Serres V\u00e9drine<\/li><li>Herrenhaus Melomane<\/li><li>Das Schloss von Bagnac<\/li><li>Schloss S\u00e9r\u00e9nade<\/li><li>H\u00f4pital Thomas<\/li><li>Usine Vienne<\/li><li>Haus Skorpion<\/li><li>La Demeure l\u00e9gion d'horreur\/ Manoir La Femme Qui Pleure \/ House Of The Screaming Lady<\/li><li>Hotel an der Autobahn #039<\/li><li>Schloss Dystopia<\/li><li>Sanatorium Eug\u00e8ne Aram<\/li><li>Emma-Klinik \/ Emma-Olivier-Klinik \/ Clinique Soyaux<\/li><li>Ch\u00e2teau Rohan<\/li><li>Hotel CH<\/li><li>Marquis-Kapelle<\/li><li>Schiffskapelle (Chapelle aux oiseaux)<\/li><li>Maison Ventilation<\/li><li>Ferme la Vache<\/li><li>Usine Roche Rouge<\/li><li>Handelszentrum Leclerc<\/li><li>H\u00f4pital Barri\u00e8re<\/li><li>Hotel Angely<\/li><li>H\u00f4pital Roch<\/li><li>Ch\u00e2teau Edgar Boulai<\/li><li>Haus f\u00fcr den Ruhestand SG<\/li><li>Manoir Bamboo<\/li><li>Schlachthof S<\/li><li>Maison Helipad<\/li><li>Kolonie des Tricolos<\/li><li>Kolonie Lombric<\/li><li>Kolonie Domino<\/li><li>Maison Galards<\/li><li>Alertes Angriff<\/li><li>Automobil-Konzession\u00e4r<\/li><li>Ch\u00e2teau L\u00e9ger<\/li><li>Hochschule f\u00fcr Angestellte<\/li><li>Schloss Pont-Levis<\/li><li>Eglise Mothe<\/li><li>B\u00eate Noir<\/li><li>Die Villa des Entdeckers<\/li><li>Herrenhaus Sanitol<\/li><li>Maison des Merveilles du Monde<\/li><li>Herrenhaus Mort-Vivant<\/li><li>Das Haus der Addams Family<\/li><li>Maison Blink<\/li><li>Maison Sint<\/li><li>Haus des R\u00fcckzugs Gauguin<\/li><li>Maison mur de vert<\/li><\/ul>","protected":false},"excerpt":{"rendered":"<p>Auf dieser urbex-Karte finden Sie alle Standorte der urbanen Erkundung (urbex) in<strong> Frankreich, Nouvelle-Aquitaine.<\/strong> Diese Karte der verlorenen Orte wird mindestens 365 Tage nach dem Kauf aktualisiert und zug\u00e4nglich bleiben.<\/p>\n<p>Diese Karte hat derzeit 199 der einzigartigsten st\u00e4dtischen Erkundungsorte in Frankreich, Nouvelle-Aquitaine und ist von \u00fcberall mit unserer einfach zu bedienenden Karte zug\u00e4nglich<strong>.<\/p>\n<p><\/strong><strong>Wenn Sie dieses Paket bereits besitzen, k\u00f6nnen Sie es \u00fcber <a href=\"\/de\/mein-account\/mitgliederbereich\/43905\/inhalt-meiner-mitgliedschaft\/\">Meine Karten &gt; Ansicht.<\/a><\/strong><strong><\/p>\n<p><\/strong><a href=\"#tab-description\">Liste aller Urbex-Standorte auf dieser Karte.<\/a><\/p>","protected":false},"featured_media":48142,"template":"","meta":[],"product_brand":[],"product_cat":[226,322,1135,1349,235],"product_tag":[323],"class_list":{"0":"post-36647","1":"product","2":"type-product","3":"status-publish","4":"has-post-thumbnail","6":"product_cat-france","7":"product_cat-location-packs","8":"product_cat-maps-france","9":"product_cat-maps-nouvelle-aquitaine","10":"product_cat-nouvelle-aquitaine","11":"product_tag-locationpack","13":"first","14":"instock","15":"taxable","16":"shipping-taxable","17":"purchasable","18":"product-type-variable"},"jetpack_sharing_enabled":true,"_links":{"self":[{"href":"https:\/\/urbex.direct\/de\/wp-json\/wp\/v2\/product\/36647","targetHints":{"allow":["GET"]}}],"collection":[{"href":"https:\/\/urbex.direct\/de\/wp-json\/wp\/v2\/product"}],"about":[{"href":"https:\/\/urbex.direct\/de\/wp-json\/wp\/v2\/types\/product"}],"wp:featuredmedia":[{"embeddable":true,"href":"https:\/\/urbex.direct\/de\/wp-json\/wp\/v2\/media\/48142"}],"wp:attachment":[{"href":"https:\/\/urbex.direct\/de\/wp-json\/wp\/v2\/media?parent=36647"}],"wp:term":[{"taxonomy":"product_brand","embeddable":true,"href":"https:\/\/urbex.direct\/de\/wp-json\/wp\/v2\/product_brand?post=36647"},{"taxonomy":"product_cat","embeddable":true,"href":"https:\/\/urbex.direct\/de\/wp-json\/wp\/v2\/product_cat?post=36647"},{"taxonomy":"product_tag","embeddable":true,"href":"https:\/\/urbex.direct\/de\/wp-json\/wp\/v2\/product_tag?post=36647"}],"curies":[{"name":"wp","href":"https:\/\/api.w.org\/{rel}","templated":true}]}}