{"id":36643,"date":"2021-11-24T22:03:25","date_gmt":"2021-11-24T22:03:25","guid":{"rendered":"https:\/\/urbex.direct\/?post_type=product&#038;p=36643"},"modified":"2025-05-27T20:00:34","modified_gmt":"2025-05-27T19:00:34","slug":"standort-karte-fr-okzitanien","status":"publish","type":"product","link":"https:\/\/urbex.direct\/de\/product\/location-map-fr-occitanie\/","title":{"rendered":"Urbex Map Frankreich, Occitanie (1 oder 2 Jahre Zugang)"},"content":{"rendered":"<p>Diese Karte enth\u00e4lt die folgenden Orte:<\/p>\n\n\n\n<ul><li>Resto Kowloon<\/li><li>Krankenhaus Leichenhalle<\/li><li>Restaurant le Bistrot \/ H\u00f4tel capitaine Haddock<\/li><li>Maison Museum\/ Maison Gendarmerie<\/li><li>Die Erzgruben<\/li><li>Ch\u00e2teau Ecole<\/li><li>Ch\u00e2teau Valgros<\/li><li>Villa des Orangers<\/li><li>Rouillesche Wagen<\/li><li>Diskothek\nBon<\/li><li>Herrenhaus RBNSD<\/li><li>Haus Champignon<\/li><li>Herrenhaus Escalier<\/li><li>Die Kapelle von L'ange au Violon<\/li><li>Heilbad Isis \/ Therme Isis<\/li><li>Ancienne Gare SML<\/li><li>Ruinen des Bunkers in den D\u00fcnen<\/li><li>Hotel Elf<\/li><li>Autoschrottplatz<\/li><li>Haus Bosch<\/li><li>Herrenhaus vitrail<\/li><li>Maison Vide<\/li><li>Maisons du Monde<\/li><li>Schloss Horus<\/li><li>Anciennes serres \u00e0 raisins<\/li><li>Karting Perdue<\/li><li>Appartements Castellas<\/li><li>H\u00f4pital Erno Soto<\/li><li>Maison R<\/li><li>Maison Poup\u00e9es Voodoo<\/li><li>Maison des Serpents<\/li><li>Ch\u00e2teau Petit<\/li><li>Hopital Rochelle<\/li><li>Disco Orientalisch<\/li><li>Das Haus der Mine<\/li><li>Die Milit\u00e4rkolonne<\/li><li>Restaurant und Club D<\/li><li>Gare en for\u00eat \/ Waldbahnhof<\/li><li>Der vergessene Kalkofen \/ Le four \u00e0 chaux oubli\u00e9 \/ The Forgotten Lime Kiln<\/li><li>Les anciens thermes dans la for\u00eat \/ Die alte Therme im Wald \/ The Old Therme in the Forest<\/li><li>Ch\u00e2teau de Sauvage<\/li><li>Ruine Argen<\/li><li>Les 3 ruines ensemble \/ Die 3 Ruinen zusammen<\/li><li>Sanatorium Michel Peiry<\/li><li>H\u00f6hle Coop\u00e9ratie<\/li><li>Schloss Halabi<\/li><li>Pension Joseph Vacher<\/li><li>Das Haus des Erfinders<\/li><li>Maison Hant\u00e9e<\/li><li>Chateau BN<\/li><li>Usine x Verschmutzung<\/li><li>Die Klaviere des Champs<\/li><li>Alte Nutzfahrzeuge<\/li><li>Zentrum f\u00fcr Bildung<\/li><li>Maison RIP<\/li><li>Usine Hold<\/li><li>Redidence Rose<\/li><li>Herrenhaus de la tour<\/li><li>Fahrzeuge der amerikanischen Polizei<\/li><li>Die Ruinen von Moulin<\/li><li>Geisterstadt 34<\/li><li>Kolonie Lod<\/li><li>Eine weitere Geisterstadt 34<\/li><li>Domaine Espa \/ Le domaine des Fusiliers<\/li><li>Le vieux village<\/li><li>Maison Croix<\/li><li>Das verlassene Berghaus<\/li><li>Ruine de la for\u00eat<\/li><li>Hotel Tropical<\/li><li>Hotel KQPRS<\/li><li>Fort Amelie<\/li><li>Hotel Alexandra<\/li><li>H\u00f4pital Thermal<\/li><li>Avion Falaise<\/li><li>Hotel Estamariu 66<\/li><li>Die Villa du Pr\u00eatre<\/li><li>Camping im Wald<\/li><li>Gare mini\u00e8re 1<\/li><li>Gare mini\u00e8re 2<\/li><li>Gare mini\u00e8re 3<\/li><li>Ruine de Spa<\/li><li>Geisterdorf Vieux<\/li><li>Kleine Geisterstadt 66<\/li><li>La Laiterie<\/li><li>Hotel Delta<\/li><li>Usine Rivera<\/li><li>Piscine Grande<\/li><li>Usine Teint<\/li><li>Ch\u00e2teau Taureau<\/li><li>La 4L cach\u00e9e<\/li><li>Das Bergwerk des Verbrechens<\/li><li>Maison aux \u00e9cureuils<\/li><li>Herrenhaus N<\/li><li>Schloss Bouillac<\/li><li>Der Bu\u00dfgottesdienst<\/li><li>Pfahlwald<\/li><li>Disco Papillon<\/li><li>Maison des chuchotements<\/li><li>Haus 1896<\/li><li>Haus in Waldlichtung<\/li><li>Das Haus mit den Fahrzeugsch\u00e4chten<\/li><li>Haus der Tristesse<\/li><li>Die krumme Scheune<\/li><li>Die vergebende Kirche<\/li><li>Landhaus nicht in Sicht<\/li><li>Medizin nach dem Krieg<\/li><li>Camping Tob<\/li><li>Ruinen Agla<\/li><li>Das Haus im Sel<\/li><li>Maison B<\/li><li>Garage OH MY G<\/li><li>Schloss Marguerite \/ Schloss Joachim Toro<\/li><li>Clinique Wisteria Hos<\/li><li>Usine Hirondelles<\/li><li>La Serre du Chirurgien<\/li><li>Ch\u00e2teau du Colonel<\/li><li>Krankenhaus Ch\u00e2teau<\/li><li>Ch\u00e2teau Voiture<\/li><li>Usine Plus<\/li><li>Manoir du Sud<\/li><li>Bateau Pirat \/ Le Bateau Restaurant<\/li><li>Haus der Schlangen<\/li><li>Maison G<\/li><li>Das Schloss mit den verdammten Fenstern<\/li><li>Autos Antiquit\u00e4ten<\/li><li>H\u00f4tel des Soeurs Papins<\/li><li>Usine de Bruss<\/li><li>L'orphelinat Color\u00e9 \/ Das bunte Waisenhaus<\/li><li>Haus des J\u00e4gers \/ Maison des Chasseurs<\/li><li>Ferienhaus CLF \/ Le Chalet du Biologiste<\/li><li>Manoir du capitaliste<\/li><li>Casino de la Montagne<\/li><li>Vieux et bien rouill\u00e9<\/li><li>Maison Astro<\/li><li>Maison Autoroute<\/li><li>Haus des K\u00f6nigs<\/li><li>Maison enfouie<\/li><li>Schnabeltier<\/li><li>Maison Lofi<\/li><li>Maison TB<\/li><li>Die Kneipe<\/li><li>Maison Mari<\/li><li>Maison de la cirrhose<\/li><li>Haus Deglingo<\/li><li>Ruine du Prince<\/li><li>Le vieux Moulin<\/li><li>Der aufgegebene Grill<\/li><li>Vieux-Hangar<\/li><li>Schlupfwinkel<\/li><li>Usine des Libres<\/li><li>Haus Einsturz<\/li><li>Jacquy Haddouche Schloss \/ Chateau blancard<\/li><li>Maison Journaux \/ Schloss Baldaquin \/ Schloss Marie Noe<\/li><li>Herr Gaston Tour<\/li><li>Herrenhaus Atenas<\/li><li>Kapelle Pessebre<\/li><li>Maison qui\u00e8tude<\/li><li>Hotel G\u00e4nsebl\u00fcmchen de Melker<\/li><li>Domaine de la Cobra<\/li><li>Disco-Boom<\/li><li>Maison Bianch<\/li><li>Das Haus am anderen Ende der Welt<\/li><li>Maison Razera<\/li><li>Usine Kuss<\/li><li>Kirche der Schafherde<\/li><li>Schloss Martial \/ Schloss Napoleon<\/li><li>Chateau-W\u00fcrfel<\/li><li>Manoir des bois<\/li><li>Das Lager der Erfahrungen<\/li><li>Maison Sans Parents<\/li><li>H\u00f4tel des sourciers<\/li><li>Maison Maxou<\/li><li>Maison Stranger Things<\/li><li>Diskothek MyLord<\/li><li>T\u00e9l\u00e9ph\u00e9rique des Pyr\u00e9n\u00e9es<\/li><li>Herrenhaus Madame B<\/li><li>Hotel Clo Clo<\/li><li>Temple franc ma\u00e7on<\/li><li>Ehepaar Christine Malevre<\/li><li>Haus mit Palmen<\/li><li>Hotel Restaurant West Virginia<\/li><li>Colonie De Caneilles<\/li><li>Maison Jumelles 1<\/li><li>Maison Jumelles 2<\/li><li>Usine TT<\/li><li>Haus Neste<\/li><li>Petite clinique<\/li><li>Fahrzeugsammlung an der Br\u00fccke<\/li><li>Hotel der Musik<\/li><li>Eglise P<\/li><li>Schloss von L\u00e9z<\/li><li>Chateau la B<\/li><li>Seigneur-Geb\u00e4ude<\/li><li>Herrenhaus de la Rivi\u00e8re<\/li><li>Usine Infierno<\/li><li>Usine Migro<\/li><li>Villa Cubac<\/li><li>Maison du Roucan<\/li><li>Le Lavoir a Charbon<\/li><li>Gendarmerie<\/li><li>Kapelle Arlequin<\/li><li>Maison Triangle<\/li><li>Restaurant Katalanisch<\/li><li>Schloss V\u00e9t\u00e9rinaire<\/li><li>L'ancienne caserne<\/li><li>Bergleute in Unternehmen<\/li><li>Usine Naudy<\/li><li>Maison Bug<\/li><li>Maison Alzheimer<\/li><li>W\u00e4scherei Chatlana \/ W\u00e4scherei PZM<\/li><li>Schloss Montpinier<\/li><li>Moulin sur la berge<\/li><li>Wasserpark der Seev\u00f6gel<\/li><li>Das Tapas-Bistro<\/li><li>Manoir Jade<\/li><\/ul>\n\n\n\n<p><\/p>","protected":false},"excerpt":{"rendered":"<p>Auf dieser urbex-Karte finden Sie alle Standorte der urbanen Erkundung (urbex) in<strong> Frankreich, <\/strong><strong>Okzitanien<\/strong><strong>.<\/strong> Diese Karte der verlorenen Orte wird mindestens 365 Tage nach dem Kauf aktualisiert und zug\u00e4nglich bleiben.<\/p>\n<p>Diese Karte enth\u00e4lt derzeit 215 der einzigartigsten urbanen Erkundungsorte in Frankreich, Okzitanien und ist von \u00fcberall aus mit unserer einfach zu bedienenden Karte zug\u00e4nglich<strong>.<\/p>\n<p><\/strong><strong>Wenn Sie dieses Paket bereits besitzen, k\u00f6nnen Sie es \u00fcber <a href=\"\/de\/mein-account\/mitgliederbereich\/43905\/inhalt-meiner-mitgliedschaft\/\">Meine Karten &gt; Ansicht.<\/a><\/strong><strong><\/p>\n<p><\/strong><a href=\"#tab-description\">Liste aller Urbex-Standorte auf dieser Karte.<\/a><\/p>","protected":false},"featured_media":48143,"template":"","meta":[],"product_brand":[],"product_cat":[226,322,1135,1346,236],"product_tag":[323],"class_list":{"0":"post-36643","1":"product","2":"type-product","3":"status-publish","4":"has-post-thumbnail","6":"product_cat-france","7":"product_cat-location-packs","8":"product_cat-maps-france","9":"product_cat-maps-occitanie","10":"product_cat-occitanie","11":"product_tag-locationpack","13":"first","14":"instock","15":"taxable","16":"shipping-taxable","17":"purchasable","18":"product-type-variable"},"jetpack_sharing_enabled":true,"_links":{"self":[{"href":"https:\/\/urbex.direct\/de\/wp-json\/wp\/v2\/product\/36643","targetHints":{"allow":["GET"]}}],"collection":[{"href":"https:\/\/urbex.direct\/de\/wp-json\/wp\/v2\/product"}],"about":[{"href":"https:\/\/urbex.direct\/de\/wp-json\/wp\/v2\/types\/product"}],"wp:featuredmedia":[{"embeddable":true,"href":"https:\/\/urbex.direct\/de\/wp-json\/wp\/v2\/media\/48143"}],"wp:attachment":[{"href":"https:\/\/urbex.direct\/de\/wp-json\/wp\/v2\/media?parent=36643"}],"wp:term":[{"taxonomy":"product_brand","embeddable":true,"href":"https:\/\/urbex.direct\/de\/wp-json\/wp\/v2\/product_brand?post=36643"},{"taxonomy":"product_cat","embeddable":true,"href":"https:\/\/urbex.direct\/de\/wp-json\/wp\/v2\/product_cat?post=36643"},{"taxonomy":"product_tag","embeddable":true,"href":"https:\/\/urbex.direct\/de\/wp-json\/wp\/v2\/product_tag?post=36643"}],"curies":[{"name":"wp","href":"https:\/\/api.w.org\/{rel}","templated":true}]}}