{"id":36610,"date":"2021-11-24T19:11:30","date_gmt":"2021-11-24T19:11:30","guid":{"rendered":"https:\/\/urbex.direct\/?post_type=product&#038;p=36610"},"modified":"2025-05-22T20:38:52","modified_gmt":"2025-05-22T19:38:52","slug":"standortkarte-auvergne-rhone-alpes","status":"publish","type":"product","link":"https:\/\/urbex.direct\/de\/product\/location-map-auvergne-rhone-alpes\/","title":{"rendered":"Urbex Map Frankreich, Auvergne-Rh\u00f4ne-Alps (1 oder 2 Jahre Zugang)"},"content":{"rendered":"<p>Diese Karte enth\u00e4lt die folgenden Orte:<\/p>\n\n\n\n<ul><li>Manoir aux fant\u00f4mes<\/li><li>Maison Bollirison<\/li><li>Chateau TH<\/li><li>Zentrum Multisport<\/li><li>Sanatorium du Lac gel\u00e9<\/li><li>Maison Jungle \/ Maison du sauvage<\/li><li>Chateau Bellevue<\/li><li>H\u00f4tel de la Faucille<\/li><li>Die Handelswarenfabrik \/ Usine Vulcain<\/li><li>Cimeti\u00e8re de train Mergeais<\/li><li>Die Unbekannte Fabrik \/ \u00d6dland I<\/li><li>Schloss Bellesyri<\/li><li>Das Herrenhaus der Jets<\/li><li>Diskothek Titanic \/ Diskothek aux Facettes<\/li><li>Chateau Blanc 2.0<\/li><li>Das Schloss von Bohas<\/li><li>Manoir Flipper \/ Herrenhaus-Flipper<\/li><li>Maison Panda<\/li><li>Die Garage mit Wracks<\/li><li>Manoir Horloge<\/li><li>Usine Mister Django<\/li><li>Maison Paucod<\/li><li>Die Fahrzeuge der Kraken<\/li><li>Ch\u00e2teau Versanne<\/li><li>Ch\u00e2teau Bayrou \/ Ch\u00e2teau Formica<\/li><li>Chateau Symphonie<\/li><li>Herrenhaus Mercedes<\/li><li>Schloss Portr\u00e4t<\/li><li>Ch\u00e2teau Minuit<\/li><li>Tropischer Teich<\/li><li>Hopitools<\/li><li>Usine Meldrague<\/li><li>Lotissement du D\u00e9sert \/ AB-Haus<\/li><li>Chateau Paysan \/ Das Schloss Roffcho<\/li><li>Ecole La Vache \/ Ecole Napoleon<\/li><li>Der Expertenkonvent Couvent des Experts<\/li><li>Ch\u00e2teau Cafards \/ Das Kakerlakenschloss<\/li><li>Herrenhaus Bobo<\/li><li>Schloss Chrysantheme \/ Manoir Archie<\/li><li>Das Schloss von Valtan<\/li><li>Hotel Arrondi<\/li><li>2 Fermes Pluvieuses<\/li><li>H\u00f4pital de guerre<\/li><li>Usine La Pas Lisse<\/li><li>Herrenhaus Sainte Th\u00e9r\u00e8se<\/li><li>Maison Orange<\/li><li>Ferme de l'illettr\u00e9<\/li><li>La ferme contre tout<\/li><li>Maison Martine<\/li><li>Petit Chapelle des voyageurs<\/li><li>Bauernhof Allemande<\/li><li>Usine The Last of Us<\/li><li>AP-Rakete<\/li><li>Maison de retraite Mo\u00efse<\/li><li>Manoir de l&#039;Artisan<\/li><li>Das Schwimmbad von Daudau \/ Piscine Daudau<\/li><li>Maison Baleine<\/li><li>Ruine Du Moulin<\/li><li>Der Walt Disney Friseur<\/li><li>Ch\u00e2teau d&#039;\u00e9dra<\/li><li>Schloss Acad\u00e9micien<\/li><li>Hotel Terminus<\/li><li>Das Schloss von Hiboux<\/li><li>Das Schloss von Branzac<\/li><li>Club des Nymphes \/ Disco \u00e9l\u00e9phant<\/li><li>Universit\u00e4t Uzi<\/li><li>Nachtclub Freya<\/li><li>Der Boogie-Zug \/ Verlassene Z\u00fcge II<\/li><li>Motel M \/ Motel des Vignes<\/li><li>Usine Gary Ridgway<\/li><li>Manoir des Vignes<\/li><li>Die Avrela-Fabrik \/ Usine Gangster<\/li><li>Apokalypse Schiff \/ Rust Boot<\/li><li>Ferme 1800<\/li><li>Herrenhaus du Coureur \/ Herrenhaus Renault<\/li><li>Bo\u00eete de Nuit 1862<\/li><li>Die sexy Krankenschwester<\/li><li>Hotel Parker<\/li><li>Usine Jourdan<\/li><li>\u00c4lterer Betrieb f\u00fcr Elektrochemie<\/li><li>Verlassene Olympische Skisprungschanze \/ Grand Saut<\/li><li>Maison Angus<\/li><li>Pierre-Dufour-Kloster<\/li><li>Cimenterie Hulk<\/li><li>Villa Hestia<\/li><li>G\u00e9ographisches Institut Geographisches Institut<\/li><li>Maison Le Port<\/li><li>Chateau Helix<\/li><li>Usine Siner<\/li><li>Die Parf\u00fcmerie<\/li><li>Chateau Carre<\/li><li>Energetischer Wald<\/li><li>Maison Coeur<\/li><li>Hotel Perlinpinpin<\/li><li>Usine Belle Croix<\/li><li>Usine Rubin<\/li><li>Usine Hock<\/li><li>Villa Bob&#039;s Legs<\/li><li>Chateau des Allem<\/li><li>Usine 38<\/li><li>Usine Dieb<\/li><li>La brasserie dans les bois<\/li><li>Zentraler Jahrgang<\/li><li>Geistertunnel<\/li><li>Ch\u00e2teau Versa Pique<\/li><li>Therme Bleus<\/li><li>Das Schloss der Fabeln<\/li><li>Usine du Sable<\/li><li>Hopital du Cheval<\/li><li>Das Haus der Mine<\/li><li>Maison Papy &amp; Mamie<\/li><li>Feriendorf<\/li><li>Haus Vignoble<\/li><li>Maison Croix de Guerre<\/li><li>Manoir sauvage<\/li><li>Schloss auf dem Dachboden<\/li><li>Der Damm \/ Le colosse d\u00e9chu<\/li><li>Usine Abasourdix<\/li><li>M\u00e4lzerei<\/li><li>Ecole des Merveilles<\/li><li>Auberge Onouris<\/li><li>Chateau Mercure<\/li><li>Usine OVR \/ Die OVR-Fabrik<\/li><li>Garage M \/ Das Baumhaus<\/li><li>Western fran\u00e7ais<\/li><li>Les Thermes Verts \/ Das gr\u00fcne Bad<\/li><li>Maison Martre<\/li><li>Les Thermes Rose<\/li><li>Diskothek The Lem<\/li><li>Chateau Exodus<\/li><li>Ch\u00e2teau Contorsionniste \/ Ch\u00e2teau Heracles \/ Ch\u00e2teau Cordiste<\/li><li>Hotel Capitole<\/li><li>Camping de Vacance La Roche<\/li><li>Les Bains Romains<\/li><li>H\u00f4tel Voiture Rouge \/ Hotel Rouge<\/li><li>Maison de repos Montagnarde<\/li><li>Piscine Percer<\/li><li>Ecole des Couteaux<\/li><li>Bergbauernhof<\/li><li>Coutellerie und Papeterie<\/li><li>Die ruin\u00f6se Industrie<\/li><li>Ski-Paradies<\/li><li>Versteckte Autogarage<\/li><li>Maison du chauffeur<\/li><li>Maison Elfes des bois<\/li><li>Restaurant Bara<\/li><li>Maison R\u00e9novation rat\u00e9e<\/li><li>Hotel Gilbert<\/li><li>Eglise Demi-Lune<\/li><li>Usine du Lion<\/li><li>Maison Belleroche<\/li><li>Kleines Industriegebiet<\/li><li>Verlorener Lidl<\/li><li>Manoir Immense<\/li><li>Grand Ancienne Maison de Retraite<\/li><li>Hotel du Monarque<\/li><li>Quitter l&#039;\u00e9cole<\/li><li>V\u00e9randa de V\u00e9g\u00e9tation<\/li><li>Ancienne Maison de Retraite<\/li><li>Restaurant LR<\/li><li>Mini Maison<\/li><li>Maison D\u00e9pottiore<\/li><li>Vieille Petite Gare Abandonn\u00e9e<\/li><li>Grande Gare Abandonn\u00e9e<\/li><li>Maison Super Maman<\/li><li>Chateau Acide<\/li><li>Die Autofabrik<\/li><li>Grand garage sans toit<\/li><li>Das letzte Gefecht \/ Le Dernier Combat<\/li><li>Villa Mourir<\/li><li>Maison de la R\u00e9publique<\/li><li>Haus Ouadjet<\/li><li>Sender Radio DD<\/li><li>Maison Brouette<\/li><li>Z\u00fcge der Rhone<\/li><li>Therme Multicolor<\/li><li>Zeche Kanal<\/li><li>Schloss Brumeux<\/li><li>Cimenterie Jacob \/ Zementfabrik Jacob<\/li><li>Alpine Seilbahn<\/li><li>Hotel BS<\/li><li>Gutshof Ozan Selamet<\/li><li>Villa Parteyi<\/li><li>Hopital des Alps<\/li><li>Die wahre Villa<\/li><li>Minister Hotel HS<\/li><li>Maison Interstellar \/ Turmhaus<\/li><li>H\u00f4pital la ligne verte \/ Krankenhaus der Gr\u00fcnen Linie<\/li><li>Vergn\u00fcgungszentrum<\/li><li>Ausstellungssalon<\/li><\/ul>","protected":false},"excerpt":{"rendered":"<p>Auf dieser urbex-Karte finden Sie alle Standorte der urbanen Erkundung (urbex) in<strong> Frankreich, Auvergne-Rh\u00f4ne-Alps.<\/strong> Diese Karte der verlorenen Orte wird mindestens 365 Tage nach dem Kauf aktualisiert und zug\u00e4nglich bleiben.<\/p>\n<p>This map has currently 190 of the most unique urban exploring locations in France, Auvergne-Rh\u00f4ne-Alps and is accessible from anywhere with our easy to use map<strong>.<\/p>\n<p><\/strong><strong>Wenn Sie dieses Paket bereits besitzen, k\u00f6nnen Sie es \u00fcber <a href=\"\/de\/mein-account\/mitgliederbereich\/43905\/inhalt-meiner-mitgliedschaft\/\">Meine Karten &gt; Ansicht.<\/a><\/strong><strong><\/p>\n<p><\/strong><a href=\"#tab-description\">Liste aller Urbex-Standorte auf dieser Karte.<\/a><\/p>","protected":false},"featured_media":48139,"template":"","meta":[],"product_brand":[],"product_cat":[227,226,322,1336,1135],"product_tag":[323],"class_list":{"0":"post-36610","1":"product","2":"type-product","3":"status-publish","4":"has-post-thumbnail","6":"product_cat-auvergne-rhone-alps","7":"product_cat-france","8":"product_cat-location-packs","9":"product_cat-maps-auvergne-rhone-alps","10":"product_cat-maps-france","11":"product_tag-locationpack","13":"first","14":"instock","15":"taxable","16":"shipping-taxable","17":"purchasable","18":"product-type-variable"},"jetpack_sharing_enabled":true,"_links":{"self":[{"href":"https:\/\/urbex.direct\/de\/wp-json\/wp\/v2\/product\/36610","targetHints":{"allow":["GET"]}}],"collection":[{"href":"https:\/\/urbex.direct\/de\/wp-json\/wp\/v2\/product"}],"about":[{"href":"https:\/\/urbex.direct\/de\/wp-json\/wp\/v2\/types\/product"}],"wp:featuredmedia":[{"embeddable":true,"href":"https:\/\/urbex.direct\/de\/wp-json\/wp\/v2\/media\/48139"}],"wp:attachment":[{"href":"https:\/\/urbex.direct\/de\/wp-json\/wp\/v2\/media?parent=36610"}],"wp:term":[{"taxonomy":"product_brand","embeddable":true,"href":"https:\/\/urbex.direct\/de\/wp-json\/wp\/v2\/product_brand?post=36610"},{"taxonomy":"product_cat","embeddable":true,"href":"https:\/\/urbex.direct\/de\/wp-json\/wp\/v2\/product_cat?post=36610"},{"taxonomy":"product_tag","embeddable":true,"href":"https:\/\/urbex.direct\/de\/wp-json\/wp\/v2\/product_tag?post=36610"}],"curies":[{"name":"wp","href":"https:\/\/api.w.org\/{rel}","templated":true}]}}