{"id":15528,"date":"2021-08-09T22:54:57","date_gmt":"2021-08-09T21:54:57","guid":{"rendered":"https:\/\/urbex.direct\/?post_type=product&#038;p=15528"},"modified":"2025-05-17T00:16:11","modified_gmt":"2025-05-16T23:16:11","slug":"standort-karte-luxemburg-alle-regionen","status":"publish","type":"product","link":"https:\/\/urbex.direct\/de\/product\/location-map-luxembourg-all-regions\/","title":{"rendered":"Urbex Map Luxemburg (1 oder 2 Jahre Zugang)"},"content":{"rendered":"<p>Diese Karte enth\u00e4lt die folgenden Orte: <ul><li>Hotel Beau Coin<\/li><li>Haus Barbelen<\/li><li>Maison Deckers<\/li><li>Maison Greiveldinger<\/li><li>Maison Hommel<\/li><li>Maison Kirsch<\/li><li>Wasserbecken Alzette<\/li><li>Rote Erde<\/li><li>Cafe Differdange<\/li><li>Maison Anna<\/li><li>Chateau Arabia<\/li><li>Maison Natale<\/li><li>Maison iris<\/li><li>Maison Maria<\/li><li>Maison 7 Fontaines<\/li><li>Villa Kurt<\/li><li>Maison Schumann<\/li><li>Maison Scholtes<\/li><li>Spukhaus<\/li><li>Hotel-Schl\u00fcssel<\/li><li>Maison Dawance<\/li><li>Kraftwerk X<\/li><li>Maison 106<\/li><li>Ferme Skeletoss<\/li><li>Dschungel-Bus<\/li><li>Die Zigarrenfarm<\/li><li>Die Burgruine auf dem Felsen<\/li><li>Haus des Sammlers<\/li><li>Maison grande famille<\/li><li>Gro\u00dfe Metallhallen<\/li><li>Die versteckte Fabrikhalle<\/li><li>Schreinerei<\/li><li>Forgotten Midget Golf<\/li><\/ul><\/p>","protected":false},"excerpt":{"rendered":"<p>Auf dieser urbex-Karte finden Sie alle Standorte der urbanen Erkundung (urbex) in<strong> Luxemburg.<\/strong> Diese Karte der verlorenen Orte wird mindestens 365 Tage nach dem Kauf aktualisiert und zug\u00e4nglich bleiben. <\/p>\n<p>Diese Karte enth\u00e4lt derzeit 33 der einzigartigsten urbanen Entdeckungsorte in Luxemburg und ist von \u00fcberall aus mit unserer einfach zu bedienenden Karte zug\u00e4nglich<strong>. <\/p>\n<p><\/strong><strong>Wenn Sie dieses Paket bereits besitzen, k\u00f6nnen Sie es \u00fcber <a href=\"\/de\/mein-account\/mitgliederbereich\/43905\/inhalt-meiner-mitgliedschaft\/\">Meine Karten &gt; Ansicht.<\/a><\/strong> <a href=\"#tab-description\">Liste aller Urbex-Standorte auf dieser Karte.<\/a><\/p>","protected":false},"featured_media":54839,"template":"","meta":[],"product_brand":[],"product_cat":[322,255,1138],"product_tag":[323],"class_list":{"0":"post-15528","1":"product","2":"type-product","3":"status-publish","4":"has-post-thumbnail","6":"product_cat-location-packs","7":"product_cat-luxembourg","8":"product_cat-maps-luxembourg","9":"product_tag-locationpack","11":"first","12":"instock","13":"taxable","14":"shipping-taxable","15":"purchasable","16":"product-type-variable"},"jetpack_sharing_enabled":true,"_links":{"self":[{"href":"https:\/\/urbex.direct\/de\/wp-json\/wp\/v2\/product\/15528","targetHints":{"allow":["GET"]}}],"collection":[{"href":"https:\/\/urbex.direct\/de\/wp-json\/wp\/v2\/product"}],"about":[{"href":"https:\/\/urbex.direct\/de\/wp-json\/wp\/v2\/types\/product"}],"wp:featuredmedia":[{"embeddable":true,"href":"https:\/\/urbex.direct\/de\/wp-json\/wp\/v2\/media\/54839"}],"wp:attachment":[{"href":"https:\/\/urbex.direct\/de\/wp-json\/wp\/v2\/media?parent=15528"}],"wp:term":[{"taxonomy":"product_brand","embeddable":true,"href":"https:\/\/urbex.direct\/de\/wp-json\/wp\/v2\/product_brand?post=15528"},{"taxonomy":"product_cat","embeddable":true,"href":"https:\/\/urbex.direct\/de\/wp-json\/wp\/v2\/product_cat?post=15528"},{"taxonomy":"product_tag","embeddable":true,"href":"https:\/\/urbex.direct\/de\/wp-json\/wp\/v2\/product_tag?post=15528"}],"curies":[{"name":"wp","href":"https:\/\/api.w.org\/{rel}","templated":true}]}}