{"id":14649,"date":"2021-07-03T16:22:08","date_gmt":"2021-07-03T15:22:08","guid":{"rendered":"https:\/\/urbex.direct\/?post_type=product&#038;p=14649"},"modified":"2025-05-16T23:36:20","modified_gmt":"2025-05-16T22:36:20","slug":"standortplan-be-liege","status":"publish","type":"product","link":"https:\/\/urbex.direct\/de\/product\/location-map-be-liege\/","title":{"rendered":"Urbex Map Belgien: L\u00fcttich (1 oder 2 Jahre Zugang)"},"content":{"rendered":"<p>Diese Karte enth\u00e4lt die folgenden Orte: <ul><li>Agnus Dei<\/li><li>Usine CHR<\/li><li>Epaves du baron<\/li><li>Blaue Christuskirche<\/li><li>Bunker CDF<\/li><li>Charbonnage du Renard<\/li><li>Schloss de la Montagne<\/li><li>Schloss Elise<\/li><li>Schloss Louva<\/li><li>Chateau Robe Rouge<\/li><li>Ch\u00e2teau Montagne<\/li><li>Kontrollraum L<\/li><li>Kontrollraum S<\/li><li>Eglise S<\/li><li>Fabrik S<\/li><li>Ferme du Sergeant<\/li><li>\u00dcberflutete Garage<\/li><li>Fort De La Chartreuse<\/li><li>Het Trein Seinhuis \/ Das Signalisierungsgeb\u00e4ude der Bahn<\/li><li>HFB<\/li><li>Steinbruch Indiana Jones<\/li><li>Kleines gr\u00fcnes Haus<\/li><li>Einsames Camping<\/li><li>Verlorene Mig<\/li><li>Verlorenes Tennis<\/li><li>Maison aux Chapeaux<\/li><li>Maison Boveroth<\/li><li>Maison de la Dessinatrice<\/li><li>Haus des Bankiers<\/li><li>Haus von B\u00fbcheron<\/li><li>Maison Mafiusso<\/li><li>Maison Mini<\/li><li>Maison River<\/li><li>Maison Sualem<\/li><li>Maison Tuur<\/li><li>Manoir Limousine<\/li><li>Kloster Antoinette<\/li><li>Alte Tankstelle<\/li><li>Altes Eisen CS<\/li><li>Pinokkio \/ Das Kalksteinwerk<\/li><li>Gef\u00e4ngnis H11<\/li><li>Rennsport-Hotel F<\/li><li>Radar Liebe<\/li><li>Rooftop-Rennen<\/li><li>Ruine A<\/li><li>Ruinen des Schlosses von Ambleve<\/li><li>Schooltje R<\/li><li>Bahnhof Montzen<\/li><li>Usine Truffaut<\/li><li>Usine Vieille Montagne<\/li><li>Villa Mistral<\/li><li>Villa Recteur Dubuisson<\/li><li>Woodpacker Workplace<\/li><li>Wollfabrik<\/li><li>Werkstatt-Lokomotive<\/li><li>BMW Wald<\/li><li>Usine Rasiermesser<\/li><li>Haus Alfa Romeo<\/li><li>WW2 Tunnel<\/li><li>Armee der Autos<\/li><li>Energie Centrale JC \/ Kraftwerk JC<\/li><li>Unfallwagen<\/li><li>Kirche der Schaufensterpuppen<\/li><li>Maison Maria Rossa<\/li><li>Die Graffiti-Schule<\/li><li>Das Leichenschauhaus 2.0<\/li><li>Le Chinois<\/li><li>Maison de la chaussure verte<\/li><li>Gare Fantome \/ Spooktreinen<\/li><li>Sarg Morgeu<\/li><li>Chateau SS<\/li><li>Vier \u00e0 Chaux H<\/li><li>Heilige Kirche<\/li><li>Schloss Vincent<\/li><li>Maison Puppenhaus<\/li><li>Piscine Primus<\/li><li>Usine HSL<\/li><li>Bus Dame Blanche<\/li><li>Pantser Auto<\/li><li>Maison Burning Man<\/li><li>Steinbruch Blue Lake<\/li><li>Hasard Cheratte \/ Charbonnage du Hasard<\/li><li>Piscine Kajak<\/li><li>Der Jeep-Schuppen<\/li><li>Maison Rosa Teddy<\/li><li>Bauernhof mit Problem<\/li><li>Die farbenfrohe Kapellenruine<\/li><li>Abstieg zu den Feinden<\/li><li>Illu-Garage<\/li><li>Ertrunkene Garage<\/li><li>Ecole Fouarage<\/li><li>Maison Loax<\/li><li>Haus Anouchka<\/li><li>Der Gr\u00fcne Tempel<\/li><li>Heilige Stille<\/li><li>Maison de repos D ]<\/li><li>Haus des Architekten (Maison de l'architecte)<\/li><li>H\u00f4tel de la b<\/li><\/ul><\/p>","protected":false},"excerpt":{"rendered":"<p>Auf dieser urbex-Karte finden Sie alle Standorte der urbanen Erkundung (urbex) in<strong> Belgien, L\u00fcttich.<\/strong> <\/p>\n<p>Diese Karte der verlorenen Orte wird mindestens 365 Tage lang nach dem Kauf aktualisiert und zug\u00e4nglich bleiben. Diese Karte enth\u00e4lt derzeit 98 der einzigartigsten urbanen Entdeckungsorte in Belgien: L\u00fcttich und ist von \u00fcberall aus mit unserer einfach zu bedienenden Karte zug\u00e4nglich<strong>. <\/p>\n<p><\/strong><strong>Wenn Sie dieses Paket bereits besitzen, k\u00f6nnen Sie es \u00fcber <a href=\"\/de\/mein-account\/mitgliederbereich\/43905\/inhalt-meiner-mitgliedschaft\/\">Meine Karten &gt; Ansicht.<\/a><\/strong> <\/p>\n<p><a href=\"#tab-description\">Liste aller Urbex-Standorte auf dieser Karte.<\/a><\/p>","protected":false},"featured_media":48128,"template":"","meta":[],"product_brand":[],"product_cat":[197,201,322,1134],"product_tag":[323],"class_list":{"0":"post-14649","1":"product","2":"type-product","3":"status-publish","4":"has-post-thumbnail","6":"product_cat-belgium","7":"product_cat-liege","8":"product_cat-location-packs","9":"product_cat-maps-belgium","10":"product_tag-locationpack","12":"first","13":"instock","14":"taxable","15":"shipping-taxable","16":"purchasable","17":"product-type-variable"},"jetpack_sharing_enabled":true,"_links":{"self":[{"href":"https:\/\/urbex.direct\/de\/wp-json\/wp\/v2\/product\/14649","targetHints":{"allow":["GET"]}}],"collection":[{"href":"https:\/\/urbex.direct\/de\/wp-json\/wp\/v2\/product"}],"about":[{"href":"https:\/\/urbex.direct\/de\/wp-json\/wp\/v2\/types\/product"}],"wp:featuredmedia":[{"embeddable":true,"href":"https:\/\/urbex.direct\/de\/wp-json\/wp\/v2\/media\/48128"}],"wp:attachment":[{"href":"https:\/\/urbex.direct\/de\/wp-json\/wp\/v2\/media?parent=14649"}],"wp:term":[{"taxonomy":"product_brand","embeddable":true,"href":"https:\/\/urbex.direct\/de\/wp-json\/wp\/v2\/product_brand?post=14649"},{"taxonomy":"product_cat","embeddable":true,"href":"https:\/\/urbex.direct\/de\/wp-json\/wp\/v2\/product_cat?post=14649"},{"taxonomy":"product_tag","embeddable":true,"href":"https:\/\/urbex.direct\/de\/wp-json\/wp\/v2\/product_tag?post=14649"}],"curies":[{"name":"wp","href":"https:\/\/api.w.org\/{rel}","templated":true}]}}