{"id":14642,"date":"2021-07-03T15:53:56","date_gmt":"2021-07-03T14:53:56","guid":{"rendered":"https:\/\/urbex.direct\/?post_type=product&#038;p=14642"},"modified":"2025-05-16T23:37:24","modified_gmt":"2025-05-16T22:37:24","slug":"standort-karte-west-flandern","status":"publish","type":"product","link":"https:\/\/urbex.direct\/de\/product\/location-map-be-west-flanders\/","title":{"rendered":"Urbex Map Belgien: Westflandern (1 oder 2 Jahre Zugang)"},"content":{"rendered":"<p>Diese Karte enth\u00e4lt die folgenden Orte: <ul><li>Skelett-Kapelle<\/li><li>Villa Verfall<\/li><li>Bauernhof Hugo<\/li><li>Bauernhof Piedra<\/li><li>Ferme Opel<\/li><li>Startseite Mathilde Schroyens<\/li><li>Huisje Poesje Melk<\/li><li>Huize Georgette<\/li><li>Haus 1927<\/li><li>Maison Albert<\/li><li>Das Haus von Grand Georges<\/li><li>Maison Djinkiewinkie<\/li><li>Maison Ebola<\/li><li>Maison Horne<\/li><li>Maison Muelle<\/li><li>Maison Sas<\/li><li>Maison sur le Point<\/li><li>Maison V8<\/li><li>Herrenhaus Trois Ponts<\/li><li>Nedarbojas<\/li><li>Altes Ypern<\/li><li>Der Gr\u00fcne Bus<\/li><li>Die neue Zahn\u00e4rztin<\/li><li>Usine Leopard<\/li><li>Villa Acebo<\/li><li>Villa Battre<\/li><li>Villa Beuk<\/li><li>Villa Easy<\/li><li>Onkel Sam<\/li><li>Gotteshaus<\/li><li>Haus Djevalo<\/li><li>Haus Citroen<\/li><li>Maison Martha<\/li><li>Verlorene Schule P<\/li><li>Mini Watt \/ Steinzeit<\/li><li>Maison Grape<\/li><li>Die Hummer-Limousine<\/li><li>Maison Gabriel<\/li><li>Verlorener Hangar<\/li><li>Usine-Fass<\/li><li>Friedhof des Sch\u00e4dels<\/li><li>Usine IZ<\/li><li>Schule des Verfalls<\/li><li>Waldvilla's<\/li><li>Camping Meer<\/li><li>Peters Werkstatt<\/li><li>Eglise Nunes Bleues<\/li><li>Villa Permis<\/li><li>Hotel Pigeon<\/li><li>Piscine KB<\/li><li>Das Haus der Hexe \/ Maison de la sorci\u00e8re<\/li><li>B1000-Friedhof<\/li><li>Theatersaal \/ Salle de F\u00eate<\/li><li>Bunker O<\/li><li>Bunker O 2<\/li><li>Eglise Nunes Noir \/ Zwarte Nonnen Klooster<\/li><li>Maison Mystique<\/li><li>Schule der Pompiers<\/li><li>Ferme-Zahnarzt<\/li><li>Br\u00f6ckelnde Lagerunterkunft<\/li><li>Maison Boardgame \/ Maison Tint<\/li><li>Maison avec atelier bleu<\/li><li>Manoir See<\/li><li>Maison Truckstop<\/li><li>Maison Ballerina<\/li><li>Ferme Prairie<\/li><li>Ferme-Hahn<\/li><li>Maison Lebendig begraben<\/li><li>Gastst\u00e4tte Roue<\/li><li>Unvollendetes Spukhaus<\/li><li>Die Flussruine<\/li><li>Die Parkplatz-Snackbar<\/li><li>Ferme Costa<\/li><li>Strandbunker<\/li><li>Halbe Brauerei<\/li><li>Der gro\u00dfe Laden<\/li><li>Die Clock Farm<\/li><li>Maison Motard<\/li><li>Kinderspielplatz<\/li><li>Rotwild-Haus<\/li><li>Bauernhof Neugeborene<\/li><li>Maison-Ecke<\/li><li>Villa W\u00fcrfel<\/li><li>Bauernhof-Schule<\/li><li>Maison Hazel<\/li><li>Mooslandschaft<\/li><li>Le fabricant de pantoufles \/ De Pantoffel Maker<\/li><li>Maison Vergessener Waschraum<\/li><li>Ferme Zarren<\/li><li>Little chalet in the forest<\/li><li>Maison Monster<\/li><\/ul><\/p>","protected":false},"excerpt":{"rendered":"<p>Auf dieser urbex-Karte finden Sie alle Standorte der urbanen Erkundung (urbex) in<strong> Belgien, Westflandern.<\/strong> Diese Karte der verlorenen Orte wird mindestens 365 Tage nach dem Kauf aktualisiert und zug\u00e4nglich bleiben. Diese Karte enth\u00e4lt derzeit 91 der einzigartigsten urbanen Entdeckungsorte in Belgien: Westflandern und ist von \u00fcberall aus mit unserer einfach zu bedienenden Karte zug\u00e4nglich<strong>. <\/strong><strong>Wenn Sie dieses Paket bereits besitzen, k\u00f6nnen Sie es \u00fcber <a href=\"\/de\/mein-account\/mitgliederbereich\/43905\/inhalt-meiner-mitgliedschaft\/\">Meine Karten &gt; Ansicht.<\/a><\/strong> <a href=\"#tab-description\">Liste aller Urbex-Standorte auf dieser Karte.<\/a><\/p>","protected":false},"featured_media":48130,"template":"","meta":[],"product_brand":[],"product_cat":[197,322,1134,207],"product_tag":[323],"class_list":{"0":"post-14642","1":"product","2":"type-product","3":"status-publish","4":"has-post-thumbnail","6":"product_cat-belgium","7":"product_cat-location-packs","8":"product_cat-maps-belgium","9":"product_cat-west-flanders","10":"product_tag-locationpack","12":"first","13":"instock","14":"taxable","15":"shipping-taxable","16":"purchasable","17":"product-type-variable"},"jetpack_sharing_enabled":true,"_links":{"self":[{"href":"https:\/\/urbex.direct\/de\/wp-json\/wp\/v2\/product\/14642","targetHints":{"allow":["GET"]}}],"collection":[{"href":"https:\/\/urbex.direct\/de\/wp-json\/wp\/v2\/product"}],"about":[{"href":"https:\/\/urbex.direct\/de\/wp-json\/wp\/v2\/types\/product"}],"wp:featuredmedia":[{"embeddable":true,"href":"https:\/\/urbex.direct\/de\/wp-json\/wp\/v2\/media\/48130"}],"wp:attachment":[{"href":"https:\/\/urbex.direct\/de\/wp-json\/wp\/v2\/media?parent=14642"}],"wp:term":[{"taxonomy":"product_brand","embeddable":true,"href":"https:\/\/urbex.direct\/de\/wp-json\/wp\/v2\/product_brand?post=14642"},{"taxonomy":"product_cat","embeddable":true,"href":"https:\/\/urbex.direct\/de\/wp-json\/wp\/v2\/product_cat?post=14642"},{"taxonomy":"product_tag","embeddable":true,"href":"https:\/\/urbex.direct\/de\/wp-json\/wp\/v2\/product_tag?post=14642"}],"curies":[{"name":"wp","href":"https:\/\/api.w.org\/{rel}","templated":true}]}}