{"id":14638,"date":"2021-07-03T15:38:22","date_gmt":"2021-07-03T14:38:22","guid":{"rendered":"https:\/\/urbex.direct\/?post_type=product&#038;p=14638"},"modified":"2025-06-17T20:21:09","modified_gmt":"2025-06-17T19:21:09","slug":"standort-karte-belgien-alle-regionen","status":"publish","type":"product","link":"https:\/\/urbex.direct\/de\/product\/location-map-belgium-all-regions\/","title":{"rendered":"Urbex Map Belgien: Alle Regionen (1 oder 2 Jahre Zugang)"},"content":{"rendered":"<h1 class=\"wp-block-heading\">Navigieren Sie durch Belgiens urbane Erkundungsgebiete<\/h1>\n\n\n\n<p>Sind Sie ein Abenteurer im Herzen? Sind Sie immer auf der Suche nach einzigartigen Erlebnissen, die Ihre Abenteuerlust stillen? Dann ist unsere Urbex Location Map Belgium genau das Richtige f\u00fcr Sie. Sie enth\u00e4lt alle versteckten Orte f\u00fcr urbane Entdeckungen im ganzen Land, einschlie\u00dflich Aktualisierungen, und l\u00e4sst sich leicht auf Ihrem Telefon, Tablet oder PC navigieren.<\/p>\n\n\n\n<h2 class=\"wp-block-heading\">Versteckte urbane Juwelen in ganz Belgien entdecken<\/h2>\n\n\n\n<p>Mit unserer Urbex Location Map k\u00f6nnen Sie die faszinierende Welt der urbanen Erkundung in Belgien erkunden, von den unheimlichen und verfallenen verlassenen Geb\u00e4uden, Fabriken und Industriestandorten bis hin zu den versteckten unterirdischen Tunneln und vergessenen historischen St\u00e4tten. Unsere Karte enth\u00e4lt alle Orte, die schwer zu finden und auf herk\u00f6mmliche Weise nicht zug\u00e4nglich sind. So k\u00f6nnen Sie Ihren Abenteuergeist befriedigen und Orte erkunden, von denen Sie nicht wussten, dass sie existieren.<\/p>\n\n\n\n<h2 class=\"wp-block-heading\">Entfesseln Sie Ihren inneren Entdecker mit unserer Urbex Location Map<\/h2>\n\n\n\n<p>Unsere Urbex Location Map ist ein Muss f\u00fcr jeden Stadtforscher, egal ob Sie ein erfahrener Profi sind oder gerade erst anfangen. Mit allen Orten an einem Ort k\u00f6nnen Sie Ihr n\u00e4chstes Abenteuer ganz einfach planen und neue Orte entdecken, die es zu erkunden gilt. Ganz gleich, ob Sie auf der Suche nach einem Adrenalinkick sind oder einfach nur den Nervenkitzel der Entdeckung versteckter Juwelen erleben m\u00f6chten, unsere Urbex Location Map ist das perfekte Werkzeug f\u00fcr Sie.<\/p>\n\n\n\n<h2 class=\"wp-block-heading\">Erleben Sie Belgiens verlassene urbane Orte wie nie zuvor<\/h2>\n\n\n\n<p>Unsere Urbex Location Map nimmt Sie mit auf eine Reise durch die verborgene und vergessene Welt der urbanen Erkundung. Von verlassenen Fabriken und Industriestandorten \u00fcber verlassene Krankenh\u00e4user bis hin zu vergessenen Schl\u00f6ssern - mit unserer Karte k\u00f6nnen Sie diese Orte wie nie zuvor erleben. Dank regelm\u00e4\u00dfiger Aktualisierungen und einfacher Navigation k\u00f6nnen Sie diese St\u00e4tten in der Gewissheit erkunden, dass Sie stets die aktuellsten Informationen zur Hand haben.<\/p>","protected":false},"excerpt":{"rendered":"<p>Auf dieser urbex-Karte finden Sie alle Standorte der urbanen Erkundung (urbex) in<strong> Belgien, Alle Regionen.<\/strong> Diese Karte der verlorenen Orte wird mindestens 365 Tage nach dem Kauf aktualisiert und zug\u00e4nglich bleiben.<\/p>\n<p class=\"p1\">This map has currently 717 of the most unique urban exploring locations in Belgium: All Regions and is accessible from anywhere with our easy to use map<strong>.<\/p>\n<p><\/strong><strong>Wenn Sie dieses Paket bereits besitzen, k\u00f6nnen Sie es \u00fcber <a href=\"\/de\/mein-account\/mitgliederbereich\/43905\/inhalt-meiner-mitgliedschaft\/\">Meine Karten &gt; Ansicht.<\/a><\/strong><\/p>","protected":false},"featured_media":48133,"template":"","meta":[],"product_brand":[],"product_cat":[198,197,204,205,199,201,200,322,202,1134,203,206,207],"product_tag":[323],"class_list":{"0":"post-14638","1":"product","2":"type-product","3":"status-publish","4":"has-post-thumbnail","6":"product_cat-antwerp","7":"product_cat-belgium","8":"product_cat-east-flanders","9":"product_cat-flemish-brabant","10":"product_cat-hainaut","11":"product_cat-liege","12":"product_cat-limburg-be","13":"product_cat-location-packs","14":"product_cat-luxembourg-be","15":"product_cat-maps-belgium","16":"product_cat-namur","17":"product_cat-walloon-brabant","18":"product_cat-west-flanders","19":"product_tag-locationpack","21":"first","22":"instock","23":"taxable","24":"shipping-taxable","25":"purchasable","26":"product-type-variable"},"jetpack_sharing_enabled":true,"_links":{"self":[{"href":"https:\/\/urbex.direct\/de\/wp-json\/wp\/v2\/product\/14638","targetHints":{"allow":["GET"]}}],"collection":[{"href":"https:\/\/urbex.direct\/de\/wp-json\/wp\/v2\/product"}],"about":[{"href":"https:\/\/urbex.direct\/de\/wp-json\/wp\/v2\/types\/product"}],"wp:featuredmedia":[{"embeddable":true,"href":"https:\/\/urbex.direct\/de\/wp-json\/wp\/v2\/media\/48133"}],"wp:attachment":[{"href":"https:\/\/urbex.direct\/de\/wp-json\/wp\/v2\/media?parent=14638"}],"wp:term":[{"taxonomy":"product_brand","embeddable":true,"href":"https:\/\/urbex.direct\/de\/wp-json\/wp\/v2\/product_brand?post=14638"},{"taxonomy":"product_cat","embeddable":true,"href":"https:\/\/urbex.direct\/de\/wp-json\/wp\/v2\/product_cat?post=14638"},{"taxonomy":"product_tag","embeddable":true,"href":"https:\/\/urbex.direct\/de\/wp-json\/wp\/v2\/product_tag?post=14638"}],"curies":[{"name":"wp","href":"https:\/\/api.w.org\/{rel}","templated":true}]}}