{"id":5714,"date":"2021-03-03T15:06:17","date_gmt":"2021-03-03T15:06:17","guid":{"rendered":"https:\/\/urbex.direct\/?page_id=5714"},"modified":"2022-06-26T19:59:57","modified_gmt":"2022-06-26T18:59:57","slug":"faq","status":"publish","type":"page","link":"https:\/\/urbex.direct\/de\/faq\/","title":{"rendered":"FAQ"},"content":{"rendered":"<div data-elementor-type=\"wp-post\" data-elementor-id=\"5714\" class=\"elementor elementor-5714\" data-elementor-post-type=\"page\">\n\t\t\t\t\t\t<section class=\"elementor-section elementor-top-section elementor-element elementor-element-d7d8b56 elementor-section-boxed elementor-section-height-default elementor-section-height-default\" data-id=\"d7d8b56\" data-element_type=\"section\" data-e-type=\"section\" data-settings=\"{&quot;background_background&quot;:&quot;classic&quot;}\">\n\t\t\t\t\t\t\t<div class=\"elementor-background-overlay\"><\/div>\n\t\t\t\t\t\t\t<div class=\"elementor-container elementor-column-gap-default\">\n\t\t\t\t\t<div class=\"elementor-column elementor-col-100 elementor-top-column elementor-element elementor-element-fd69444\" data-id=\"fd69444\" data-element_type=\"column\" data-e-type=\"column\">\n\t\t\t<div class=\"elementor-widget-wrap elementor-element-populated\">\n\t\t\t\t\t\t<div class=\"elementor-element elementor-element-abcc2f2 elementor-widget elementor-widget-heading\" data-id=\"abcc2f2\" data-element_type=\"widget\" data-e-type=\"widget\" data-widget_type=\"heading.default\">\n\t\t\t\t<div class=\"elementor-widget-container\">\n\t\t\t\t\t<h1 class=\"elementor-heading-title elementor-size-default\">H\u00e4ufig gestellte Fragen<\/h1>\t\t\t\t<\/div>\n\t\t\t\t<\/div>\n\t\t\t\t\t<\/div>\n\t\t<\/div>\n\t\t\t\t\t<\/div>\n\t\t<\/section>\n\t\t\t\t<section class=\"elementor-section elementor-top-section elementor-element elementor-element-0749e79 elementor-section-boxed elementor-section-height-default elementor-section-height-default\" data-id=\"0749e79\" data-element_type=\"section\" data-e-type=\"section\">\n\t\t\t\t\t\t<div class=\"elementor-container elementor-column-gap-default\">\n\t\t\t\t\t<div class=\"elementor-column elementor-col-100 elementor-top-column elementor-element elementor-element-b13e86e\" data-id=\"b13e86e\" data-element_type=\"column\" data-e-type=\"column\">\n\t\t\t<div class=\"elementor-widget-wrap elementor-element-populated\">\n\t\t\t\t\t\t<div class=\"elementor-element elementor-element-5a5753d elementor-widget elementor-widget-spacer\" data-id=\"5a5753d\" data-element_type=\"widget\" data-e-type=\"widget\" data-widget_type=\"spacer.default\">\n\t\t\t\t<div class=\"elementor-widget-container\">\n\t\t\t\t\t\t\t<div class=\"elementor-spacer\">\n\t\t\t<div class=\"elementor-spacer-inner\"><\/div>\n\t\t<\/div>\n\t\t\t\t\t\t<\/div>\n\t\t\t\t<\/div>\n\t\t\t\t\t<\/div>\n\t\t<\/div>\n\t\t\t\t\t<\/div>\n\t\t<\/section>\n\t\t\t\t<section class=\"elementor-section elementor-top-section elementor-element elementor-element-0ce9217 elementor-section-boxed elementor-section-height-default elementor-section-height-default\" data-id=\"0ce9217\" data-element_type=\"section\" data-e-type=\"section\">\n\t\t\t\t\t\t<div class=\"elementor-container elementor-column-gap-default\">\n\t\t\t\t\t<div class=\"elementor-column elementor-col-100 elementor-top-column elementor-element elementor-element-c70982d\" data-id=\"c70982d\" data-element_type=\"column\" data-e-type=\"column\">\n\t\t\t<div class=\"elementor-widget-wrap elementor-element-populated\">\n\t\t\t\t\t\t<div class=\"elementor-element elementor-element-42b7a98 elementor-widget elementor-widget-shortcode\" data-id=\"42b7a98\" data-element_type=\"widget\" data-e-type=\"widget\" data-widget_type=\"shortcode.default\">\n\t\t\t\t<div class=\"elementor-widget-container\">\n\t\t\t\t\t\t\t<div class=\"elementor-shortcode\"><style>#sp-ea-43122 .spcollapsing { height: 0; overflow: hidden; transition-property: height;transition-duration: 300ms;}#sp-ea-43122.sp-easy-accordion>.sp-ea-single {margin-bottom: 10px; border: 1px solid #e2e2e2; }#sp-ea-43122.sp-easy-accordion>.sp-ea-single>.ea-header a {color: #444;}#sp-ea-43122.sp-easy-accordion>.sp-ea-single>.sp-collapse>.ea-body {background: #fff; color: #444;}#sp-ea-43122.sp-easy-accordion>.sp-ea-single {background: #eee;}#sp-ea-43122.sp-easy-accordion>.sp-ea-single>.ea-header a .ea-expand-icon { float: left; color: #444;font-size: 16px;}<\/style><div id=\"sp_easy_accordion-1758515176\"><div id=\"sp-ea-43122\" class=\"sp-ea-one sp-easy-accordion\" data-ea-active=\"ea-click\" data-ea-mode=\"vertical\" data-preloader=\"\" data-scroll-active-item=\"\" data-offset-to-scroll=\"0\"><div class=\"ea-card sp-ea-single\"><h3 class=\"ea-header\"><a class=\"collapsed\" id=\"ea-header-431220\" role=\"button\" data-sptoggle=\"spcollapse\" data-sptarget=\"#collapse431220\" aria-controls=\"collapse431220\" href=\"#\" aria-expanded=\"false\" tabindex=\"0\"><i aria-hidden=\"true\" role=\"presentation\" class=\"ea-expand-icon eap-icon-ea-expand-plus\"><\/i> Bekomme ich eine Genehmigung, um einen Ort zu besuchen?<\/a><\/h3><div class=\"sp-collapse spcollapse spcollapse\" id=\"collapse431220\" data-parent=\"#sp-ea-43122\" role=\"region\" aria-labelledby=\"ea-header-431220\"> <div class=\"ea-body\"><p>Leider k\u00f6nnen wir keine Standorte mit Genehmigung zur Verf\u00fcgung stellen. Wir stellen nur die Adresse zur Verf\u00fcgung, der Rest liegt bei Ihnen. Denken Sie daran, dass Orte im Besitz von Personen sein k\u00f6nnen und Sie immer die Erlaubnis des rechtm\u00e4\u00dfigen Besitzers einholen sollten.<\/p><p>Wir sind nur ein \"Adressbuch\" f\u00fcr urbane Erkundungsorte.<\/p><\/div><\/div><\/div><div class=\"ea-card sp-ea-single\"><h3 class=\"ea-header\"><a class=\"collapsed\" id=\"ea-header-431221\" role=\"button\" data-sptoggle=\"spcollapse\" data-sptarget=\"#collapse431221\" aria-controls=\"collapse431221\" href=\"#\" aria-expanded=\"false\" tabindex=\"0\"><i aria-hidden=\"true\" role=\"presentation\" class=\"ea-expand-icon eap-icon-ea-expand-plus\"><\/i> Ist die Zahlung sicher?<\/a><\/h3><div class=\"sp-collapse spcollapse spcollapse\" id=\"collapse431221\" data-parent=\"#sp-ea-43122\" role=\"region\" aria-labelledby=\"ea-header-431221\"> <div class=\"ea-body\"><p>Die kurze Antwort lautet: Ja!<\/p><p>Unsere Website ist durch ein SSL -Zertifikat gesichert. Nach dem Auschecken werden Sie in unseren vertrauensw\u00fcrdigen Zahlungsabwickler Mollie weitergeleitet.<\/p><p>Die Zahlungsmethoden, die wir akzeptieren, sind:<\/p><ul><li>iDeal<\/li><li>CreditCard (Visa, Mastercard, American Express, Maestro, Postepay, Carkes Bancaires)<\/li><li>Apple Pay<\/li><li>Bancontact<\/li><li>SOFORT Banking<\/li><li>Giropay<\/li><li>Przelewy24<\/li><li>KBC\/CBC-Zahlungstaste<\/li><li>Belfius Direct Net<\/li><li>EPS<\/li><\/ul><\/div><\/div><\/div><div class=\"ea-card sp-ea-single\"><h3 class=\"ea-header\"><a class=\"collapsed\" id=\"ea-header-431222\" role=\"button\" data-sptoggle=\"spcollapse\" data-sptarget=\"#collapse431222\" aria-controls=\"collapse431222\" href=\"#\" aria-expanded=\"false\" tabindex=\"0\"><i aria-hidden=\"true\" role=\"presentation\" class=\"ea-expand-icon eap-icon-ea-expand-plus\"><\/i> Wann erhalte ich meine Karte?<\/a><\/h3><div class=\"sp-collapse spcollapse spcollapse\" id=\"collapse431222\" data-parent=\"#sp-ea-43122\" role=\"region\" aria-labelledby=\"ea-header-431222\"> <div class=\"ea-body\"><p>Sie erhalten unmittelbar nach Ihrer Zahlung Erkl\u00e4rungen f\u00fcr die Karte. Sie k\u00f6nnen die Karte jederzeit von Ihrem Computer, Laptop, Tablet oder Telefon \u00fcber jeden Zeitpunkt anzeigen <a href=\"\/de\/mein-account\/\" target=\"_blank\" rel=\"noopener\">Mein Konto<\/a> Und <a href=\"\/de\/mein-account\/memberships\/\" target=\"_blank\" rel=\"noopener\">Meine Karten<\/a>.<\/p><p>Wenn Sie Probleme mit dem Zugriff auf die Karte haben, k\u00f6nnen Sie sich jederzeit \u00fcber den Chat in der unteren Ecke an unseren Rundfunkunterst\u00fctzung wenden.<\/p><\/div><\/div><\/div><div class=\"ea-card sp-ea-single\"><h3 class=\"ea-header\"><a class=\"collapsed\" id=\"ea-header-431223\" role=\"button\" data-sptoggle=\"spcollapse\" data-sptarget=\"#collapse431223\" aria-controls=\"collapse431223\" href=\"#\" aria-expanded=\"false\" tabindex=\"0\"><i aria-hidden=\"true\" role=\"presentation\" class=\"ea-expand-icon eap-icon-ea-expand-plus\"><\/i> Wann erhalte ich meine Koordinaten?<\/a><\/h3><div class=\"sp-collapse spcollapse spcollapse\" id=\"collapse431223\" data-parent=\"#sp-ea-43122\" role=\"region\" aria-labelledby=\"ea-header-431223\"> <div class=\"ea-body\"><p>Sie erhalten unmittelbar nach Ihrer Zahlung Erkl\u00e4rungen an die Koordinaten. Sie k\u00f6nnen sie auf der Seite \"Danke\" herunterladen, Sie erhalten sie nach ein paar Minuten in Ihre E-Mail und Sie k\u00f6nnen unter darauf zugreifen <a href=\"\/de\/mein-account\/\" target=\"_blank\" rel=\"noopener\">Mein Konto.<\/a><\/p><p>Die Koordinaten werden in einer .txt -Datei dargestellt. Sie k\u00f6nnen diese Nummern in Ihre Navigations -App Ihrer Wahl kopieren und einf\u00fcgen.<\/p><p>Wenn Sie Probleme haben, auf die Koordinaten zugreifen zu k\u00f6nnen, k\u00f6nnen Sie sich jederzeit \u00fcber den Chat in der unteren Ecke an unseren Rundfunkunterst\u00fctzung wenden.<\/p><\/div><\/div><\/div><div class=\"ea-card sp-ea-single\"><h3 class=\"ea-header\"><a class=\"collapsed\" id=\"ea-header-431224\" role=\"button\" data-sptoggle=\"spcollapse\" data-sptarget=\"#collapse431224\" aria-controls=\"collapse431224\" href=\"#\" aria-expanded=\"false\" tabindex=\"0\"><i aria-hidden=\"true\" role=\"presentation\" class=\"ea-expand-icon eap-icon-ea-expand-plus\"><\/i> Alles \u00fcber Karten<\/a><\/h3><div class=\"sp-collapse spcollapse spcollapse\" id=\"collapse431224\" data-parent=\"#sp-ea-43122\" role=\"region\" aria-labelledby=\"ea-header-431224\"> <div class=\"ea-body\"><p>Sie erhalten unmittelbar nach Ihrer Zahlung Erkl\u00e4rungen f\u00fcr die Karte. Sie k\u00f6nnen die Karte jederzeit von Ihrem Computer, Laptop, Tablet oder Telefon \u00fcber jeden Zeitpunkt anzeigen <a href=\"\/de\/mein-account\/\" target=\"_blank\" rel=\"noopener\">Mein Konto<\/a> Und <a href=\"\/de\/mein-account\/memberships\/\" target=\"_blank\" rel=\"noopener\">Meine Karten<\/a>.<\/p><p>Unsere Karten werden in einer intuitiven Karte pr\u00e4sentiert, auf der Sie Ihren Standort leicht finden und mit Google Maps oder Apple Maps zu den verlassenen Standorten navigieren k\u00f6nnen. Sie haben auch die M\u00f6glichkeit, die Koordinaten direkt anzuzeigen und zu kopieren, um sie in Ihrem Car -Navigationssystem zu verwenden.<\/p><p>Wie sieht die Karte aus? Dies h\u00e4ngt von der Region ab, aber dies ist ein Beispiel f\u00fcr Belgien.<\/p><p><img fetchpriority=\"high\" decoding=\"async\" class=\"alignnone size-medium wp-image-43153\" src=\"https:\/\/urbex.direct\/wp-content\/uploads\/2022\/06\/2022-06-26-20_38_52-Belgie-alle-provincies-Makkelijk-Urbex-300x225.png\" alt=\"\" width=\"300\" height=\"225\" srcset=\"https:\/\/urbex.direct\/wp-content\/uploads\/2022\/06\/2022-06-26-20_38_52-Belgie-alle-provincies-Makkelijk-Urbex-300x225.png 300w, https:\/\/urbex.direct\/wp-content\/uploads\/2022\/06\/2022-06-26-20_38_52-Belgie-alle-provincies-Makkelijk-Urbex-150x113.png 150w, https:\/\/urbex.direct\/wp-content\/uploads\/2022\/06\/2022-06-26-20_38_52-Belgie-alle-provincies-Makkelijk-Urbex-16x12.png 16w, https:\/\/urbex.direct\/wp-content\/uploads\/2022\/06\/2022-06-26-20_38_52-Belgie-alle-provincies-Makkelijk-Urbex-600x451.png 600w, https:\/\/urbex.direct\/wp-content\/uploads\/2022\/06\/2022-06-26-20_38_52-Belgie-alle-provincies-Makkelijk-Urbex.png 763w\" sizes=\"(max-width: 300px) 100vw, 300px\" \/><\/p><p>Wenn Sie Probleme mit dem Zugriff auf die Karte haben, k\u00f6nnen Sie sich jederzeit \u00fcber den Chat in der unteren Ecke an unseren Rundfunkunterst\u00fctzung wenden.<\/p><\/div><\/div><\/div><div class=\"ea-card sp-ea-single\"><h3 class=\"ea-header\"><a class=\"collapsed\" id=\"ea-header-431225\" role=\"button\" data-sptoggle=\"spcollapse\" data-sptarget=\"#collapse431225\" aria-controls=\"collapse431225\" href=\"#\" aria-expanded=\"false\" tabindex=\"0\"><i aria-hidden=\"true\" role=\"presentation\" class=\"ea-expand-icon eap-icon-ea-expand-plus\"><\/i> Alles \u00fcber Koordinaten<\/a><\/h3><div class=\"sp-collapse spcollapse spcollapse\" id=\"collapse431225\" data-parent=\"#sp-ea-43122\" role=\"region\" aria-labelledby=\"ea-header-431225\"> <div class=\"ea-body\"><p>Sie erhalten unmittelbar nach Ihrer Zahlung Erkl\u00e4rungen an die Koordinaten. Sie k\u00f6nnen sie auf der Seite \"Danke\" herunterladen, Sie erhalten sie nach ein paar Minuten in Ihre E-Mail und Sie k\u00f6nnen unter darauf zugreifen <a href=\"\/de\/mein-account\/\" target=\"_blank\" rel=\"noopener\">Mein Konto.<\/a><\/p><p>Die Koordinaten werden in einer .txt -Datei dargestellt. Sie k\u00f6nnen diese Nummern in Ihre Navigations -App Ihrer Wahl kopieren und einf\u00fcgen.<\/p><p>Eine Koordinatendatei sieht Folgendes aus:<\/p><p><img decoding=\"async\" class=\"alignnone size-medium wp-image-43159\" src=\"https:\/\/urbex.direct\/wp-content\/uploads\/2022\/06\/2022-06-26-20_43_03-Edit-Accordion-Group-FAQ-\u2039-Urbex-Direct-\u2014-WordPress-300x161.png\" alt=\"\" width=\"300\" height=\"161\" srcset=\"https:\/\/urbex.direct\/wp-content\/uploads\/2022\/06\/2022-06-26-20_43_03-Edit-Accordion-Group-FAQ-\u2039-Urbex-Direct-\u2014-WordPress-300x161.png 300w, https:\/\/urbex.direct\/wp-content\/uploads\/2022\/06\/2022-06-26-20_43_03-Edit-Accordion-Group-FAQ-\u2039-Urbex-Direct-\u2014-WordPress-150x80.png 150w, https:\/\/urbex.direct\/wp-content\/uploads\/2022\/06\/2022-06-26-20_43_03-Edit-Accordion-Group-FAQ-\u2039-Urbex-Direct-\u2014-WordPress-18x10.png 18w, https:\/\/urbex.direct\/wp-content\/uploads\/2022\/06\/2022-06-26-20_43_03-Edit-Accordion-Group-FAQ-\u2039-Urbex-Direct-\u2014-WordPress.png 371w\" sizes=\"(max-width: 300px) 100vw, 300px\" \/><\/p><p>Die Navigation kann so durchgef\u00fchrt werden:<\/p><p><img decoding=\"async\" class=\"alignnone size-medium wp-image-43160\" src=\"https:\/\/urbex.direct\/wp-content\/uploads\/2022\/06\/2022-06-26-20_43_44-57\u00b00433.3_N-2\u00b04711.4_E-Google-Maps-265x300.png\" alt=\"\" width=\"265\" height=\"300\" srcset=\"https:\/\/urbex.direct\/wp-content\/uploads\/2022\/06\/2022-06-26-20_43_44-57\u00b00433.3_N-2\u00b04711.4_E-Google-Maps-265x300.png 265w, https:\/\/urbex.direct\/wp-content\/uploads\/2022\/06\/2022-06-26-20_43_44-57\u00b00433.3_N-2\u00b04711.4_E-Google-Maps-150x170.png 150w, https:\/\/urbex.direct\/wp-content\/uploads\/2022\/06\/2022-06-26-20_43_44-57\u00b00433.3_N-2\u00b04711.4_E-Google-Maps-11x12.png 11w, https:\/\/urbex.direct\/wp-content\/uploads\/2022\/06\/2022-06-26-20_43_44-57\u00b00433.3_N-2\u00b04711.4_E-Google-Maps.png 384w\" sizes=\"(max-width: 265px) 100vw, 265px\" \/><\/p><p>Wenn Sie Probleme haben, auf die Koordinaten zugreifen zu k\u00f6nnen, k\u00f6nnen Sie sich jederzeit \u00fcber den Chat in der unteren Ecke an unseren Rundfunkunterst\u00fctzung wenden.<\/p><\/div><\/div><\/div><div class=\"ea-card sp-ea-single\"><h3 class=\"ea-header\"><a class=\"collapsed\" id=\"ea-header-431226\" role=\"button\" data-sptoggle=\"spcollapse\" data-sptarget=\"#collapse431226\" aria-controls=\"collapse431226\" href=\"#\" aria-expanded=\"false\" tabindex=\"0\"><i aria-hidden=\"true\" role=\"presentation\" class=\"ea-expand-icon eap-icon-ea-expand-plus\"><\/i> K\u00f6nnen wir Standorte austauschen?<\/a><\/h3><div class=\"sp-collapse spcollapse spcollapse\" id=\"collapse431226\" data-parent=\"#sp-ea-43122\" role=\"region\" aria-labelledby=\"ea-header-431226\"> <div class=\"ea-body\"><p>Ja bitte!<\/p><p>Damit unsere Erkundungsdatenbank noch gr\u00f6\u00dfer wird, als sie ohnehin schon ist, m\u00f6chten wir mit Ihnen zusammenarbeiten.<\/p><p>Haben Sie einen Standort, der noch nicht in unserer Datenbank ist? F\u00fcllen Sie das Formular auf dem aus\u00a0<a href=\"https:\/\/urbex.direct\/de\/tauschborsen\/\">Swap standorte<\/a>\u00a0Seite und Sie erhalten einen kostenlosen Standort Ihrer Wahl.<\/p><\/div><\/div><\/div><div class=\"ea-card sp-ea-single\"><h3 class=\"ea-header\"><a class=\"collapsed\" id=\"ea-header-431227\" role=\"button\" data-sptoggle=\"spcollapse\" data-sptarget=\"#collapse431227\" aria-controls=\"collapse431227\" href=\"#\" aria-expanded=\"false\" tabindex=\"0\"><i aria-hidden=\"true\" role=\"presentation\" class=\"ea-expand-icon eap-icon-ea-expand-plus\"><\/i> Kann ich eine R\u00fcckerstattung bekommen?<\/a><\/h3><div class=\"sp-collapse spcollapse spcollapse\" id=\"collapse431227\" data-parent=\"#sp-ea-43122\" role=\"region\" aria-labelledby=\"ea-header-431227\"> <div class=\"ea-body\"><p>Bitte lassen Sie uns wissen, ob ein Standort nicht zug\u00e4nglich ist, da er renoviert oder abgerissen wurde. Lassen Sie uns \u00fcber den Chat mit einem Foto -Proof wissen, und wir werden einen neuen Ort mit Ihnen (Ihrer Wahl) austauschen.<\/p><p>Leider k\u00f6nnen wir Ihnen mit jedem anderen Grund keinen neuen Ort geben.<\/p><\/div><\/div><\/div><div class=\"ea-card sp-ea-single\"><h3 class=\"ea-header\"><a class=\"collapsed\" id=\"ea-header-431228\" role=\"button\" data-sptoggle=\"spcollapse\" data-sptarget=\"#collapse431228\" aria-controls=\"collapse431228\" href=\"#\" aria-expanded=\"false\" tabindex=\"0\"><i aria-hidden=\"true\" role=\"presentation\" class=\"ea-expand-icon eap-icon-ea-expand-plus\"><\/i> Um Urbex Direct<\/a><\/h3><div class=\"sp-collapse spcollapse spcollapse\" id=\"collapse431228\" data-parent=\"#sp-ea-43122\" role=\"region\" aria-labelledby=\"ea-header-431228\"> <div class=\"ea-body\"><p>Urbex Direct wurde von Entdeckern f\u00fcr Entdecker erstellt. Wir haben mehrere Jahre Erfahrung in der internationalen Erkundung von Urban und m\u00f6chten unser Wissen mit Gleichgesinnten teilen.<\/p><p>Urbex Direct ist ein registriertes Unternehmen bei der Handelskammer in den Niederlanden und den Steuerbeh\u00f6rden.<\/p><\/div><\/div><\/div><div class=\"ea-card sp-ea-single\"><h3 class=\"ea-header\"><a class=\"collapsed\" id=\"ea-header-431229\" role=\"button\" data-sptoggle=\"spcollapse\" data-sptarget=\"#collapse431229\" aria-controls=\"collapse431229\" href=\"#\" aria-expanded=\"false\" tabindex=\"0\"><i aria-hidden=\"true\" role=\"presentation\" class=\"ea-expand-icon eap-icon-ea-expand-plus\"><\/i> Habe ich die Erlaubnis zu besuchen ...?<\/a><\/h3><div class=\"sp-collapse spcollapse spcollapse\" id=\"collapse431229\" data-parent=\"#sp-ea-43122\" role=\"region\" aria-labelledby=\"ea-header-431229\"> <div class=\"ea-body\"><p>Kommt darauf an. Sie k\u00f6nnen einen st\u00e4dtischen Erkundungsstandort von der \u00f6ffentlichen Stra\u00dfe sehen und fotografieren, ohne die Erlaubnis zu erhalten. Wenn Sie einen Standort eingeben m\u00f6chten, empfehlen wir Ihnen, die Erlaubnis des Eigent\u00fcmers zu erhalten. Wir geben diese Informationen die meiste Zeit nicht.<\/p><\/div><\/div><\/div><div class=\"ea-card sp-ea-single\"><h3 class=\"ea-header\"><a class=\"collapsed\" id=\"ea-header-4312210\" role=\"button\" data-sptoggle=\"spcollapse\" data-sptarget=\"#collapse4312210\" aria-controls=\"collapse4312210\" href=\"#\" aria-expanded=\"false\" tabindex=\"0\"><i aria-hidden=\"true\" role=\"presentation\" class=\"ea-expand-icon eap-icon-ea-expand-plus\"><\/i> Ich bin TE -Besitzer dieses Ortes und m\u00f6chte, dass er entfernt wird<\/a><\/h3><div class=\"sp-collapse spcollapse spcollapse\" id=\"collapse4312210\" data-parent=\"#sp-ea-43122\" role=\"region\" aria-labelledby=\"ea-header-4312210\"> <div class=\"ea-body\"><p>Freut mich, Sie kennenzulernen! Bitte kontaktieren Sie uns \u00fcber den Chat in der unteren Ecke mit Beweisen und wir k\u00f6nnen uns mit unseren j\u00fcngsten Entdeckern wenden, dass sie Ihren Standort nicht besuchen sollten, da er nicht aufgegeben wird.<\/p><\/div><\/div><\/div><div class=\"ea-card sp-ea-single\"><h3 class=\"ea-header\"><a class=\"collapsed\" id=\"ea-header-4312211\" role=\"button\" data-sptoggle=\"spcollapse\" data-sptarget=\"#collapse4312211\" aria-controls=\"collapse4312211\" href=\"#\" aria-expanded=\"false\" tabindex=\"0\"><i aria-hidden=\"true\" role=\"presentation\" class=\"ea-expand-icon eap-icon-ea-expand-plus\"><\/i> Ich kann diesen Ort nicht finden, haben Sie ihn<\/a><\/h3><div class=\"sp-collapse spcollapse spcollapse\" id=\"collapse4312211\" data-parent=\"#sp-ea-43122\" role=\"region\" aria-labelledby=\"ea-header-4312211\"> <div class=\"ea-body\"><p>Ja!<\/p><p>Wir haben fast alle Standorte. Bitte geben Sie uns die Details davon (Name, Bilder, URL aus anderen Standortaustausch und \/ oder Videos).<\/p><\/div><\/div><\/div><\/div><\/div><\/div>\n\t\t\t\t\t\t<\/div>\n\t\t\t\t<\/div>\n\t\t\t\t\t<\/div>\n\t\t<\/div>\n\t\t\t\t\t<\/div>\n\t\t<\/section>\n\t\t\t\t<\/div>","protected":false},"excerpt":{"rendered":"<p>Wer sind wir? Unser Auftrag Klicken Sie auf die Schaltfl\u00e4che \"Bearbeiten\", um diesen Text zu \u00e4ndern. Lorem ipsum dolor sit amet, adipiscing elit. Klicken Sie auf \"Bearbeiten\", um diesen Text zu \u00e4ndern. Lorem ipsum dolor sit amet, consectetur adipiscing elit. Ut elit tellus, luctus nec ullamcorper mattis, pulvinar dapibus leo. Au\u00dfergew\u00f6hnliche Erlebnisse Klicken Sie auf die Schaltfl\u00e4che \"Bearbeiten\", um diesen Text zu \u00e4ndern. Lorem ipsum ...<\/p>\n<p class=\"read-more\"> <a class=\"\" href=\"https:\/\/websitedemos.net\/outdoor-adventure-02\/about\/\"> <span class=\"screen-reader-text\">\u00dcber<\/span> Mehr lesen \"<\/a><\/p>","protected":false},"author":1,"featured_media":0,"parent":0,"menu_order":0,"comment_status":"closed","ping_status":"closed","template":"elementor_header_footer","meta":{"footnotes":""},"class_list":["post-5714","page","type-page","status-publish","hentry"],"jetpack_sharing_enabled":true,"_links":{"self":[{"href":"https:\/\/urbex.direct\/de\/wp-json\/wp\/v2\/pages\/5714","targetHints":{"allow":["GET"]}}],"collection":[{"href":"https:\/\/urbex.direct\/de\/wp-json\/wp\/v2\/pages"}],"about":[{"href":"https:\/\/urbex.direct\/de\/wp-json\/wp\/v2\/types\/page"}],"author":[{"embeddable":true,"href":"https:\/\/urbex.direct\/de\/wp-json\/wp\/v2\/users\/1"}],"replies":[{"embeddable":true,"href":"https:\/\/urbex.direct\/de\/wp-json\/wp\/v2\/comments?post=5714"}],"version-history":[{"count":0,"href":"https:\/\/urbex.direct\/de\/wp-json\/wp\/v2\/pages\/5714\/revisions"}],"wp:attachment":[{"href":"https:\/\/urbex.direct\/de\/wp-json\/wp\/v2\/media?parent=5714"}],"curies":[{"name":"wp","href":"https:\/\/api.w.org\/{rel}","templated":true}]}}